{"id":16989,"date":"2022-06-24T09:56:58","date_gmt":"2022-06-24T13:56:58","guid":{"rendered":"https:\/\/caribbeancinemas.com\/?page_id=16989"},"modified":"2022-06-27T09:13:22","modified_gmt":"2022-06-27T13:13:22","slug":"","status":"publish","type":"page","link":"https:\/\/caribbeancinemas.com\/bolivia\/preventathorloveandthunder\/","title":{"rendered":"","raw":""},"content":{"rendered":"","protected":false,"raw":""},"excerpt":{"rendered":"","protected":false,"raw":""},"author":3,"featured_media":0,"parent":0,"menu_order":0,"comment_status":"closed","ping_status":"closed","template":"","meta":{"_es_post_content":"","_es_post_name":"","_es_post_excerpt":"","_es_post_title":"","_esrd_post_content":"","_esrd_post_name":"","_esrd_post_excerpt":"","_esrd_post_title":"","_enrd_post_content":"","_enrd_post_name":"","_enrd_post_excerpt":"","_enrd_post_title":"","_fanc_post_content":"","_fanc_post_name":"","_fanc_post_excerpt":"","_fanc_post_title":"","_antigua_en_post_content":"","_antigua_en_post_name":"","_antigua_en_post_excerpt":"","_antigua_en_post_title":"","_aruba_en_post_content":"","_aruba_en_post_name":"","_aruba_en_post_excerpt":"","_aruba_en_post_title":"","_guyana_en_post_content":"","_guyana_en_post_name":"","_guyana_en_post_excerpt":"","_guyana_en_post_title":"","_stcroix_en_post_content":"","_stcroix_en_post_name":"","_stcroix_en_post_excerpt":"","_stcroix_en_post_title":"","_stkitts_en_post_content":"","_stkitts_en_post_name":"","_stkitts_en_post_excerpt":"","_stkitts_en_post_title":"","_stlucia_en_post_content":"","_stlucia_en_post_name":"","_stlucia_en_post_excerpt":"","_stlucia_en_post_title":"","_stmaarten_en_post_content":"","_stmaarten_en_post_name":"","_stmaarten_en_post_excerpt":"","_stmaarten_en_post_title":"","_stthomas_en_post_content":"","_stthomas_en_post_name":"","_stthomas_en_post_excerpt":"","_stthomas_en_post_title":"","_trinidad_en_post_content":"","_trinidad_en_post_name":"","_trinidad_en_post_excerpt":"","_trinidad_en_post_title":"","_fr_post_content":"","_fr_post_name":"","_fr_post_excerpt":"","_fr_post_title":"","_arubaes_post_content":"","_arubaes_post_name":"","_arubaes_post_excerpt":"","_arubaes_post_title":"","_bolivia_post_content":"","_bolivia_post_name":"","_bolivia_post_excerpt":"","_bolivia_post_title":"","_curacao_post_content":"","_curacao_post_name":"","_curacao_post_excerpt":"","_curacao_post_title":"","_gt_post_content":"","_gt_post_name":"","_gt_post_excerpt":"","_gt_post_title":"","_panama_post_content":"","_panama_post_name":"","_panama_post_excerpt":"","_panama_post_title":"","_fineartsmiramar_post_content":"","_fineartsmiramar_post_name":"","_fineartsmiramar_post_excerpt":"","_fineartsmiramar_post_title":"","_fineartspopular_post_content":"","_fineartspopular_post_name":"","_fineartspopular_post_excerpt":"","_fineartspopular_post_title":"","_en_post_content":"<p style=\"text-align: center;\"><strong><a href=\"https:\/\/caribbeancinemas.com\/wp-content\/uploads\/2022\/06\/Banners_PreEstreno_1080x1080_Thor4_PreEstreno-6-de-Julio_Grupo.jpg\"><img class=\"wp-image-16990 size-full aligncenter\" src=\"https:\/\/caribbeancinemas.com\/wp-content\/uploads\/2022\/06\/Banners_PreEstreno_1080x1080_Thor4_PreEstreno-6-de-Julio_Grupo.jpg\" alt=\"\" width=\"1080\" height=\"1080\" \/><\/a>PREVENTA THOR: LOVE AND THUNDER\r\n<\/strong><\/p>\r\n<p style=\"text-align: center;\"><b>La preventa de Thor: Love and Thunder estar\u00e1 disponible inicialmente solo para socios de Cinem\u00e1s Club el 30 de junio de 2022 desde las 6:00am*.\r\n<\/b><b>\u00a0Si a\u00fan no eres miembro, hazlo ya accediendo: <a href=\"https:\/\/caribbeancinemas.com\/cinemasclub\">https:\/\/cinemasclub.com\/<\/a><\/b><\/p>\r\n<p style=\"text-align: center;\"><b>Preventa para todo p\u00fablico comenzar\u00e1 el viernes, 1 de julio a las 6:00am.<\/b><\/p>\r\n\r\n<h2 style=\"text-align: center;\"><strong><span style=\"color: #ff0000;\">Selecciona el cine para el cual deseas comprar boletos, inicia sesi\u00f3n en tu cuenta y cambia la fecha una vez accedas al cine:<\/span><\/strong><\/h2>\r\n&nbsp;\r\n<table>\r\n<tbody>\r\n<tr>\r\n<td style=\"text-align: center;\"><a href=\"https:\/\/caribbeanpay.com\/theaters\/plazacarolina\/\">PLAZA CAROLINA<\/a><\/td>\r\n<td style=\"text-align: center;\"><a href=\"https:\/\/caribbeanpay.com\/theaters\/montehiedra\/\">MONTEHIEDRA<\/a><\/td>\r\n<\/tr>\r\n<tr>\r\n<td style=\"text-align: center;\"><a href=\"https:\/\/caribbeanpay.com\/theaters\/distrito\/\">DISTRITO VIP CINEMAS<\/a><\/td>\r\n<td style=\"text-align: center;\"><a href=\"https:\/\/caribbeanpay.com\/theaters\/sanpatricio\/\">SAN PATRICIO VIP CINEMAS<\/a><\/td>\r\n<\/tr>\r\n<tr>\r\n<td style=\"text-align: center;\"><a href=\"https:\/\/caribbeanpay.com\/theaters\/plazalasamericas\/\">PLAZA LAS AM\u00c9RICAS<\/a><\/td>\r\n<td style=\"text-align: center;\"><a href=\"https:\/\/caribbeanpay.com\/theaters\/metro\/\">METRO<\/a><\/td>\r\n<\/tr>\r\n<tr>\r\n<td style=\"text-align: center;\"><a href=\"https:\/\/caribbeanpay.com\/theaters\/plazadelsol\/\">PLAZA DEL SOL<\/a><\/td>\r\n<td style=\"text-align: center;\"><a href=\"https:\/\/caribbeanpay.com\/theaters\/guaynabo\/\">PLAZA GUAYNABO<\/a><\/td>\r\n<\/tr>\r\n<tr>\r\n<td style=\"text-align: center;\"><a href=\"https:\/\/caribbeanpay.com\/theaters\/catalina\/\">LAS CATALINAS<\/a><\/td>\r\n<td style=\"text-align: center;\"><a href=\"https:\/\/caribbeanpay.com\/theaters\/laspiedras\/\">LAS PIEDRAS<\/a><\/td>\r\n<\/tr>\r\n<tr>\r\n<td style=\"text-align: center;\"><a href=\"https:\/\/caribbeanpay.com\/theaters\/outlet66\/\">THE OUTLET 66<\/a><\/td>\r\n<td style=\"text-align: center;\"><a href=\"https:\/\/caribbeanpay.com\/theaters\/fajardo\/\">FAJARDO<\/a><\/td>\r\n<\/tr>\r\n<tr>\r\n<td style=\"text-align: center;\"><a href=\"https:\/\/caribbeanpay.com\/theaters\/riohondo\/\">R\u00cdO HONDO<\/a><\/td>\r\n<td style=\"text-align: center;\"><a href=\"https:\/\/caribbeanpay.com\/theaters\/dorado\/\">DORADO<\/a><\/td>\r\n<\/tr>\r\n<tr>\r\n<td style=\"text-align: center;\"><a href=\"https:\/\/caribbeanpay.com\/theaters\/plazacaribe\/\">PLAZA DEL CARIBE<\/a><\/td>\r\n<td style=\"text-align: center;\"><a href=\"https:\/\/caribbeanpay.com\/theaters\/santaisabel\/\">SANTA ISABEL<\/a><\/td>\r\n<\/tr>\r\n<tr>\r\n<td style=\"text-align: center;\"><a href=\"https:\/\/caribbeanpay.com\/theaters\/barceloneta\/\">BARCELONETA<\/a><\/td>\r\n<td style=\"text-align: center;\"><a href=\"https:\/\/caribbeanpay.com\/theaters\/plazadelnorte\/\">PLAZA DEL NORTE<\/a><\/td>\r\n<\/tr>\r\n<tr>\r\n<td style=\"text-align: center;\"><a href=\"https:\/\/caribbeanpay.com\/theaters\/aguadilla\/\">AGUADILLA<\/a><\/td>\r\n<td style=\"text-align: center;\"><a href=\"https:\/\/caribbeanpay.com\/theaters\/westernplaza\/\">WESTERN PLAZA<\/a><\/td>\r\n<\/tr>\r\n<tr>\r\n<td style=\"text-align: center;\"><a href=\"https:\/\/caribbeanpay.com\/theaters\/arecibo\/\">ARECIBO<\/a><\/td>\r\n<td style=\"text-align: center;\"><a href=\"https:\/\/caribbeanpay.com\/theaters\/guayama\/\">GUAYAMA<\/a><\/td>\r\n<\/tr>\r\n<tr>\r\n<td style=\"text-align: center;\"><a href=\"https:\/\/caribbeanpay.com\/theaters\/escorial\/\">PLAZA ESCORIAL<\/a><\/td>\r\n<td style=\"text-align: center;\"><a href=\"https:\/\/caribbeanpay.com\/theaters\/plazaisabela\/\">PLAZA ISABELA<\/a><\/td>\r\n<\/tr>\r\n<tr>\r\n<td style=\"text-align: center;\"><a href=\"https:\/\/caribbeanpay.com\/theaters\/Poncetowne\/\">PONCE TOWNE<\/a><\/td>\r\n<td style=\"text-align: center;\"><a href=\"https:\/\/caribbeanpay.com\/theaters\/sangerman\/\">SAN GERM\u00c1N<\/a><\/td>\r\n<\/tr>\r\n<tr>\r\n<td style=\"text-align: center;\"><a href=\"https:\/\/caribbeanpay.com\/theaters\/vegaalta\/\">VEGA ALTA<\/a><\/td>\r\n<td style=\"text-align: center;\"><a href=\"https:\/\/caribbeanpay.com\/theaters\/cayey\/\">PLAZA CAYEY<\/a><\/td>\r\n<\/tr>\r\n<\/tbody>\r\n<\/table>\r\n*Una transacci\u00f3n por d\u00eda por socio, m\u00e1ximo 6 boletos.","_en_post_name":"preventathorloveandthunder","_en_post_excerpt":"","_en_post_title":"PREVENTA THOR: LOVE AND THUNDER","edit_language":"bolivia"},"yoast_head":"<!-- This site is optimized with the Yoast SEO plugin v16.2 - https:\/\/yoast.com\/wordpress\/plugins\/seo\/ -->\n<meta name=\"robots\" content=\"index, follow, max-snippet:-1, max-image-preview:large, max-video-preview:-1\" \/>\n<link rel=\"canonical\" href=\"https:\/\/caribbeancinemas.com\/preventathorloveandthunder\/\" \/>\n<meta property=\"og:locale\" content=\"en_US\" \/>\n<meta property=\"og:type\" content=\"article\" \/>\n<meta property=\"og:title\" content=\"PREVENTA THOR: LOVE AND THUNDER | Caribbean Cinemas\" \/>\n<meta property=\"og:description\" content=\"PREVENTA THOR: LOVE AND THUNDER La preventa de Thor: Love and Thunder estar\u00e1 disponible inicialmente solo para socios de Cinem\u00e1s Club el 30 de junio de 2022 desde las 6:00am*. \u00a0Si a\u00fan no eres miembro, hazlo ya accediendo: https:\/\/cinemasclub.com\/ Preventa para todo p\u00fablico comenzar\u00e1 el viernes, 1 de julio a las 6:00am. Selecciona el cine... Read more &raquo;\" \/>\n<meta property=\"og:url\" content=\"https:\/\/caribbeancinemas.com\/preventathorloveandthunder\/\" \/>\n<meta property=\"og:site_name\" content=\"Caribbean Cinemas\" \/>\n<meta property=\"article:publisher\" content=\"https:\/\/www.facebook.com\/caribbeancinemas\" \/>\n<meta property=\"article:modified_time\" content=\"2022-06-27T13:13:22+00:00\" \/>\n<meta property=\"og:image\" content=\"https:\/\/caribbeancinemas.com\/wp-content\/uploads\/2022\/06\/Banners_PreEstreno_1080x1080_Thor4_PreEstreno-6-de-Julio_Grupo.jpg\" \/>\n<meta name=\"twitter:card\" content=\"summary\" \/>\n<meta name=\"twitter:label1\" content=\"Est. reading time\">\n\t<meta name=\"twitter:data1\" content=\"1 minute\">\n<script type=\"application\/ld+json\" class=\"yoast-schema-graph\">{\"@context\":\"https:\/\/schema.org\",\"@graph\":[{\"@type\":\"WebSite\",\"@id\":\"https:\/\/caribbeancinemas.com\/#website\",\"url\":\"https:\/\/caribbeancinemas.com\/\",\"name\":\"Caribbean Cinemas\",\"description\":\"\",\"potentialAction\":[{\"@type\":\"SearchAction\",\"target\":\"https:\/\/caribbeancinemas.com\/?s={search_term_string}\",\"query-input\":\"required name=search_term_string\"}],\"inLanguage\":\"Bolivia\"},{\"@type\":\"ImageObject\",\"@id\":\"https:\/\/caribbeancinemas.com\/preventathorloveandthunder\/#primaryimage\",\"inLanguage\":\"Bolivia\",\"url\":\"https:\/\/caribbeancinemas.com\/wp-content\/uploads\/2022\/06\/Banners_PreEstreno_1080x1080_Thor4_PreEstreno-6-de-Julio_Grupo.jpg\",\"contentUrl\":\"https:\/\/caribbeancinemas.com\/wp-content\/uploads\/2022\/06\/Banners_PreEstreno_1080x1080_Thor4_PreEstreno-6-de-Julio_Grupo.jpg\",\"width\":1080,\"height\":1080},{\"@type\":\"WebPage\",\"@id\":\"https:\/\/caribbeancinemas.com\/preventathorloveandthunder\/#webpage\",\"url\":\"https:\/\/caribbeancinemas.com\/preventathorloveandthunder\/\",\"name\":\"PREVENTA THOR: LOVE AND THUNDER | Caribbean Cinemas\",\"isPartOf\":{\"@id\":\"https:\/\/caribbeancinemas.com\/#website\"},\"primaryImageOfPage\":{\"@id\":\"https:\/\/caribbeancinemas.com\/preventathorloveandthunder\/#primaryimage\"},\"datePublished\":\"2022-06-24T13:56:58+00:00\",\"dateModified\":\"2022-06-27T13:13:22+00:00\",\"breadcrumb\":{\"@id\":\"https:\/\/caribbeancinemas.com\/preventathorloveandthunder\/#breadcrumb\"},\"inLanguage\":\"Bolivia\",\"potentialAction\":[{\"@type\":\"ReadAction\",\"target\":[\"https:\/\/caribbeancinemas.com\/preventathorloveandthunder\/\"]}]},{\"@type\":\"BreadcrumbList\",\"@id\":\"https:\/\/caribbeancinemas.com\/preventathorloveandthunder\/#breadcrumb\",\"itemListElement\":[{\"@type\":\"ListItem\",\"position\":1,\"item\":{\"@type\":\"WebPage\",\"@id\":\"https:\/\/caribbeancinemas.com\/\",\"url\":\"https:\/\/caribbeancinemas.com\/\",\"name\":\"Home\"}},{\"@type\":\"ListItem\",\"position\":2,\"item\":{\"@id\":\"https:\/\/caribbeancinemas.com\/preventathorloveandthunder\/#webpage\"}}]}]}<\/script>\n<!-- \/ Yoast SEO plugin. -->","_links":{"self":[{"href":"https:\/\/caribbeancinemas.com\/bolivia\/wp-json\/wp\/v2\/pages\/16989"}],"collection":[{"href":"https:\/\/caribbeancinemas.com\/bolivia\/wp-json\/wp\/v2\/pages"}],"about":[{"href":"https:\/\/caribbeancinemas.com\/bolivia\/wp-json\/wp\/v2\/types\/page"}],"author":[{"embeddable":true,"href":"https:\/\/caribbeancinemas.com\/bolivia\/wp-json\/wp\/v2\/users\/3"}],"replies":[{"embeddable":true,"href":"https:\/\/caribbeancinemas.com\/bolivia\/wp-json\/wp\/v2\/comments?post=16989"}],"version-history":[{"count":4,"href":"https:\/\/caribbeancinemas.com\/bolivia\/wp-json\/wp\/v2\/pages\/16989\/revisions"}],"predecessor-version":[{"id":16998,"href":"https:\/\/caribbeancinemas.com\/bolivia\/wp-json\/wp\/v2\/pages\/16989\/revisions\/16998"}],"wp:attachment":[{"href":"https:\/\/caribbeancinemas.com\/bolivia\/wp-json\/wp\/v2\/media?parent=16989"}],"curies":[{"name":"wp","href":"https:\/\/api.w.org\/{rel}","templated":true}]}}