{"id":18301,"date":"2023-01-26T11:49:03","date_gmt":"2023-01-26T15:49:03","guid":{"rendered":"https:\/\/caribbeancinemas.com\/?page_id=18301"},"modified":"2024-02-07T12:29:20","modified_gmt":"2024-02-07T16:29:20","slug":"","status":"publish","type":"page","link":"https:\/\/caribbeancinemas.com\/bolivia\/lagrannochedelcine\/","title":{"rendered":"","raw":""},"content":{"rendered":"","protected":false,"raw":""},"excerpt":{"rendered":"","protected":false,"raw":""},"author":3,"featured_media":0,"parent":0,"menu_order":0,"comment_status":"closed","ping_status":"closed","template":"","meta":{"_es_post_content":"","_es_post_name":"","_es_post_excerpt":"","_es_post_title":"","_esrd_post_content":"","_esrd_post_name":"","_esrd_post_excerpt":"","_esrd_post_title":"","_enrd_post_content":"","_enrd_post_name":"","_enrd_post_excerpt":"","_enrd_post_title":"","_fanc_post_content":"","_fanc_post_name":"","_fanc_post_excerpt":"","_fanc_post_title":"","_antigua_en_post_content":"","_antigua_en_post_name":"","_antigua_en_post_excerpt":"","_antigua_en_post_title":"","_aruba_en_post_content":"","_aruba_en_post_name":"","_aruba_en_post_excerpt":"","_aruba_en_post_title":"","_guyana_en_post_content":"","_guyana_en_post_name":"","_guyana_en_post_excerpt":"","_guyana_en_post_title":"","_stcroix_en_post_content":"","_stcroix_en_post_name":"","_stcroix_en_post_excerpt":"","_stcroix_en_post_title":"","_stkitts_en_post_content":"","_stkitts_en_post_name":"","_stkitts_en_post_excerpt":"","_stkitts_en_post_title":"","_stlucia_en_post_content":"","_stlucia_en_post_name":"","_stlucia_en_post_excerpt":"","_stlucia_en_post_title":"","_stmaarten_en_post_content":"","_stmaarten_en_post_name":"","_stmaarten_en_post_excerpt":"","_stmaarten_en_post_title":"","_stthomas_en_post_content":"","_stthomas_en_post_name":"","_stthomas_en_post_excerpt":"","_stthomas_en_post_title":"","_trinidad_en_post_content":"","_trinidad_en_post_name":"","_trinidad_en_post_excerpt":"","_trinidad_en_post_title":"","_fr_post_content":"","_fr_post_name":"","_fr_post_excerpt":"","_fr_post_title":"","_arubaes_post_content":"","_arubaes_post_name":"","_arubaes_post_excerpt":"","_arubaes_post_title":"","_bolivia_post_content":"","_bolivia_post_name":"","_bolivia_post_excerpt":"","_bolivia_post_title":"","_curacao_post_content":"","_curacao_post_name":"","_curacao_post_excerpt":"","_curacao_post_title":"","_gt_post_content":"","_gt_post_name":"","_gt_post_excerpt":"","_gt_post_title":"","_panama_post_content":"","_panama_post_name":"","_panama_post_excerpt":"","_panama_post_title":"","_fineartsmiramar_post_content":"","_fineartsmiramar_post_name":"","_fineartsmiramar_post_excerpt":"","_fineartsmiramar_post_title":"","_fineartspopular_post_content":"","_fineartspopular_post_name":"","_fineartspopular_post_excerpt":"","_fineartspopular_post_title":"","_en_post_content":"<p style=\"text-align: justify;\"><span style=\"color: #ffffff;\"><strong>La Gran Noche del Cine es una gala ben\u00e9fica donde Caribbean Cinemas apoya cinco entidades, que invierten los fondos recaudados a trav\u00e9s de la venta de boletos, para mejorar sus facilidades, equipo y los servicios que le brindan a las poblaciones que cada una atiende. \u00a0El donativo de $150 le da acceso a la actividad que se llevar\u00e1 a cabo la noche de la entrega de los Premios de la Academia de Artes y Ciencias Cinematogr\u00e1ficas (Premios OSCAR).\u00a0 El evento incluye coctel, cena buffet durante toda la noche y la oportunidad de ver alguna de las pel\u00edculas nominadas para premios. Este a\u00f1o se celebra en Montehiedra Cinemas el domingo, 10 de marzo desde las 6:00pm. Las entidades que se benefician son: Hogar Cuna San Crist\u00f3bal, CODERI, YMCA de San Juan, La Fondita de Jes\u00fas y J\u00f3venes de Puerto Rico en Riesgo.<\/strong><\/span><\/p>\r\n<p style=\"text-align: justify;\"><span style=\"color: #ffffff;\"><strong>Agradecemos su inter\u00e9s en apoyar cualquiera de estas causas que tanta ayuda necesitan, al hacer su compra en l\u00ednea usted podr\u00e1 escoger la entidad de su preferencia o la opci\u00f3n gen\u00e9rica donde los fondos ser\u00e1n divididos en partes iguales entre las cuatro entidades.<\/strong><\/span><\/p>\r\n\r\n<h3 style=\"text-align: center;\"><a href=\"https:\/\/caribbeancinemas.com\/wp-content\/uploads\/2024\/02\/2880.jpg\"><img class=\"aligncenter wp-image-20691 size-large\" src=\"https:\/\/caribbeancinemas.com\/wp-content\/uploads\/2024\/02\/2880-691x1024.jpg\" alt=\"\" width=\"680\" height=\"1008\" \/><\/a>\r\nSelecciona la entidad que deseas apoyar:<\/h3>\r\n<table width=\"585\">\r\n<tbody>\r\n<tr>\r\n<td style=\"text-align: center;\" width=\"211\"><a style=\"cursor: pointer;\" onclick=\"ShowSelection('Fondita')\"><img class=\"alignnone wp-image-18320 size-thumbnail\" src=\"https:\/\/caribbeancinemas.com\/wp-content\/uploads\/2023\/01\/FDJ_round-01-150x150.png\" alt=\"\" width=\"150\" height=\"150\" \/><\/a><\/td>\r\n<td style=\"text-align: center;\" width=\"211\"><a style=\"cursor: pointer;\" onclick=\"ShowSelection('Coderi')\"><img class=\"alignnone wp-image-18319 size-thumbnail\" src=\"https:\/\/caribbeancinemas.com\/wp-content\/uploads\/2023\/01\/CODERI_round-01-150x150.png\" alt=\"\" width=\"150\" height=\"150\" \/><\/a><\/td>\r\n<td style=\"text-align: center;\" width=\"211\"><a style=\"cursor: pointer;\" onclick=\"ShowSelection('YMCA')\"><img class=\"alignnone wp-image-18323 size-thumbnail\" src=\"https:\/\/caribbeancinemas.com\/wp-content\/uploads\/2023\/01\/YMCA_round-01-150x150.png\" alt=\"\" width=\"150\" height=\"150\" \/><\/a><\/td>\r\n<td style=\"text-align: center;\" width=\"211\"><a style=\"cursor: pointer;\" onclick=\"ShowSelection('Cuna')\"><img class=\"alignnone wp-image-18321 size-thumbnail\" src=\"https:\/\/caribbeancinemas.com\/wp-content\/uploads\/2023\/01\/HCSC_round-01-150x150.png\" alt=\"\" width=\"150\" height=\"150\" \/><\/a><\/td>\r\n<td style=\"text-align: center;\" width=\"211\"><a style=\"cursor: pointer;\" onclick=\"ShowSelection('Jovenes')\"><img class=\"alignnone wp-image-20695 size-thumbnail\" src=\"https:\/\/caribbeancinemas.com\/wp-content\/uploads\/2024\/02\/JPRR-02-150x150.png\" alt=\"\" width=\"150\" height=\"150\" \/><\/a><\/td>\r\n<td style=\"text-align: center;\" width=\"211\"><a style=\"cursor: pointer;\" onclick=\"ShowSelection('Todas')\"><img class=\"alignnone wp-image-20696 size-full\" src=\"https:\/\/caribbeancinemas.com\/wp-content\/uploads\/2024\/02\/todas2024.png\" alt=\"\" width=\"150\" height=\"150\" \/><\/a><\/td>\r\n<\/tr>\r\n<tr>\r\n<td style=\"text-align: center;\" width=\"211\"><a style=\"cursor: pointer;\" onclick=\"ShowSelection('Fondita')\">Fondita<\/a><\/td>\r\n<td style=\"text-align: center;\" width=\"211\"><a style=\"cursor: pointer;\" onclick=\"ShowSelection('Coderi')\">Coderi<\/a><\/td>\r\n<td style=\"text-align: center;\" width=\"211\"><a style=\"cursor: pointer;\" onclick=\"ShowSelection('YMCA')\">YMCA<\/a><\/td>\r\n<td style=\"text-align: center;\" width=\"211\"><a style=\"cursor: pointer;\" onclick=\"ShowSelection('Cuna')\">Hogar Cuna<\/a><\/td>\r\n<td style=\"text-align: center;\" width=\"211\"><a style=\"cursor: pointer;\" onclick=\"ShowSelection('Jovenes')\">J\u00f3venes de PR en Riesgo<\/a><\/td>\r\n<td style=\"text-align: center;\" width=\"211\"><a style=\"cursor: pointer;\" onclick=\"ShowSelection('Todas')\">Todas<\/a><\/td>\r\n<\/tr>\r\n<\/tbody>\r\n<\/table>","_en_post_name":"lagrannochedelcine","_en_post_excerpt":"","_en_post_title":"La Gran Noche del Cine","edit_language":"bolivia"},"yoast_head":"<!-- This site is optimized with the Yoast SEO plugin v16.2 - https:\/\/yoast.com\/wordpress\/plugins\/seo\/ -->\n<meta name=\"robots\" content=\"index, follow, max-snippet:-1, max-image-preview:large, max-video-preview:-1\" \/>\n<link rel=\"canonical\" href=\"https:\/\/caribbeancinemas.com\/lagrannochedelcine\/\" \/>\n<meta property=\"og:locale\" content=\"en_US\" \/>\n<meta property=\"og:type\" content=\"article\" \/>\n<meta property=\"og:title\" content=\"La Gran Noche del Cine | Caribbean Cinemas\" \/>\n<meta property=\"og:description\" content=\"La Gran Noche del Cine es una gala ben\u00e9fica donde Caribbean Cinemas apoya cinco entidades, que invierten los fondos recaudados a trav\u00e9s de la venta de boletos, para mejorar sus facilidades, equipo y los servicios que le brindan a las poblaciones que cada una atiende. \u00a0El donativo de $150 le da acceso a la actividad... Read more &raquo;\" \/>\n<meta property=\"og:url\" content=\"https:\/\/caribbeancinemas.com\/lagrannochedelcine\/\" \/>\n<meta property=\"og:site_name\" content=\"Caribbean Cinemas\" \/>\n<meta property=\"article:publisher\" content=\"https:\/\/www.facebook.com\/caribbeancinemas\" \/>\n<meta property=\"article:modified_time\" content=\"2024-02-07T16:29:20+00:00\" \/>\n<meta property=\"og:image\" content=\"https:\/\/caribbeancinemas.com\/wp-content\/uploads\/2024\/02\/2880-691x1024.jpg\" \/>\n<meta name=\"twitter:card\" content=\"summary\" \/>\n<meta name=\"twitter:label1\" content=\"Est. reading time\">\n\t<meta name=\"twitter:data1\" content=\"3 minutes\">\n<script type=\"application\/ld+json\" class=\"yoast-schema-graph\">{\"@context\":\"https:\/\/schema.org\",\"@graph\":[{\"@type\":\"WebSite\",\"@id\":\"https:\/\/caribbeancinemas.com\/#website\",\"url\":\"https:\/\/caribbeancinemas.com\/\",\"name\":\"Caribbean Cinemas\",\"description\":\"\",\"potentialAction\":[{\"@type\":\"SearchAction\",\"target\":\"https:\/\/caribbeancinemas.com\/?s={search_term_string}\",\"query-input\":\"required name=search_term_string\"}],\"inLanguage\":\"Bolivia\"},{\"@type\":\"ImageObject\",\"@id\":\"https:\/\/caribbeancinemas.com\/lagrannochedelcine\/#primaryimage\",\"inLanguage\":\"Bolivia\",\"url\":\"https:\/\/caribbeancinemas.com\/wp-content\/uploads\/2024\/02\/2880.jpg\",\"contentUrl\":\"https:\/\/caribbeancinemas.com\/wp-content\/uploads\/2024\/02\/2880.jpg\",\"width\":1080,\"height\":1600},{\"@type\":\"WebPage\",\"@id\":\"https:\/\/caribbeancinemas.com\/lagrannochedelcine\/#webpage\",\"url\":\"https:\/\/caribbeancinemas.com\/lagrannochedelcine\/\",\"name\":\"La Gran Noche del Cine | Caribbean Cinemas\",\"isPartOf\":{\"@id\":\"https:\/\/caribbeancinemas.com\/#website\"},\"primaryImageOfPage\":{\"@id\":\"https:\/\/caribbeancinemas.com\/lagrannochedelcine\/#primaryimage\"},\"datePublished\":\"2023-01-26T15:49:03+00:00\",\"dateModified\":\"2024-02-07T16:29:20+00:00\",\"breadcrumb\":{\"@id\":\"https:\/\/caribbeancinemas.com\/lagrannochedelcine\/#breadcrumb\"},\"inLanguage\":\"Bolivia\",\"potentialAction\":[{\"@type\":\"ReadAction\",\"target\":[\"https:\/\/caribbeancinemas.com\/lagrannochedelcine\/\"]}]},{\"@type\":\"BreadcrumbList\",\"@id\":\"https:\/\/caribbeancinemas.com\/lagrannochedelcine\/#breadcrumb\",\"itemListElement\":[{\"@type\":\"ListItem\",\"position\":1,\"item\":{\"@type\":\"WebPage\",\"@id\":\"https:\/\/caribbeancinemas.com\/\",\"url\":\"https:\/\/caribbeancinemas.com\/\",\"name\":\"Home\"}},{\"@type\":\"ListItem\",\"position\":2,\"item\":{\"@id\":\"https:\/\/caribbeancinemas.com\/lagrannochedelcine\/#webpage\"}}]}]}<\/script>\n<!-- \/ Yoast SEO plugin. -->","_links":{"self":[{"href":"https:\/\/caribbeancinemas.com\/bolivia\/wp-json\/wp\/v2\/pages\/18301"}],"collection":[{"href":"https:\/\/caribbeancinemas.com\/bolivia\/wp-json\/wp\/v2\/pages"}],"about":[{"href":"https:\/\/caribbeancinemas.com\/bolivia\/wp-json\/wp\/v2\/types\/page"}],"author":[{"embeddable":true,"href":"https:\/\/caribbeancinemas.com\/bolivia\/wp-json\/wp\/v2\/users\/3"}],"replies":[{"embeddable":true,"href":"https:\/\/caribbeancinemas.com\/bolivia\/wp-json\/wp\/v2\/comments?post=18301"}],"version-history":[{"count":44,"href":"https:\/\/caribbeancinemas.com\/bolivia\/wp-json\/wp\/v2\/pages\/18301\/revisions"}],"predecessor-version":[{"id":20712,"href":"https:\/\/caribbeancinemas.com\/bolivia\/wp-json\/wp\/v2\/pages\/18301\/revisions\/20712"}],"wp:attachment":[{"href":"https:\/\/caribbeancinemas.com\/bolivia\/wp-json\/wp\/v2\/media?parent=18301"}],"curies":[{"name":"wp","href":"https:\/\/api.w.org\/{rel}","templated":true}]}}