{"id":18447,"date":"2023-02-08T09:19:52","date_gmt":"2023-02-08T13:19:52","guid":{"rendered":"https:\/\/caribbeancinemas.com\/?page_id=18447"},"modified":"2024-04-05T09:51:33","modified_gmt":"2024-04-05T13:51:33","slug":"","status":"publish","type":"page","link":"https:\/\/caribbeancinemas.com\/curacao\/scespanol\/","title":{"rendered":"","raw":""},"content":{"rendered":"","protected":false,"raw":""},"excerpt":{"rendered":"","protected":false,"raw":""},"author":3,"featured_media":0,"parent":0,"menu_order":0,"comment_status":"closed","ping_status":"closed","template":"","meta":{"_es_post_content":"","_es_post_name":"","_es_post_excerpt":"","_es_post_title":"","_esrd_post_content":"","_esrd_post_name":"","_esrd_post_excerpt":"","_esrd_post_title":"","_enrd_post_content":"","_enrd_post_name":"","_enrd_post_excerpt":"","_enrd_post_title":"","_fanc_post_content":"","_fanc_post_name":"","_fanc_post_excerpt":"","_fanc_post_title":"","_antigua_en_post_content":"","_antigua_en_post_name":"","_antigua_en_post_excerpt":"","_antigua_en_post_title":"","_aruba_en_post_content":"","_aruba_en_post_name":"","_aruba_en_post_excerpt":"","_aruba_en_post_title":"","_guyana_en_post_content":"","_guyana_en_post_name":"","_guyana_en_post_excerpt":"","_guyana_en_post_title":"","_stcroix_en_post_content":"","_stcroix_en_post_name":"","_stcroix_en_post_excerpt":"","_stcroix_en_post_title":"","_stkitts_en_post_content":"","_stkitts_en_post_name":"","_stkitts_en_post_excerpt":"","_stkitts_en_post_title":"","_stlucia_en_post_content":"","_stlucia_en_post_name":"","_stlucia_en_post_excerpt":"","_stlucia_en_post_title":"","_stmaarten_en_post_content":"","_stmaarten_en_post_name":"","_stmaarten_en_post_excerpt":"","_stmaarten_en_post_title":"","_stthomas_en_post_content":"","_stthomas_en_post_name":"","_stthomas_en_post_excerpt":"","_stthomas_en_post_title":"","_trinidad_en_post_content":"","_trinidad_en_post_name":"","_trinidad_en_post_excerpt":"","_trinidad_en_post_title":"","_fr_post_content":"","_fr_post_name":"","_fr_post_excerpt":"","_fr_post_title":"","_arubaes_post_content":"","_arubaes_post_name":"","_arubaes_post_excerpt":"","_arubaes_post_title":"","_bolivia_post_content":"","_bolivia_post_name":"","_bolivia_post_excerpt":"","_bolivia_post_title":"","_curacao_post_content":"","_curacao_post_name":"","_curacao_post_excerpt":"","_curacao_post_title":"","_gt_post_content":"","_gt_post_name":"","_gt_post_excerpt":"","_gt_post_title":"","_panama_post_content":"","_panama_post_name":"","_panama_post_excerpt":"","_panama_post_title":"","_fineartsmiramar_post_content":"","_fineartsmiramar_post_name":"","_fineartsmiramar_post_excerpt":"","_fineartsmiramar_post_title":"","_fineartspopular_post_content":"","_fineartspopular_post_name":"","_fineartspopular_post_excerpt":"","_fineartspopular_post_title":"","_en_post_content":"<a href=\"https:\/\/caribbeancinemas.com\/wp-content\/uploads\/2024\/03\/Semana-Cine-Espanol-sin-logos.jpg\"><img class=\"alignnone wp-image-20991 size-full\" src=\"https:\/\/caribbeancinemas.com\/wp-content\/uploads\/2024\/03\/Semana-Cine-Espanol-sin-logos.jpg\" alt=\"\" width=\"1900\" height=\"600\" \/><\/a>\r\n<table width=\"585\">\r\n<tbody>\r\n<tr>\r\n<td style=\"text-align: center;\" width=\"375\">\r\n<h4><\/h4>\r\n<\/td>\r\n<td style=\"text-align: center;\" width=\"211\"><strong>Popular<\/strong><\/td>\r\n<td style=\"text-align: center;\" width=\"211\"><strong>Miramar<\/strong><\/td>\r\n<\/tr>\r\n<tr>\r\n<td style=\"text-align: center;\" width=\"375\">\r\n<h4><a href=\"https:\/\/caribbeancinemas.com\/movie\/9360\/\">Creatura<\/a><\/h4>\r\n<\/td>\r\n<td style=\"text-align: center;\" width=\"211\">martes 9<\/td>\r\n<td style=\"text-align: center;\" width=\"211\">jueves 4<\/td>\r\n<\/tr>\r\n<tr>\r\n<td style=\"text-align: center;\" width=\"375\">\r\n<h4><a href=\"https:\/\/caribbeancinemas.com\/movie\/9361\/\">Un Amor<\/a><\/h4>\r\n<\/td>\r\n<td style=\"text-align: center;\" width=\"211\">mi\u00e9rcoles 10<\/td>\r\n<td style=\"text-align: center;\" width=\"211\">lunes 8<\/td>\r\n<\/tr>\r\n<tr>\r\n<td style=\"text-align: center;\" width=\"375\">\r\n<h4><a href=\"https:\/\/caribbeancinemas.com\/movie\/9169\/\">Mari(dos)<\/a><\/h4>\r\n<\/td>\r\n<td style=\"text-align: center;\" width=\"211\">domingo 7<\/td>\r\n<td style=\"text-align: center;\" width=\"211\">s\u00e1bado 6<\/td>\r\n<\/tr>\r\n<tr>\r\n<td style=\"text-align: center;\" width=\"375\">\r\n<h4><a href=\"https:\/\/caribbeancinemas.com\/movie\/9362\/\">Cerrar los ojos<\/a><\/h4>\r\n<\/td>\r\n<td style=\"text-align: center;\" width=\"211\">jueves 4 y mi\u00e9rcoles 10<\/td>\r\n<td style=\"text-align: center;\" width=\"211\">martes 9<\/td>\r\n<\/tr>\r\n<tr>\r\n<td style=\"text-align: center;\" width=\"375\">\r\n<h4><a href=\"https:\/\/caribbeancinemas.com\/movie\/9363\/\">Robot Dreams<\/a><\/h4>\r\n<\/td>\r\n<td style=\"text-align: center;\" width=\"211\">domingo 7<\/td>\r\n<td style=\"text-align: center;\" width=\"211\">s\u00e1bado 6<\/td>\r\n<\/tr>\r\n<tr>\r\n<td style=\"text-align: center;\" width=\"375\">\r\n<h4><a href=\"https:\/\/caribbeancinemas.com\/movie\/9364\/\">Saben Aquell<\/a><\/h4>\r\n<\/td>\r\n<td style=\"text-align: center;\" width=\"211\">viernes 5<\/td>\r\n<td style=\"text-align: center;\" width=\"211\">mi\u00e9rcoles 10<\/td>\r\n<\/tr>\r\n<tr>\r\n<td style=\"text-align: center;\" width=\"375\">\r\n<h4><a href=\"https:\/\/caribbeancinemas.com\/movie\/9396\/\">Bajo Terapia<\/a><\/h4>\r\n<\/td>\r\n<td style=\"text-align: center;\" width=\"211\">s\u00e1bado 6<\/td>\r\n<td style=\"text-align: center;\" width=\"211\">domingo 7<\/td>\r\n<\/tr>\r\n<tr>\r\n<td style=\"text-align: center;\" width=\"375\">\r\n<h4><a href=\"https:\/\/caribbeancinemas.com\/movie\/9365\/\">Arde Madrid 1-4<\/a><\/h4>\r\n<\/td>\r\n<td style=\"text-align: center;\" width=\"211\">lunes 8<\/td>\r\n<td style=\"text-align: center;\" width=\"211\">viernes 5<\/td>\r\n<\/tr>\r\n<tr>\r\n<td style=\"text-align: center;\" width=\"375\">\r\n<h4><a href=\"https:\/\/caribbeancinemas.com\/movie\/9366\/\">Arde Madrid 5-8<\/a><\/h4>\r\n<\/td>\r\n<td style=\"text-align: center;\" width=\"211\">lunes 8<\/td>\r\n<td style=\"text-align: center;\" width=\"211\">viernes 5<\/td>\r\n<\/tr>\r\n<\/tbody>\r\n<\/table>","_en_post_name":"scespanol","_en_post_excerpt":"","_en_post_title":"Semana de Cine Espa\u00f1ol","edit_language":"curacao"},"yoast_head":"<!-- This site is optimized with the Yoast SEO plugin v16.2 - https:\/\/yoast.com\/wordpress\/plugins\/seo\/ -->\n<meta name=\"robots\" content=\"index, follow, max-snippet:-1, max-image-preview:large, max-video-preview:-1\" \/>\n<link rel=\"canonical\" href=\"https:\/\/caribbeancinemas.com\/scespanol\/\" \/>\n<meta property=\"og:locale\" content=\"en_US\" \/>\n<meta property=\"og:type\" content=\"article\" \/>\n<meta property=\"og:title\" content=\"Semana de Cine Espa\u00f1ol | Caribbean Cinemas\" \/>\n<meta property=\"og:description\" content=\"Popular Miramar Creatura martes 9 jueves 4 Un Amor mi\u00e9rcoles 10 lunes 8 Mari(dos) domingo 7 s\u00e1bado 6 Cerrar los ojos jueves 4 y mi\u00e9rcoles 10 martes 9 Robot Dreams domingo 7 s\u00e1bado 6 Saben Aquell viernes 5 mi\u00e9rcoles 10 Bajo Terapia s\u00e1bado 6 domingo 7 Arde Madrid 1-4 lunes 8 viernes 5 Arde Madrid... Read more &raquo;\" \/>\n<meta property=\"og:url\" content=\"https:\/\/caribbeancinemas.com\/scespanol\/\" \/>\n<meta property=\"og:site_name\" content=\"Caribbean Cinemas\" \/>\n<meta property=\"article:publisher\" content=\"https:\/\/www.facebook.com\/caribbeancinemas\" \/>\n<meta property=\"article:modified_time\" content=\"2024-04-05T13:51:33+00:00\" \/>\n<meta property=\"og:image\" content=\"https:\/\/caribbeancinemas.com\/wp-content\/uploads\/2024\/03\/Semana-Cine-Espanol-sin-logos.jpg\" \/>\n<meta name=\"twitter:card\" content=\"summary\" \/>\n<meta name=\"twitter:label1\" content=\"Est. reading time\">\n\t<meta name=\"twitter:data1\" content=\"1 minute\">\n<script type=\"application\/ld+json\" class=\"yoast-schema-graph\">{\"@context\":\"https:\/\/schema.org\",\"@graph\":[{\"@type\":\"WebSite\",\"@id\":\"https:\/\/caribbeancinemas.com\/#website\",\"url\":\"https:\/\/caribbeancinemas.com\/\",\"name\":\"Caribbean Cinemas\",\"description\":\"\",\"potentialAction\":[{\"@type\":\"SearchAction\",\"target\":\"https:\/\/caribbeancinemas.com\/?s={search_term_string}\",\"query-input\":\"required name=search_term_string\"}],\"inLanguage\":\"en-us\"},{\"@type\":\"ImageObject\",\"@id\":\"https:\/\/caribbeancinemas.com\/scespanol\/#primaryimage\",\"inLanguage\":\"en-us\",\"url\":\"https:\/\/caribbeancinemas.com\/wp-content\/uploads\/2024\/03\/Semana-Cine-Espanol-sin-logos.jpg\",\"contentUrl\":\"https:\/\/caribbeancinemas.com\/wp-content\/uploads\/2024\/03\/Semana-Cine-Espanol-sin-logos.jpg\",\"width\":1900,\"height\":600},{\"@type\":\"WebPage\",\"@id\":\"https:\/\/caribbeancinemas.com\/scespanol\/#webpage\",\"url\":\"https:\/\/caribbeancinemas.com\/scespanol\/\",\"name\":\"Semana de Cine Espa\\u00f1ol | Caribbean Cinemas\",\"isPartOf\":{\"@id\":\"https:\/\/caribbeancinemas.com\/#website\"},\"primaryImageOfPage\":{\"@id\":\"https:\/\/caribbeancinemas.com\/scespanol\/#primaryimage\"},\"datePublished\":\"2023-02-08T13:19:52+00:00\",\"dateModified\":\"2024-04-05T13:51:33+00:00\",\"breadcrumb\":{\"@id\":\"https:\/\/caribbeancinemas.com\/scespanol\/#breadcrumb\"},\"inLanguage\":\"en-us\",\"potentialAction\":[{\"@type\":\"ReadAction\",\"target\":[\"https:\/\/caribbeancinemas.com\/scespanol\/\"]}]},{\"@type\":\"BreadcrumbList\",\"@id\":\"https:\/\/caribbeancinemas.com\/scespanol\/#breadcrumb\",\"itemListElement\":[{\"@type\":\"ListItem\",\"position\":1,\"item\":{\"@type\":\"WebPage\",\"@id\":\"https:\/\/caribbeancinemas.com\/\",\"url\":\"https:\/\/caribbeancinemas.com\/\",\"name\":\"Home\"}},{\"@type\":\"ListItem\",\"position\":2,\"item\":{\"@id\":\"https:\/\/caribbeancinemas.com\/scespanol\/#webpage\"}}]}]}<\/script>\n<!-- \/ Yoast SEO plugin. -->","_links":{"self":[{"href":"https:\/\/caribbeancinemas.com\/curacao\/wp-json\/wp\/v2\/pages\/18447"}],"collection":[{"href":"https:\/\/caribbeancinemas.com\/curacao\/wp-json\/wp\/v2\/pages"}],"about":[{"href":"https:\/\/caribbeancinemas.com\/curacao\/wp-json\/wp\/v2\/types\/page"}],"author":[{"embeddable":true,"href":"https:\/\/caribbeancinemas.com\/curacao\/wp-json\/wp\/v2\/users\/3"}],"replies":[{"embeddable":true,"href":"https:\/\/caribbeancinemas.com\/curacao\/wp-json\/wp\/v2\/comments?post=18447"}],"version-history":[{"count":8,"href":"https:\/\/caribbeancinemas.com\/curacao\/wp-json\/wp\/v2\/pages\/18447\/revisions"}],"predecessor-version":[{"id":21095,"href":"https:\/\/caribbeancinemas.com\/curacao\/wp-json\/wp\/v2\/pages\/18447\/revisions\/21095"}],"wp:attachment":[{"href":"https:\/\/caribbeancinemas.com\/curacao\/wp-json\/wp\/v2\/media?parent=18447"}],"curies":[{"name":"wp","href":"https:\/\/api.w.org\/{rel}","templated":true}]}}