{"id":2577,"date":"2016-05-20T12:07:45","date_gmt":"2016-05-20T12:07:45","guid":{"rendered":"http:\/\/caribbeancinemas.com\/?page_id=2577"},"modified":"2024-03-19T09:41:01","modified_gmt":"2024-03-19T13:41:01","slug":"rentals","status":"publish","type":"page","link":"https:\/\/caribbeancinemas.com\/curacao\/rentals\/","title":{"rendered":"","raw":""},"content":{"rendered":"<h2 class=\"sliderTitle\"><\/h2>\n<table border=\"0\" cellspacing=\"0\" cellpadding=\"0\">\n<tbody>\n<tr>\n<td width=\"589\">\n<table style=\"color: white; background-color: black;\" border=\"0\" cellspacing=\"0\" cellpadding=\"0\">\n<tbody>\n<tr>\n<td class=\"subtitulosII\">Our theatres are available for Private Activities.<\/td>\n<\/tr>\n<tr>\n<td>\n<p align=\"justify\">Caribbean Cinemas offers your company or group of friends the opportunity to enjoy our facilities for your next reunion or activity. At Caribbean Cinemas you will enjoy an ideal ambience at moderate prices. You&#8217;ll have convenient and comfortable big screen facilities of our theatres for your presentations or private screenings.<\/p>\n<p>&nbsp;<\/td>\n<\/tr>\n<tr>\n<td>If you would like information about rentals or private activities on Caribbean Cinemas, please contact: <a href=\"mailto:adswithus@caribbeancinemas.com\">adswithus@caribbeancinemas.com<\/a><\/p>\n<p>&nbsp;<\/p>\n<p>&nbsp;<\/td>\n<\/tr>\n<\/tbody>\n<\/table>\n<\/td>\n<\/tr>\n<\/tbody>\n<\/table>\n<hr \/>\n<p>&nbsp;<\/p>\n","protected":false,"raw":"<h2 class=\"sliderTitle\"><\/h2>\r\n<table border=\"0\" cellspacing=\"0\" cellpadding=\"0\">\r\n<tbody>\r\n<tr>\r\n<td width=\"589\">\r\n<table style=\"color: white; background-color: black;\" border=\"0\" cellspacing=\"0\" cellpadding=\"0\">\r\n<tbody>\r\n<tr>\r\n<td class=\"subtitulosII\">Our theatres are available for Private Activities.<\/td>\r\n<\/tr>\r\n<tr>\r\n<td>\r\n<p align=\"justify\">Caribbean Cinemas offers your company or group of friends the opportunity to enjoy our facilities for your next reunion or activity. At Caribbean Cinemas you will enjoy an ideal ambience at moderate prices. You'll have convenient and comfortable big screen facilities of our theatres for your presentations or private screenings.<\/p>\r\n&nbsp;<\/td>\r\n<\/tr>\r\n<tr>\r\n<td>If you would like information about rentals or private activities on Caribbean Cinemas, please contact: <a href=\"mailto:adswithus@caribbeancinemas.com\">adswithus@caribbeancinemas.com<\/a>\r\n\r\n&nbsp;\r\n\r\n&nbsp;<\/td>\r\n<\/tr>\r\n<\/tbody>\r\n<\/table>\r\n<\/td>\r\n<\/tr>\r\n<\/tbody>\r\n<\/table>\r\n\r\n<hr \/>\r\n\r\n&nbsp;"},"excerpt":{"rendered":"","protected":false,"raw":""},"author":1,"featured_media":0,"parent":0,"menu_order":0,"comment_status":"closed","ping_status":"closed","template":"","meta":{"_es_post_content":"","_es_post_name":"rentals","_es_post_excerpt":"","_es_post_title":"","_esrd_post_content":"","_esrd_post_name":"rentals","_esrd_post_excerpt":"","_esrd_post_title":"","_enrd_post_content":"","_enrd_post_name":"rentals","_enrd_post_excerpt":"","_enrd_post_title":"","_fanc_post_content":"","_fanc_post_name":"rentals","_fanc_post_excerpt":"","_fanc_post_title":"","_antigua_en_post_content":"<table border=\"0\" cellspacing=\"0\" cellpadding=\"0\" style=\"background-color:000\">\r\n<tbody>\r\n<tr>\r\n<td class=\"subtitulosII\"><h5 style=\"color:#FFF\">Our theatres are available for Private Activities.<\/h5><\/td>\r\n<\/tr>\r\n<tr>\r\n<td>\r\n<p align=\"justify\"><h6 style=\"color:#FFF\">Caribbean Cinemas offers your company or group of friends the opportunity to enjoy our facilities for your next reunion or activity. At Caribbean Cinemas you will enjoy an ideal ambience at moderate prices. You'll have convenient and comfortable big screen facilities of our theatres for your presentations or private screenings.<\/p>\r\nFor dates and tariffs call 787-727-7137 ext 289<\/h6><\/td>\r\n<\/tr>\r\n<tr>\r\n<td><h6 style=\"color:#FFF\">If you would like information about rentals or private activities on Caribbean Cinemas, please contact:\r\n<a href=\"mailto:islandsmarketing@caribbeancinemas.com\">islandsmarketing@caribbeancinemas.com<\/h6><\/a><\/td>\r\n<\/tr>\r\n<\/tbody>\r\n<\/table>","_antigua_en_post_name":"rentals","_antigua_en_post_excerpt":"","_antigua_en_post_title":"","_aruba_en_post_content":"<table border=\"0\" cellspacing=\"0\" cellpadding=\"0\" style=\"background-color:000\">\r\n<tbody>\r\n<tr>\r\n<td class=\"subtitulosII\"><h5 style=\"color:#FFF\">Our theatres are available for Private Activities.<\/h5><\/td>\r\n<\/tr>\r\n<tr>\r\n<td>\r\n<p align=\"justify\"><h6 style=\"color:#FFF\">Caribbean Cinemas offers your company or group of friends the opportunity to enjoy our facilities for your next reunion or activity. At Caribbean Cinemas you will enjoy an ideal ambience at moderate prices. You'll have convenient and comfortable big screen facilities of our theatres for your presentations or private screenings.<\/p>\r\nFor dates and tariffs call 787-727-7137 ext 289<\/h6><\/td>\r\n<\/tr>\r\n<tr>\r\n<td><h6 style=\"color:#FFF\">If you would like information about rentals or private activities on Caribbean Cinemas, please contact:\r\n<a href=\"mailto:islandsmarketing@caribbeancinemas.com\">islandsmarketing@caribbeancinemas.com<\/h6><\/a><\/td>\r\n<\/tr>\r\n<\/tbody>\r\n<\/table>","_aruba_en_post_name":"rentals","_aruba_en_post_excerpt":"","_aruba_en_post_title":"","_guyana_en_post_content":"<table border=\"0\" cellspacing=\"0\" cellpadding=\"0\" style=\"background-color:000\">\r\n<tbody>\r\n<tr>\r\n<td class=\"subtitulosII\"><h5 style=\"color:#FFF\">Our theatres are available for Private Activities.<\/h5><\/td>\r\n<\/tr>\r\n<tr>\r\n<td>\r\n<p align=\"justify\"><h6 style=\"color:#FFF\">Caribbean Cinemas offers your company or group of friends the opportunity to enjoy our facilities for your next reunion or activity. At Caribbean Cinemas you will enjoy an ideal ambience at moderate prices. You'll have convenient and comfortable big screen facilities of our theatres for your presentations or private screenings.<\/p>\r\nFor dates and tariffs call 787-727-7137 ext 289<\/h6><\/td>\r\n<\/tr>\r\n<tr>\r\n<td><h6 style=\"color:#FFF\">If you would like information about rentals or private activities on Caribbean Cinemas, please contact:\r\n<a href=\"mailto:islandsmarketing@caribbeancinemas.com\">islandsmarketing@caribbeancinemas.com<\/h6><\/a><\/td>\r\n<\/tr>\r\n<\/tbody>\r\n<\/table>","_guyana_en_post_name":"rentals","_guyana_en_post_excerpt":"","_guyana_en_post_title":"","_stcroix_en_post_content":"<table border=\"0\" cellspacing=\"0\" cellpadding=\"0\" style=\"background-color:000\">\r\n<tbody>\r\n<tr>\r\n<td class=\"subtitulosII\"><h5 style=\"color:#FFF\">Our theatres are available for Private Activities.<\/h5><\/td>\r\n<\/tr>\r\n<tr>\r\n<td>\r\n<p align=\"justify\"><h6 style=\"color:#FFF\">Caribbean Cinemas offers your company or group of friends the opportunity to enjoy our facilities for your next reunion or activity. At Caribbean Cinemas you will enjoy an ideal ambience at moderate prices. You'll have convenient and comfortable big screen facilities of our theatres for your presentations or private screenings.<\/p>\r\nFor dates and tariffs call 787-727-7137 ext 289<\/h6><\/td>\r\n<\/tr>\r\n<tr>\r\n<td><h6 style=\"color:#FFF\">If you would like information about rentals or private activities on Caribbean Cinemas, please contact:\r\n<a href=\"mailto:islandsmarketing@caribbeancinemas.com\">islandsmarketing@caribbeancinemas.com<\/h6><\/a><\/td>\r\n<\/tr>\r\n<\/tbody>\r\n<\/table>","_stcroix_en_post_name":"rentals","_stcroix_en_post_excerpt":"","_stcroix_en_post_title":"","_stkitts_en_post_content":"<table border=\"0\" cellspacing=\"0\" cellpadding=\"0\" style=\"background-color:000\">\r\n<tbody>\r\n<tr>\r\n<td class=\"subtitulosII\"><h5 style=\"color:#FFF\">Our theatres are available for Private Activities.<\/h5><\/td>\r\n<\/tr>\r\n<tr>\r\n<td>\r\n<p align=\"justify\"><h6 style=\"color:#FFF\">Caribbean Cinemas offers your company or group of friends the opportunity to enjoy our facilities for your next reunion or activity. At Caribbean Cinemas you will enjoy an ideal ambience at moderate prices. You'll have convenient and comfortable big screen facilities of our theatres for your presentations or private screenings.<\/p>\r\nFor dates and tariffs call 787-727-7137 ext 289<\/h6><\/td>\r\n<\/tr>\r\n<tr>\r\n<td><h6 style=\"color:#FFF\">If you would like information about rentals or private activities on Caribbean Cinemas, please contact:\r\n<a href=\"mailto:islandsmarketing@caribbeancinemas.com\">islandsmarketing@caribbeancinemas.com<\/a><\/h6><\/td>\r\n<\/tr>\r\n<\/tbody>\r\n<\/table>","_stkitts_en_post_name":"rentals","_stkitts_en_post_excerpt":"","_stkitts_en_post_title":"","_stlucia_en_post_content":"<table border=\"0\" cellspacing=\"0\" cellpadding=\"0\" style=\"background-color:000\">\r\n<tbody>\r\n<tr>\r\n<td class=\"subtitulosII\"><h5 style=\"color:#FFF\">Our theatres are available for Private Activities.<\/h5><\/td>\r\n<\/tr>\r\n<tr>\r\n<td>\r\n<p align=\"justify\"><h6 style=\"color:#FFF\">Caribbean Cinemas offers your company or group of friends the opportunity to enjoy our facilities for your next reunion or activity. At Caribbean Cinemas you will enjoy an ideal ambience at moderate prices. You'll have convenient and comfortable big screen facilities of our theatres for your presentations or private screenings.<\/p>\r\nFor dates and tariffs call 787-727-7137 ext 289<\/h6><\/td>\r\n<\/tr>\r\n<tr>\r\n<td><h6 style=\"color:#FFF\">If you would like information about rentals or private activities on Caribbean Cinemas, please contact:\r\n<a href=\"mailto:islandsmarketing@caribbeancinemas.com\">islandsmarketing@caribbeancinemas.com<\/a><\/h6><\/td>\r\n<\/tr>\r\n<\/tbody>\r\n<\/table>","_stlucia_en_post_name":"rentals","_stlucia_en_post_excerpt":"","_stlucia_en_post_title":"","_stmaarten_en_post_content":"<table border=\"0\" cellspacing=\"0\" cellpadding=\"0\" style=\"background-color:000\">\r\n<tbody>\r\n<tr>\r\n<td class=\"subtitulosII\"><h5 style=\"color:#FFF\">Our theatres are available for Private Activities.<\/h5><\/td>\r\n<\/tr>\r\n<tr>\r\n<td>\r\n<p align=\"justify\"><h6 style=\"color:#FFF\">Caribbean Cinemas offers your company or group of friends the opportunity to enjoy our facilities for your next reunion or activity. At Caribbean Cinemas you will enjoy an ideal ambience at moderate prices. You'll have convenient and comfortable big screen facilities of our theatres for your presentations or private screenings.<\/p>\r\nFor dates and tariffs call 787-727-7137 ext 289<\/h6><\/td>\r\n<\/tr>\r\n<tr>\r\n<td><h6 style=\"color:#FFF\">If you would like information about rentals or private activities on Caribbean Cinemas, please contact:\r\n<a href=\"mailto:islandsmarketing@caribbeancinemas.com\">islandsmarketing@caribbeancinemas.com<\/a><\/h6><\/td>\r\n<\/tr>\r\n<\/tbody>\r\n<\/table>","_stmaarten_en_post_name":"rentals","_stmaarten_en_post_excerpt":"","_stmaarten_en_post_title":"","_stthomas_en_post_content":"<table border=\"0\" cellspacing=\"0\" cellpadding=\"0\" style=\"background-color:000\">\r\n<tbody>\r\n<tr>\r\n<td class=\"subtitulosII\"><h5 style=\"color:#FFF\">Our theatres are available for Private Activities.<\/h5><\/td>\r\n<\/tr>\r\n<tr>\r\n<td>\r\n<p align=\"justify\"><h6 style=\"color:#FFF\">Caribbean Cinemas offers your company or group of friends the opportunity to enjoy our facilities for your next reunion or activity. At Caribbean Cinemas you will enjoy an ideal ambience at moderate prices. You'll have convenient and comfortable big screen facilities of our theatres for your presentations or private screenings.<\/p>\r\nFor dates and tariffs call 787-727-7137 ext 289<\/h6><\/td>\r\n<\/tr>\r\n<tr>\r\n<td><h6 style=\"color:#FFF\">If you would like information about rentals or private activities on Caribbean Cinemas, please contact:\r\n<a href=\"mailto:islandsmarketing@caribbeancinemas.com\">islandsmarketing@caribbeancinemas.com<\/a><\/h6><\/td>\r\n<\/tr>\r\n<\/tbody>\r\n<\/table>","_stthomas_en_post_name":"rentals","_stthomas_en_post_excerpt":"","_stthomas_en_post_title":"","_trinidad_en_post_content":"<table border=\"0\" cellspacing=\"0\" cellpadding=\"0\" style=\"background-color:000\">\r\n<tbody>\r\n<tr>\r\n<td class=\"subtitulosII\"><h5 style=\"color:#FFF\">Our theatres are available for Private Activities.<\/h5><\/td>\r\n<\/tr>\r\n<tr>\r\n<td>\r\n<p align=\"justify\"><h6 style=\"color:#FFF\">Caribbean Cinemas offers your company or group of friends the opportunity to enjoy our facilities for your next reunion or activity. At Caribbean Cinemas you will enjoy an ideal ambience at moderate prices. You'll have convenient and comfortable big screen facilities of our theatres for your presentations or private screenings.<\/p>\r\nFor dates and tariffs call 787-727-7137 ext 289<\/h6><\/td>\r\n<\/tr>\r\n<tr>\r\n<td><h6 style=\"color:#FFF\">If you would like information about rentals or private activities on Caribbean Cinemas, please contact:\r\n<a href=\"mailto:islandsmarketing@caribbeancinemas.com\">islandsmarketing@caribbeancinemas.com<\/h6><\/a><\/td>\r\n<\/tr>\r\n<\/tbody>\r\n<\/table>","_trinidad_en_post_name":"rentals","_trinidad_en_post_excerpt":"","_trinidad_en_post_title":"","_fr_post_content":"<h2 class=\"sliderTitle\"><\/h2>\r\n<table border=\"0\" cellspacing=\"0\" cellpadding=\"0\">\r\n<tbody>\r\n<tr>\r\n<td width=\"589\">\r\n<table border=\"0\" cellspacing=\"0\" cellpadding=\"0\">\r\n<tbody>\r\n<tr>\r\n<td class=\"subtitulosII\">Nos cin\u00e9mas sont disponibles pour des Activit\u00e9s Priv\u00e9es.<\/td>\r\n<\/tr>\r\n<tr>\r\n<td>\r\n<p align=\"justify\">Caribbean Cinemas offre \u00e0 votre entreprise ou votre groupe d'amis l'opportunit\u00e9 de profit\u00e9 de notre structure pour vos prochaines reunions ou activit\u00e9s. Chez Caribbean Cinemas \u00a0vous serez enchant\u00e9 par l\"ambiance \u00e0 prix mod\u00e9r\u00e9. Vous \u00a0aurez le plaisir et le comfort de nos grands \u00e9crans pour vos pr\u00e9sentations et vos projections priv\u00e9s.<\/p>\r\nPour les date et les tarifs contactez: +1\u00a0<a href=\"tel:(787)%20727-7137\">787-727-7137 ext 289<\/a>.<\/td>\r\n<\/tr>\r\n<tr>\r\n<td>Si vous souhaitez des informations \u00a0\u00e0 propos des locations ou des activit\u00e9s priv\u00e9es au sein de Caribbean Cinemas, veuillez contacter: <a href=\"mailto:islandsmarketing@caribbeancinemas.com\">islandsmarketing@caribbeancinemas.com<\/a>\r\n\r\n&nbsp;<\/td>\r\n<\/tr>\r\n<\/tbody>\r\n<\/table>\r\n<\/td>\r\n<\/tr>\r\n<\/tbody>\r\n<\/table>","_fr_post_name":"locations","_fr_post_excerpt":"","_fr_post_title":"Locations","_arubaes_post_content":"","_arubaes_post_name":"rentals","_arubaes_post_excerpt":"","_arubaes_post_title":"","_bolivia_post_content":"","_bolivia_post_name":"rentals","_bolivia_post_excerpt":"","_bolivia_post_title":"","_curacao_post_content":"<h2 class=\"sliderTitle\"><\/h2>\r\n<table border=\"0\" cellspacing=\"0\" cellpadding=\"0\">\r\n<tbody>\r\n<tr>\r\n<td width=\"589\">\r\n<table style=\"color: white; background-color: black;\" border=\"0\" cellspacing=\"0\" cellpadding=\"0\">\r\n<tbody>\r\n<tr>\r\n<td class=\"subtitulosII\">Our theatres are available for Private Activities.<\/td>\r\n<\/tr>\r\n<tr>\r\n<td>\r\n<p align=\"justify\">Caribbean Cinemas offers your company or group of friends the opportunity to enjoy our facilities for your next reunion or activity. At Caribbean Cinemas you will enjoy an ideal ambience at moderate prices. You'll have convenient and comfortable big screen facilities of our theatres for your presentations or private screenings.<\/p>\r\n&nbsp;<\/td>\r\n<\/tr>\r\n<tr>\r\n<td>If you would like information about rentals or private activities on Caribbean Cinemas, please contact: <a href=\"mailto:adswithus@caribbeancinemas.com\">adswithus@caribbeancinemas.com<\/a>\r\n\r\n&nbsp;\r\n\r\n&nbsp;<\/td>\r\n<\/tr>\r\n<\/tbody>\r\n<\/table>\r\n<\/td>\r\n<\/tr>\r\n<\/tbody>\r\n<\/table>\r\n\r\n<hr \/>\r\n\r\n&nbsp;","_curacao_post_name":"rentals","_curacao_post_excerpt":"","_curacao_post_title":"","_gt_post_content":"<h2 class=\"sliderTitle\"><\/h2>\r\n<table border=\"0\" cellspacing=\"0\" cellpadding=\"0\">\r\n<tbody>\r\n<tr>\r\n<td width=\"589\">\r\n<table style=\"color: white; background-color: black;\" border=\"0\" cellspacing=\"0\" cellpadding=\"0\">\r\n<tbody>\r\n<tr>\r\n<td class=\"subtitulosII\">Nuestros cines est\u00e1n disponibles para eventos privados.<\/td>\r\n<\/tr>\r\n<tr>\r\n<td>\r\n<p align=\"justify\">Cinestar le ofrece a tu compa\u00f1\u00eda o a tu grupo de amigos la oportunidad de disfrutar de nuestras salas para su pr\u00f3xima reuni\u00f3n o actividad. En Cinestar encontrar\u00e1s el ambiente ideal a precios m\u00f3dicos. Disfrutar\u00e1s de nuestras convenientes y enormes pantallas gigantes para su presentaci\u00f3n o evento privado.<\/p>\r\n<\/td>\r\n<\/tr>\r\n<tr>\r\n<td>Para informaci\u00f3n adicional env\u00ede correo a: <a href=\"mailto:marketing@cinestar.com.gt\">marketing@cinestar.com.gt<\/a><\/td>\r\n<\/tr>\r\n<\/tbody>\r\n<\/table>\r\n<\/td>\r\n<\/tr>\r\n<\/tbody>\r\n<\/table>\r\n\r\n<hr \/>\r\n\r\n&nbsp;","_gt_post_name":"rentals","_gt_post_excerpt":"","_gt_post_title":"","_panama_post_content":"<h6 style=\"color:FFFFFF\"><p style=\"text-align: center;\">Nuestros cines est\u00e1n disponibles para celebrar su actividad privada.<\/p>\r\n<p style=\"text-align: center;\">Caribbean Cinemas le ofrece a tu compa\u00f1\u00eda o grupo de amigos la oportunidad de disfrutar nuestros complejos\u00a0para su pr\u00f3xima\u00a0reuni\u00f3n o actividad. En Caribbean Cinemas disfrutar\u00e1 del ambiente ideal a buen precio. Con salas c\u00f3modas y convenientes pantallas gigantes para sus presentaciones o actividades privadas.<\/p>\r\n<p style=\"text-align: center;\">Para disponibilidad o cotizaci\u00f3n comun\u00edquese al\u00a0787-727-7137 ext. 289 o a trav\u00e9s de correo electr\u00f3nico <a href=\"mailto:nalsina@caribbeancinemas.com\">nalsina@caribbeancinemas.com<\/a>.<\/p><\/h6>\r\n\r\n\r\n<hr \/>","_panama_post_name":"alquiler","_panama_post_excerpt":"","_panama_post_title":"ALQUILER","_fineartsmiramar_post_content":"","_fineartsmiramar_post_name":"","_fineartsmiramar_post_excerpt":"","_fineartsmiramar_post_title":"","_fineartspopular_post_content":"","_fineartspopular_post_name":"rentals","_fineartspopular_post_excerpt":"","_fineartspopular_post_title":"","_en_post_content":"<h2 class=\"sliderTitle\"><\/h2>\r\n<table border=\"0\" cellspacing=\"0\" cellpadding=\"0\">\r\n<tbody>\r\n<tr>\r\n<td width=\"589\">\r\n<table style=\"color: white; background-color: black;\" border=\"0\" cellspacing=\"0\" cellpadding=\"0\">\r\n<tbody>\r\n<tr>\r\n<td class=\"subtitulosII\">Our theatres are available for Private Activities.<\/td>\r\n<\/tr>\r\n<tr>\r\n<td>\r\n<p align=\"justify\">Caribbean Cinemas offers your company or group of friends the opportunity to enjoy our facilities for your next reunion or activity. At Caribbean Cinemas you will enjoy an ideal ambience at moderate prices. You'll have convenient and comfortable big screen facilities of our theatres for your presentations or private screenings.<\/p>\r\nFor dates and rates call 787-727-7137.<\/td>\r\n<\/tr>\r\n<tr>\r\n<td>If you would like information about rentals or private activities on Caribbean Cinemas, please contact: <a href=\"mailto:eventos@caribbeancinemas.com\">eventos@caribbeancinemas.com<\/a>\r\n\r\n&nbsp;\r\n\r\nFor opportunities in the English speaking Caribbean Islands and Guyana, call <strong>787-727-7137 ext. 289<\/strong>\u00a0or contact us via e-mail at <a href=\"mailto:islandsmarketing@caribbeancinemas.com\">islandsmarketing@caribbeancinemas.com<\/a><\/td>\r\n<\/tr>\r\n<\/tbody>\r\n<\/table>\r\n<\/td>\r\n<\/tr>\r\n<\/tbody>\r\n<\/table>\r\n\r\n<hr \/>\r\n\r\n&nbsp;","_en_post_name":"rentals","_en_post_excerpt":"","_en_post_title":"RENTALS","edit_language":"curacao"},"yoast_head":"<!-- This site is optimized with the Yoast SEO plugin v16.2 - https:\/\/yoast.com\/wordpress\/plugins\/seo\/ -->\n<meta name=\"robots\" content=\"index, follow, max-snippet:-1, max-image-preview:large, max-video-preview:-1\" \/>\n<link rel=\"canonical\" href=\"https:\/\/caribbeancinemas.com\/gt\/rentals\/\" \/>\n<meta property=\"og:locale\" content=\"en_US\" \/>\n<meta property=\"og:type\" content=\"article\" \/>\n<meta property=\"og:title\" content=\"RENTALS | Caribbean Cinemas\" \/>\n<meta property=\"og:description\" content=\"Our theatres are available for Private Activities. Caribbean Cinemas offers your company or group of friends the opportunity to enjoy our facilities for your next reunion or activity. At Caribbean Cinemas you will enjoy an ideal ambience at moderate prices. You&#8217;ll have convenient and comfortable big screen facilities of our theatres for your presentations or... Read more &raquo;\" \/>\n<meta property=\"og:url\" content=\"https:\/\/caribbeancinemas.com\/gt\/rentals\/\" \/>\n<meta property=\"og:site_name\" content=\"Caribbean Cinemas\" \/>\n<meta property=\"article:publisher\" content=\"https:\/\/www.facebook.com\/caribbeancinemas\" \/>\n<meta property=\"article:modified_time\" content=\"2024-03-19T13:41:01+00:00\" \/>\n<meta name=\"twitter:card\" content=\"summary\" \/>\n<meta name=\"twitter:label1\" content=\"Est. reading time\">\n\t<meta name=\"twitter:data1\" content=\"1 minute\">\n<script type=\"application\/ld+json\" class=\"yoast-schema-graph\">{\"@context\":\"https:\/\/schema.org\",\"@graph\":[{\"@type\":\"WebSite\",\"@id\":\"https:\/\/caribbeancinemas.com\/#website\",\"url\":\"https:\/\/caribbeancinemas.com\/\",\"name\":\"Caribbean Cinemas\",\"description\":\"\",\"potentialAction\":[{\"@type\":\"SearchAction\",\"target\":\"https:\/\/caribbeancinemas.com\/?s={search_term_string}\",\"query-input\":\"required name=search_term_string\"}],\"inLanguage\":\"en-us\"},{\"@type\":\"WebPage\",\"@id\":\"https:\/\/caribbeancinemas.com\/gt\/rentals\/#webpage\",\"url\":\"https:\/\/caribbeancinemas.com\/gt\/rentals\/\",\"name\":\"RENTALS | Caribbean Cinemas\",\"isPartOf\":{\"@id\":\"https:\/\/caribbeancinemas.com\/#website\"},\"datePublished\":\"2016-05-20T12:07:45+00:00\",\"dateModified\":\"2024-03-19T13:41:01+00:00\",\"breadcrumb\":{\"@id\":\"https:\/\/caribbeancinemas.com\/gt\/rentals\/#breadcrumb\"},\"inLanguage\":\"en-us\",\"potentialAction\":[{\"@type\":\"ReadAction\",\"target\":[\"https:\/\/caribbeancinemas.com\/gt\/rentals\/\"]}]},{\"@type\":\"BreadcrumbList\",\"@id\":\"https:\/\/caribbeancinemas.com\/gt\/rentals\/#breadcrumb\",\"itemListElement\":[{\"@type\":\"ListItem\",\"position\":1,\"item\":{\"@type\":\"WebPage\",\"@id\":\"https:\/\/caribbeancinemas.com\/\",\"url\":\"https:\/\/caribbeancinemas.com\/\",\"name\":\"Home\"}},{\"@type\":\"ListItem\",\"position\":2,\"item\":{\"@id\":\"https:\/\/caribbeancinemas.com\/gt\/rentals\/#webpage\"}}]}]}<\/script>\n<!-- \/ Yoast SEO plugin. -->","_links":{"self":[{"href":"https:\/\/caribbeancinemas.com\/curacao\/wp-json\/wp\/v2\/pages\/2577"}],"collection":[{"href":"https:\/\/caribbeancinemas.com\/curacao\/wp-json\/wp\/v2\/pages"}],"about":[{"href":"https:\/\/caribbeancinemas.com\/curacao\/wp-json\/wp\/v2\/types\/page"}],"author":[{"embeddable":true,"href":"https:\/\/caribbeancinemas.com\/curacao\/wp-json\/wp\/v2\/users\/1"}],"replies":[{"embeddable":true,"href":"https:\/\/caribbeancinemas.com\/curacao\/wp-json\/wp\/v2\/comments?post=2577"}],"version-history":[{"count":48,"href":"https:\/\/caribbeancinemas.com\/curacao\/wp-json\/wp\/v2\/pages\/2577\/revisions"}],"predecessor-version":[{"id":20952,"href":"https:\/\/caribbeancinemas.com\/curacao\/wp-json\/wp\/v2\/pages\/2577\/revisions\/20952"}],"wp:attachment":[{"href":"https:\/\/caribbeancinemas.com\/curacao\/wp-json\/wp\/v2\/media?parent=2577"}],"curies":[{"name":"wp","href":"https:\/\/api.w.org\/{rel}","templated":true}]}}