{"id":18826,"date":"2023-04-12T22:23:30","date_gmt":"2023-04-13T02:23:30","guid":{"rendered":"https:\/\/caribbeancinemas.com\/?page_id=18826"},"modified":"2023-04-13T20:32:21","modified_gmt":"2023-04-14T00:32:21","slug":"","status":"publish","type":"page","link":"https:\/\/caribbeancinemas.com\/enrd\/grupos\/","title":{"rendered":"","raw":""},"content":{"rendered":"","protected":false,"raw":""},"excerpt":{"rendered":"","protected":false,"raw":""},"author":3,"featured_media":0,"parent":0,"menu_order":0,"comment_status":"closed","ping_status":"closed","template":"","meta":{"_es_post_content":"","_es_post_name":"","_es_post_excerpt":"","_es_post_title":"","_esrd_post_content":"","_esrd_post_name":"","_esrd_post_excerpt":"","_esrd_post_title":"","_enrd_post_content":"","_enrd_post_name":"","_enrd_post_excerpt":"","_enrd_post_title":"","_fanc_post_content":"","_fanc_post_name":"","_fanc_post_excerpt":"","_fanc_post_title":"","_antigua_en_post_content":"","_antigua_en_post_name":"","_antigua_en_post_excerpt":"","_antigua_en_post_title":"","_aruba_en_post_content":"","_aruba_en_post_name":"","_aruba_en_post_excerpt":"","_aruba_en_post_title":"","_guyana_en_post_content":"","_guyana_en_post_name":"","_guyana_en_post_excerpt":"","_guyana_en_post_title":"","_stcroix_en_post_content":"","_stcroix_en_post_name":"","_stcroix_en_post_excerpt":"","_stcroix_en_post_title":"","_stkitts_en_post_content":"","_stkitts_en_post_name":"","_stkitts_en_post_excerpt":"","_stkitts_en_post_title":"","_stlucia_en_post_content":"","_stlucia_en_post_name":"","_stlucia_en_post_excerpt":"","_stlucia_en_post_title":"","_stmaarten_en_post_content":"","_stmaarten_en_post_name":"","_stmaarten_en_post_excerpt":"","_stmaarten_en_post_title":"","_stthomas_en_post_content":"","_stthomas_en_post_name":"","_stthomas_en_post_excerpt":"","_stthomas_en_post_title":"","_trinidad_en_post_content":"","_trinidad_en_post_name":"","_trinidad_en_post_excerpt":"","_trinidad_en_post_title":"","_fr_post_content":"","_fr_post_name":"","_fr_post_excerpt":"","_fr_post_title":"","_arubaes_post_content":"","_arubaes_post_name":"","_arubaes_post_excerpt":"","_arubaes_post_title":"","_bolivia_post_content":"","_bolivia_post_name":"","_bolivia_post_excerpt":"","_bolivia_post_title":"","_curacao_post_content":"","_curacao_post_name":"","_curacao_post_excerpt":"","_curacao_post_title":"","_gt_post_content":"","_gt_post_name":"","_gt_post_excerpt":"","_gt_post_title":"","_panama_post_content":"","_panama_post_name":"","_panama_post_excerpt":"","_panama_post_title":"","_fineartsmiramar_post_content":"","_fineartsmiramar_post_name":"","_fineartsmiramar_post_excerpt":"","_fineartsmiramar_post_title":"","_fineartspopular_post_content":"","_fineartspopular_post_name":"","_fineartspopular_post_excerpt":"","_fineartspopular_post_title":"","_en_post_content":"<a href=\"https:\/\/caribbeancinemas.com\/wp-content\/uploads\/2022\/07\/hcs-01.jpg\"><img class=\"alignnone wp-image-17112 size-full\" src=\"https:\/\/caribbeancinemas.com\/wp-content\/uploads\/2022\/07\/hcs-01.jpg\" alt=\"\" width=\"2062\" height=\"362\" \/><\/a>\r\n<h3><span class=\"ui-provider cdd cde c d e f g h i j k l m n o p q r s t cdf cdg w x y z ab ac ae af ag ah ai aj ak\" dir=\"ltr\">\u00a1Lleva tu grupo a disfrutar del cine y ver su pel\u00edcula favorita! Si tienes un grupo de 50 personas o m\u00e1s, completa la siguiente forma con la informaci\u00f3n requerida para cotizar y ayudarte a coordinar la visita. (Grupos menores de 50 personas, deben dirigirse al cine de preferencia para comprar sus boletos y art\u00edculos de concesi\u00f3n).<\/span><\/h3>\r\n[contact-form-7 id=\"18821\" title=\"Group &amp; camps info request\"]","_en_post_name":"grupos","_en_post_excerpt":"","_en_post_title":"Grupos y campamentos","edit_language":"enrd"},"yoast_head":"<!-- This site is optimized with the Yoast SEO plugin v16.2 - https:\/\/yoast.com\/wordpress\/plugins\/seo\/ -->\n<meta name=\"robots\" content=\"index, follow, max-snippet:-1, max-image-preview:large, max-video-preview:-1\" \/>\n<link rel=\"canonical\" href=\"https:\/\/caribbeancinemas.com\/grupos\/\" \/>\n<meta property=\"og:locale\" content=\"en_US\" \/>\n<meta property=\"og:type\" content=\"article\" \/>\n<meta property=\"og:title\" content=\"Grupos y campamentos | Caribbean Cinemas\" \/>\n<meta property=\"og:description\" content=\"\u00a1Lleva tu grupo a disfrutar del cine y ver su pel\u00edcula favorita! Si tienes un grupo de 50 personas o m\u00e1s, completa la siguiente forma con la informaci\u00f3n requerida para cotizar y ayudarte a coordinar la visita. (Grupos menores de 50 personas, deben dirigirse al cine de preferencia para comprar sus boletos y art\u00edculos de... Read more &raquo;\" \/>\n<meta property=\"og:url\" content=\"https:\/\/caribbeancinemas.com\/grupos\/\" \/>\n<meta property=\"og:site_name\" content=\"Caribbean Cinemas\" \/>\n<meta property=\"article:publisher\" content=\"https:\/\/www.facebook.com\/caribbeancinemas\" \/>\n<meta property=\"article:modified_time\" content=\"2023-04-14T00:32:21+00:00\" \/>\n<meta property=\"og:image\" content=\"https:\/\/caribbeancinemas.com\/wp-content\/uploads\/2022\/07\/hcs-01.jpg\" \/>\n<meta name=\"twitter:card\" content=\"summary\" \/>\n<meta name=\"twitter:label1\" content=\"Est. reading time\">\n\t<meta name=\"twitter:data1\" content=\"1 minute\">\n<script type=\"application\/ld+json\" class=\"yoast-schema-graph\">{\"@context\":\"https:\/\/schema.org\",\"@graph\":[{\"@type\":\"WebSite\",\"@id\":\"https:\/\/caribbeancinemas.com\/#website\",\"url\":\"https:\/\/caribbeancinemas.com\/\",\"name\":\"Caribbean Cinemas\",\"description\":\"\",\"potentialAction\":[{\"@type\":\"SearchAction\",\"target\":\"https:\/\/caribbeancinemas.com\/?s={search_term_string}\",\"query-input\":\"required name=search_term_string\"}],\"inLanguage\":\"en-US\"},{\"@type\":\"ImageObject\",\"@id\":\"https:\/\/caribbeancinemas.com\/grupos\/#primaryimage\",\"inLanguage\":\"en-US\",\"url\":\"https:\/\/caribbeancinemas.com\/wp-content\/uploads\/2022\/07\/hcs-01.jpg\",\"contentUrl\":\"https:\/\/caribbeancinemas.com\/wp-content\/uploads\/2022\/07\/hcs-01.jpg\",\"width\":2062,\"height\":362},{\"@type\":\"WebPage\",\"@id\":\"https:\/\/caribbeancinemas.com\/grupos\/#webpage\",\"url\":\"https:\/\/caribbeancinemas.com\/grupos\/\",\"name\":\"Grupos y campamentos | Caribbean Cinemas\",\"isPartOf\":{\"@id\":\"https:\/\/caribbeancinemas.com\/#website\"},\"primaryImageOfPage\":{\"@id\":\"https:\/\/caribbeancinemas.com\/grupos\/#primaryimage\"},\"datePublished\":\"2023-04-13T02:23:30+00:00\",\"dateModified\":\"2023-04-14T00:32:21+00:00\",\"breadcrumb\":{\"@id\":\"https:\/\/caribbeancinemas.com\/grupos\/#breadcrumb\"},\"inLanguage\":\"en-US\",\"potentialAction\":[{\"@type\":\"ReadAction\",\"target\":[\"https:\/\/caribbeancinemas.com\/grupos\/\"]}]},{\"@type\":\"BreadcrumbList\",\"@id\":\"https:\/\/caribbeancinemas.com\/grupos\/#breadcrumb\",\"itemListElement\":[{\"@type\":\"ListItem\",\"position\":1,\"item\":{\"@type\":\"WebPage\",\"@id\":\"https:\/\/caribbeancinemas.com\/\",\"url\":\"https:\/\/caribbeancinemas.com\/\",\"name\":\"Home\"}},{\"@type\":\"ListItem\",\"position\":2,\"item\":{\"@id\":\"https:\/\/caribbeancinemas.com\/grupos\/#webpage\"}}]}]}<\/script>\n<!-- \/ Yoast SEO plugin. -->","_links":{"self":[{"href":"https:\/\/caribbeancinemas.com\/enrd\/wp-json\/wp\/v2\/pages\/18826"}],"collection":[{"href":"https:\/\/caribbeancinemas.com\/enrd\/wp-json\/wp\/v2\/pages"}],"about":[{"href":"https:\/\/caribbeancinemas.com\/enrd\/wp-json\/wp\/v2\/types\/page"}],"author":[{"embeddable":true,"href":"https:\/\/caribbeancinemas.com\/enrd\/wp-json\/wp\/v2\/users\/3"}],"replies":[{"embeddable":true,"href":"https:\/\/caribbeancinemas.com\/enrd\/wp-json\/wp\/v2\/comments?post=18826"}],"version-history":[{"count":6,"href":"https:\/\/caribbeancinemas.com\/enrd\/wp-json\/wp\/v2\/pages\/18826\/revisions"}],"predecessor-version":[{"id":18843,"href":"https:\/\/caribbeancinemas.com\/enrd\/wp-json\/wp\/v2\/pages\/18826\/revisions\/18843"}],"wp:attachment":[{"href":"https:\/\/caribbeancinemas.com\/enrd\/wp-json\/wp\/v2\/media?parent=18826"}],"curies":[{"name":"wp","href":"https:\/\/api.w.org\/{rel}","templated":true}]}}