{"id":14473,"date":"2021-05-31T20:40:02","date_gmt":"2021-06-01T00:40:02","guid":{"rendered":"https:\/\/caribbeancinemas.com\/?page_id=14473"},"modified":"2025-07-30T14:19:02","modified_gmt":"2025-07-30T18:19:02","slug":"","status":"publish","type":"page","link":"https:\/\/caribbeancinemas.com\/es\/coordinador\/","title":{"rendered":"","raw":""},"content":{"rendered":"","protected":false,"raw":""},"excerpt":{"rendered":"","protected":false,"raw":""},"author":3,"featured_media":0,"parent":0,"menu_order":0,"comment_status":"closed","ping_status":"closed","template":"","meta":{"_es_post_content":"","_es_post_name":"","_es_post_excerpt":"","_es_post_title":"","_esrd_post_content":"","_esrd_post_name":"","_esrd_post_excerpt":"","_esrd_post_title":"","_enrd_post_content":"","_enrd_post_name":"","_enrd_post_excerpt":"","_enrd_post_title":"","_fanc_post_content":"","_fanc_post_name":"","_fanc_post_excerpt":"","_fanc_post_title":"","_antigua_en_post_content":"","_antigua_en_post_name":"empleo-asistente-de-gerente","_antigua_en_post_excerpt":"","_antigua_en_post_title":"","_aruba_en_post_content":"","_aruba_en_post_name":"empleo-asistente-de-gerente","_aruba_en_post_excerpt":"","_aruba_en_post_title":"","_guyana_en_post_content":"","_guyana_en_post_name":"empleo-asistente-de-gerente","_guyana_en_post_excerpt":"","_guyana_en_post_title":"","_stcroix_en_post_content":"","_stcroix_en_post_name":"empleo-asistente-de-gerente","_stcroix_en_post_excerpt":"","_stcroix_en_post_title":"","_stkitts_en_post_content":"","_stkitts_en_post_name":"empleo-asistente-de-gerente","_stkitts_en_post_excerpt":"","_stkitts_en_post_title":"","_stlucia_en_post_content":"","_stlucia_en_post_name":"empleo-asistente-de-gerente","_stlucia_en_post_excerpt":"","_stlucia_en_post_title":"","_stmaarten_en_post_content":"","_stmaarten_en_post_name":"empleo-asistente-de-gerente","_stmaarten_en_post_excerpt":"","_stmaarten_en_post_title":"","_stthomas_en_post_content":"","_stthomas_en_post_name":"empleo-asistente-de-gerente","_stthomas_en_post_excerpt":"","_stthomas_en_post_title":"","_trinidad_en_post_content":"","_trinidad_en_post_name":"empleo-asistente-de-gerente","_trinidad_en_post_excerpt":"","_trinidad_en_post_title":"","_fr_post_content":"","_fr_post_name":"empleo-asistente-de-gerente","_fr_post_excerpt":"","_fr_post_title":"","_arubaes_post_content":"","_arubaes_post_name":"empleo-asistente-de-gerente","_arubaes_post_excerpt":"","_arubaes_post_title":"","_bolivia_post_content":"","_bolivia_post_name":"empleo-asistente-de-gerente","_bolivia_post_excerpt":"","_bolivia_post_title":"","_curacao_post_content":"","_curacao_post_name":"","_curacao_post_excerpt":"","_curacao_post_title":"","_gt_post_content":"","_gt_post_name":"","_gt_post_excerpt":"","_gt_post_title":"","_panama_post_content":"","_panama_post_name":"empleo-asistente-de-gerente","_panama_post_excerpt":"","_panama_post_title":"","_fineartsmiramar_post_content":"","_fineartsmiramar_post_name":"empleo-asistente-de-gerente","_fineartsmiramar_post_excerpt":"","_fineartsmiramar_post_title":"","_fineartspopular_post_content":"","_fineartspopular_post_name":"empleo-asistente-de-gerente","_fineartspopular_post_excerpt":"","_fineartspopular_post_title":"","_en_post_content":"<div style=\"background-color:black; padding:15px\"><h6 style=\"color:white\">Oportunidades de empleo\r\n\r\n<strong>Estamos buscando candidatos para el siguiente puesto a tiempo completo:<\/strong>\r\n<strong>Coordinador<\/strong>\r\nSalario de $12.25 p\/h con paga semanal\r\n\r\n<strong>Beneficios:<\/strong>\r\nPlan m\u00e9dico\r\nHasta 15 dias de vacaciones al a\u00f1o\r\nEntrada gratis al cine\r\nDescuentos en la concesi\u00f3n. \r\n401k\r\nContrato para puesto regular (No temporero)\r\nOportunidad de crecimiento\r\n\r\n<strong>Requisitos:<\/strong>\r\nExperiencia en puesto similar y o estudios en administraci\u00f3n de empresas\r\nDisponible a trabajar hasta altas horas de la noche, feriados y fines de semana (V-D)\r\nDisponibilidad para trabajar en ocasiones en mas de una localidad en su \u00e1rea.\r\nBiling\u00fce preferiblemente\r\n\r\n<strong>Personas interesadas deber\u00e1n:<\/strong>\r\nCompletar este solicitud e incluir resum\u00e9 en el campo indicado abajo.\r\n\r\nNo se aceptar\u00e1n llamadas telef\u00f3nicas\r\n\r\n<strong>Patrono con Igualdad de Oportunidad de Empleo EEOC<\/strong>\r\n\r\n<iframe src=\"https:\/\/caribbeancinemas.com\/formEmp\/form_pr_coordinador.html\" width=\"100%\"   height=\"1800px\" frameborder=\"0\"  style=\"border: none; border-radius: 10px; box-shadow: 0 5px 15px rgba(0,0,0,0.1);\"><\/iframe>\r\n\r\n","_en_post_name":"coordinador","_en_post_excerpt":"","_en_post_title":"Empleo - Coordinador","edit_language":"es"},"yoast_head":"<!-- This site is optimized with the Yoast SEO plugin v16.2 - https:\/\/yoast.com\/wordpress\/plugins\/seo\/ -->\n<meta name=\"robots\" content=\"index, follow, max-snippet:-1, max-image-preview:large, max-video-preview:-1\" \/>\n<link rel=\"canonical\" href=\"https:\/\/caribbeancinemas.com\/coordinador\/\" \/>\n<meta property=\"og:locale\" content=\"es_ES\" \/>\n<meta property=\"og:type\" content=\"article\" \/>\n<meta property=\"og:title\" content=\"Empleo - Coordinador | Caribbean Cinemas\" \/>\n<meta property=\"og:description\" content=\"Oportunidades de empleo Estamos buscando candidatos para el siguiente puesto a tiempo completo: Coordinador Salario de $12.25 p\/h con paga semanal Beneficios: Plan m\u00e9dico Hasta 15 dias de vacaciones al a\u00f1o Entrada gratis al cine Descuentos en la concesi\u00f3n. 401k Contrato para puesto regular (No temporero) Oportunidad de crecimiento Requisitos: Experiencia en puesto similar y... Leer m\u00e1s &raquo;\" \/>\n<meta property=\"og:url\" content=\"https:\/\/caribbeancinemas.com\/coordinador\/\" \/>\n<meta property=\"og:site_name\" content=\"Caribbean Cinemas\" \/>\n<meta property=\"article:publisher\" content=\"https:\/\/www.facebook.com\/caribbeancinemas\" \/>\n<meta property=\"article:modified_time\" content=\"2025-07-30T18:19:02+00:00\" \/>\n<meta name=\"twitter:card\" content=\"summary\" \/>\n<meta name=\"twitter:label1\" content=\"Tiempo de lectura\">\n\t<meta name=\"twitter:data1\" content=\"1 minute\">\n<script type=\"application\/ld+json\" class=\"yoast-schema-graph\">{\"@context\":\"https:\/\/schema.org\",\"@graph\":[{\"@type\":\"WebSite\",\"@id\":\"https:\/\/caribbeancinemas.com\/#website\",\"url\":\"https:\/\/caribbeancinemas.com\/\",\"name\":\"Caribbean Cinemas\",\"description\":\"\",\"potentialAction\":[{\"@type\":\"SearchAction\",\"target\":\"https:\/\/caribbeancinemas.com\/?s={search_term_string}\",\"query-input\":\"required name=search_term_string\"}],\"inLanguage\":\"es-ES\"},{\"@type\":\"WebPage\",\"@id\":\"https:\/\/caribbeancinemas.com\/coordinador\/#webpage\",\"url\":\"https:\/\/caribbeancinemas.com\/coordinador\/\",\"name\":\"Empleo - Coordinador | Caribbean Cinemas\",\"isPartOf\":{\"@id\":\"https:\/\/caribbeancinemas.com\/#website\"},\"datePublished\":\"2021-06-01T00:40:02+00:00\",\"dateModified\":\"2025-07-30T18:19:02+00:00\",\"breadcrumb\":{\"@id\":\"https:\/\/caribbeancinemas.com\/coordinador\/#breadcrumb\"},\"inLanguage\":\"es-ES\",\"potentialAction\":[{\"@type\":\"ReadAction\",\"target\":[\"https:\/\/caribbeancinemas.com\/coordinador\/\"]}]},{\"@type\":\"BreadcrumbList\",\"@id\":\"https:\/\/caribbeancinemas.com\/coordinador\/#breadcrumb\",\"itemListElement\":[{\"@type\":\"ListItem\",\"position\":1,\"item\":{\"@type\":\"WebPage\",\"@id\":\"https:\/\/caribbeancinemas.com\/\",\"url\":\"https:\/\/caribbeancinemas.com\/\",\"name\":\"Home\"}},{\"@type\":\"ListItem\",\"position\":2,\"item\":{\"@id\":\"https:\/\/caribbeancinemas.com\/coordinador\/#webpage\"}}]}]}<\/script>\n<!-- \/ Yoast SEO plugin. -->","_links":{"self":[{"href":"https:\/\/caribbeancinemas.com\/es\/wp-json\/wp\/v2\/pages\/14473"}],"collection":[{"href":"https:\/\/caribbeancinemas.com\/es\/wp-json\/wp\/v2\/pages"}],"about":[{"href":"https:\/\/caribbeancinemas.com\/es\/wp-json\/wp\/v2\/types\/page"}],"author":[{"embeddable":true,"href":"https:\/\/caribbeancinemas.com\/es\/wp-json\/wp\/v2\/users\/3"}],"replies":[{"embeddable":true,"href":"https:\/\/caribbeancinemas.com\/es\/wp-json\/wp\/v2\/comments?post=14473"}],"version-history":[{"count":27,"href":"https:\/\/caribbeancinemas.com\/es\/wp-json\/wp\/v2\/pages\/14473\/revisions"}],"predecessor-version":[{"id":24176,"href":"https:\/\/caribbeancinemas.com\/es\/wp-json\/wp\/v2\/pages\/14473\/revisions\/24176"}],"wp:attachment":[{"href":"https:\/\/caribbeancinemas.com\/es\/wp-json\/wp\/v2\/media?parent=14473"}],"curies":[{"name":"wp","href":"https:\/\/api.w.org\/{rel}","templated":true}]}}