{"id":16237,"date":"2022-03-02T18:51:51","date_gmt":"2022-03-02T22:51:51","guid":{"rendered":"https:\/\/caribbeancinemas.com\/?page_id=16237"},"modified":"2023-02-23T10:46:32","modified_gmt":"2023-02-23T14:46:32","slug":"","status":"publish","type":"page","link":"https:\/\/caribbeancinemas.com\/es\/donar-la-gran-noche-del-cine\/","title":{"rendered":"","raw":""},"content":{"rendered":"","protected":false,"raw":""},"excerpt":{"rendered":"","protected":false,"raw":""},"author":1,"featured_media":0,"parent":0,"menu_order":0,"comment_status":"closed","ping_status":"closed","template":"","meta":{"_es_post_content":"","_es_post_name":"","_es_post_excerpt":"","_es_post_title":"","_esrd_post_content":"","_esrd_post_name":"donar-la-gran-noche-del-cine","_esrd_post_excerpt":"","_esrd_post_title":"","_enrd_post_content":"","_enrd_post_name":"","_enrd_post_excerpt":"","_enrd_post_title":"","_fanc_post_content":"","_fanc_post_name":"","_fanc_post_excerpt":"","_fanc_post_title":"","_antigua_en_post_content":"","_antigua_en_post_name":"","_antigua_en_post_excerpt":"","_antigua_en_post_title":"","_aruba_en_post_content":"","_aruba_en_post_name":"","_aruba_en_post_excerpt":"","_aruba_en_post_title":"","_guyana_en_post_content":"","_guyana_en_post_name":"","_guyana_en_post_excerpt":"","_guyana_en_post_title":"","_stcroix_en_post_content":"","_stcroix_en_post_name":"","_stcroix_en_post_excerpt":"","_stcroix_en_post_title":"","_stkitts_en_post_content":"","_stkitts_en_post_name":"","_stkitts_en_post_excerpt":"","_stkitts_en_post_title":"","_stlucia_en_post_content":"","_stlucia_en_post_name":"","_stlucia_en_post_excerpt":"","_stlucia_en_post_title":"","_stmaarten_en_post_content":"","_stmaarten_en_post_name":"","_stmaarten_en_post_excerpt":"","_stmaarten_en_post_title":"","_stthomas_en_post_content":"","_stthomas_en_post_name":"","_stthomas_en_post_excerpt":"","_stthomas_en_post_title":"","_trinidad_en_post_content":"","_trinidad_en_post_name":"","_trinidad_en_post_excerpt":"","_trinidad_en_post_title":"","_fr_post_content":"","_fr_post_name":"","_fr_post_excerpt":"","_fr_post_title":"","_arubaes_post_content":"","_arubaes_post_name":"","_arubaes_post_excerpt":"","_arubaes_post_title":"","_bolivia_post_content":"","_bolivia_post_name":"","_bolivia_post_excerpt":"","_bolivia_post_title":"","_curacao_post_content":"","_curacao_post_name":"","_curacao_post_excerpt":"","_curacao_post_title":"","_gt_post_content":"","_gt_post_name":"","_gt_post_excerpt":"","_gt_post_title":"","_panama_post_content":"","_panama_post_name":"","_panama_post_excerpt":"","_panama_post_title":"","_fineartsmiramar_post_content":"","_fineartsmiramar_post_name":"","_fineartsmiramar_post_excerpt":"","_fineartsmiramar_post_title":"","_fineartspopular_post_content":"","_fineartspopular_post_name":"","_fineartspopular_post_excerpt":"","_fineartspopular_post_title":"","_en_post_content":"<p style=\"font-weight: 400; color: black;\" align=\"justify\">Durante 23 a\u00f1os consecutivos, nosotros en Caribbean Cinemas, celebramos el evento La Gran Noche del Cine con el prop\u00f3sito de levantar fondos y apoyar cuatro entidades ben\u00e9ficas de nuestra comunidad. El evento se celebraba en uno de nuestros cines la misma noche de la entrega de los Premios Oscar donde se reconocen las mejores pel\u00edculas y talentos de nuestra industria. Debido a la pandemia, no hemos podido celebrar La Gran Noche del Cine por los pasados dos a\u00f1os. Este a\u00f1o quisimos continuar apoyando las entidades a trav\u00e9s de una campa\u00f1a de recaudaci\u00f3n en los cines con la venta de un sellito por $1.00 y todo lo recaudado ser\u00e1 dividido en partes iguales para las entidades que son: Hogar Cuna San Crist\u00f3bal, La Fondita de Jes\u00fas, CODERI y YMCA de San Juan.<\/p>\r\n<p style=\"font-weight: 400; color: black;\" align=\"justify\"><strong>El Colegio de Educaci\u00f3n Especial y Rehabilitaci\u00f3n Integral, Inc. (CODERI)<\/strong>\u00a0- Fue organizado como corporaci\u00f3n sin fines de lucro en el a\u00f1o 1994, en respuesta al cierre de la antigua Escuela Especial Nilmar. CODERI ofrece servicios de educaci\u00f3n especial y rehabilitaci\u00f3n<\/p>\r\n<p style=\"font-weight: 400; color: black;\" align=\"justify\">a ni\u00f1os, j\u00f3venes y adultos con discapacidad intelectual y autismo. El prop\u00f3sito principal de estos servicios es que ni\u00f1os, j\u00f3venes y adultos alcancen el m\u00e1ximo potencial cognitivo, social y emocional para que puedan lograr una vida independiente, productiva y sean parte de sus comunidades con derechos y responsabilidades. Gracias a La Gran Noche del Cine, CODERI se ha beneficiado de manera indescriptible, ofreciendo mejores servicios educativos, integrando j\u00f3venes al mundo laboral y realizando mejoras necesarias a la planta f\u00edsica para atender las necesidades de su poblaci\u00f3n.<\/p>\r\n<p style=\"font-weight: 400; color: black;\" align=\"justify\"><strong>La Fondita de Jes\u00fas<\/strong>\u00a0- Es una organizaci\u00f3n sin fines de lucro que provee servicios y apoyo a las personas sin hogar desde 1985. Durante los pasados 32 a\u00f1os, han promovido la reintegraci\u00f3n productiva de las personas sin hogar a la comunidad, provey\u00e9ndoles acceso a<\/p>\r\n<p style=\"font-weight: 400; color: black;\" align=\"justify\">servicios b\u00e1sicos, cuidado m\u00e9dico preventivo y primario, desarrollo social y autosuficiencia, as\u00ed como vivienda, entre otros. Con los fondos recaudados por los pasados a\u00f1os en la gala ben\u00e9fica La Gran Noche del Cine, La Fondita de Jes\u00fas ha podido dar rienda a su imaginaci\u00f3n en la creaci\u00f3n de nuevos modelos de reintegraci\u00f3n social y han permitido ofrecerles a cientos de personas sin hogar m\u00e1s que un rayo de esperanza, las oportunidades concretas de vivienda y trabajo, entre otras. La Fondita tambi\u00e9n ofrece servicios de duchas, ropa y lavadoras a m\u00e1s de 1,500 personas anualmente. Muchos de los proyectos antes mencionados se hicieron realidad gracias a los fondos recaudados en La Gran Noche del Cine, sus m\u00e1s fieles patrocinadores, quienes por los pasados a\u00f1os han acogido la misi\u00f3n de La Fondita de Jes\u00fas.<\/p>\r\n<p style=\"font-weight: 400; color: black;\" align=\"justify\"><strong>Hogar Cuna San Crist\u00f3bal de Caguas<\/strong>\u00a0- Es el primer hogar en Puerto Rico que posee licencia de adopci\u00f3n. Fue fundado en el 1992 por la Fundaci\u00f3n Pro Ayuda de PR. Alberga de forma temporera a menores que han sido v\u00edctima de abusos, negligencias y los que son entregados voluntariamente para adopci\u00f3n. Provee servicios necesarios para mejorar la calidad de vida de los menores albergados. Ofrece servicios de orientaci\u00f3n y consejer\u00eda a mujeres que enfrentan un embarazo no planificado a una maternidad no deseada. Adem\u00e1s, trabaja con personas interesadas en adopci\u00f3n. El Hogar Cuna cuenta con un programa de educaci\u00f3n en la comunidad sobre temas tales como: maltrato de menores, sexualidad responsable y adopci\u00f3n, entre otros. Su evoluci\u00f3n se debe a eventos como La Gran Noche del Cine y el compromiso genuino de encaminar la vida de los ni\u00f1os en Puerto Rico.<\/p>\r\n<p style=\"font-weight: 400; color: black;\" align=\"justify\"><strong>YMCA de San Juan<\/strong>\u00a0- Es una organizaci\u00f3n l\u00edder en la Isla, con un legado de servicios para la formaci\u00f3n de ni\u00f1os y j\u00f3venes, la promoci\u00f3n de vidas saludables y responsabilidad social para todas las edades. La Misi\u00f3n de la YMCA es poner en pr\u00e1ctica principios cristianos a trav\u00e9s de programas que fortalecen el esp\u00edritu, mente y cuerpo sano para todos. Su causa es el fortalecimiento de la comunidad por medio de servicios como: centro de cuido para preescolares, campamentos, asignaciones supervisadas, gimnasio, acuaer\u00f3bicos, programas para la edad dorada y participantes con necesidades especiales. La YMCA, con una misi\u00f3n centrada en el desarrollo personal equilibrado, fortalece lazos familiares, promueve la buena salud y fomenta v\u00ednculos por medio del deporte, actividades f\u00edsicas, diversi\u00f3n e intereses compartidos a trav\u00e9s de los programas de salud y bienestar.<\/p>","_en_post_name":"donar-la-gran-noche-del-cine","_en_post_excerpt":"","_en_post_title":"La Gran Noche del Cine","edit_language":"es"},"yoast_head":"<!-- This site is optimized with the Yoast SEO plugin v16.2 - https:\/\/yoast.com\/wordpress\/plugins\/seo\/ -->\n<meta name=\"robots\" content=\"index, follow, max-snippet:-1, max-image-preview:large, max-video-preview:-1\" \/>\n<link rel=\"canonical\" href=\"https:\/\/caribbeancinemas.com\/esrd\/donar-la-gran-noche-del-cine\/\" \/>\n<meta property=\"og:locale\" content=\"es_ES\" \/>\n<meta property=\"og:type\" content=\"article\" \/>\n<meta property=\"og:title\" content=\"La Gran Noche del Cine | Caribbean Cinemas\" \/>\n<meta property=\"og:description\" content=\"Durante 23 a\u00f1os consecutivos, nosotros en Caribbean Cinemas, celebramos el evento La Gran Noche del Cine con el prop\u00f3sito de levantar fondos y apoyar cuatro entidades ben\u00e9ficas de nuestra comunidad. El evento se celebraba en uno de nuestros cines la misma noche de la entrega de los Premios Oscar donde se reconocen las mejores pel\u00edculas... Leer m\u00e1s &raquo;\" \/>\n<meta property=\"og:url\" content=\"https:\/\/caribbeancinemas.com\/esrd\/donar-la-gran-noche-del-cine\/\" \/>\n<meta property=\"og:site_name\" content=\"Caribbean Cinemas\" \/>\n<meta property=\"article:publisher\" content=\"https:\/\/www.facebook.com\/caribbeancinemas\" \/>\n<meta property=\"article:modified_time\" content=\"2023-02-23T14:46:32+00:00\" \/>\n<meta name=\"twitter:card\" content=\"summary\" \/>\n<meta name=\"twitter:label1\" content=\"Tiempo de lectura\">\n\t<meta name=\"twitter:data1\" content=\"4 minutes\">\n<script type=\"application\/ld+json\" class=\"yoast-schema-graph\">{\"@context\":\"https:\/\/schema.org\",\"@graph\":[{\"@type\":\"WebSite\",\"@id\":\"https:\/\/caribbeancinemas.com\/#website\",\"url\":\"https:\/\/caribbeancinemas.com\/\",\"name\":\"Caribbean Cinemas\",\"description\":\"\",\"potentialAction\":[{\"@type\":\"SearchAction\",\"target\":\"https:\/\/caribbeancinemas.com\/?s={search_term_string}\",\"query-input\":\"required name=search_term_string\"}],\"inLanguage\":\"es-ES\"},{\"@type\":\"WebPage\",\"@id\":\"https:\/\/caribbeancinemas.com\/esrd\/donar-la-gran-noche-del-cine\/#webpage\",\"url\":\"https:\/\/caribbeancinemas.com\/esrd\/donar-la-gran-noche-del-cine\/\",\"name\":\"La Gran Noche del Cine | Caribbean Cinemas\",\"isPartOf\":{\"@id\":\"https:\/\/caribbeancinemas.com\/#website\"},\"datePublished\":\"2022-03-02T22:51:51+00:00\",\"dateModified\":\"2023-02-23T14:46:32+00:00\",\"breadcrumb\":{\"@id\":\"https:\/\/caribbeancinemas.com\/esrd\/donar-la-gran-noche-del-cine\/#breadcrumb\"},\"inLanguage\":\"es-ES\",\"potentialAction\":[{\"@type\":\"ReadAction\",\"target\":[\"https:\/\/caribbeancinemas.com\/esrd\/donar-la-gran-noche-del-cine\/\"]}]},{\"@type\":\"BreadcrumbList\",\"@id\":\"https:\/\/caribbeancinemas.com\/esrd\/donar-la-gran-noche-del-cine\/#breadcrumb\",\"itemListElement\":[{\"@type\":\"ListItem\",\"position\":1,\"item\":{\"@type\":\"WebPage\",\"@id\":\"https:\/\/caribbeancinemas.com\/\",\"url\":\"https:\/\/caribbeancinemas.com\/\",\"name\":\"Home\"}},{\"@type\":\"ListItem\",\"position\":2,\"item\":{\"@id\":\"https:\/\/caribbeancinemas.com\/esrd\/donar-la-gran-noche-del-cine\/#webpage\"}}]}]}<\/script>\n<!-- \/ Yoast SEO plugin. -->","_links":{"self":[{"href":"https:\/\/caribbeancinemas.com\/es\/wp-json\/wp\/v2\/pages\/16237"}],"collection":[{"href":"https:\/\/caribbeancinemas.com\/es\/wp-json\/wp\/v2\/pages"}],"about":[{"href":"https:\/\/caribbeancinemas.com\/es\/wp-json\/wp\/v2\/types\/page"}],"author":[{"embeddable":true,"href":"https:\/\/caribbeancinemas.com\/es\/wp-json\/wp\/v2\/users\/1"}],"replies":[{"embeddable":true,"href":"https:\/\/caribbeancinemas.com\/es\/wp-json\/wp\/v2\/comments?post=16237"}],"version-history":[{"count":5,"href":"https:\/\/caribbeancinemas.com\/es\/wp-json\/wp\/v2\/pages\/16237\/revisions"}],"predecessor-version":[{"id":16249,"href":"https:\/\/caribbeancinemas.com\/es\/wp-json\/wp\/v2\/pages\/16237\/revisions\/16249"}],"wp:attachment":[{"href":"https:\/\/caribbeancinemas.com\/es\/wp-json\/wp\/v2\/media?parent=16237"}],"curies":[{"name":"wp","href":"https:\/\/api.w.org\/{rel}","templated":true}]}}