{"id":16118,"date":"2022-02-15T13:23:04","date_gmt":"2022-02-15T17:23:04","guid":{"rendered":"https:\/\/caribbeancinemas.com\/?page_id=16118"},"modified":"2024-03-10T16:59:46","modified_gmt":"2024-03-10T20:59:46","slug":"","status":"publish","type":"page","link":"https:\/\/caribbeancinemas.com\/esrd\/la-gran-noche-del-cine\/","title":{"rendered":"","raw":""},"content":{"rendered":"","protected":false,"raw":""},"excerpt":{"rendered":"","protected":false,"raw":""},"author":3,"featured_media":0,"parent":0,"menu_order":0,"comment_status":"closed","ping_status":"closed","template":"","meta":{"_es_post_content":"","_es_post_name":"","_es_post_excerpt":"","_es_post_title":"","_esrd_post_content":"","_esrd_post_name":"","_esrd_post_excerpt":"","_esrd_post_title":"","_enrd_post_content":"","_enrd_post_name":"","_enrd_post_excerpt":"","_enrd_post_title":"","_fanc_post_content":"","_fanc_post_name":"","_fanc_post_excerpt":"","_fanc_post_title":"","_antigua_en_post_content":"","_antigua_en_post_name":"","_antigua_en_post_excerpt":"","_antigua_en_post_title":"","_aruba_en_post_content":"","_aruba_en_post_name":"","_aruba_en_post_excerpt":"","_aruba_en_post_title":"","_guyana_en_post_content":"","_guyana_en_post_name":"","_guyana_en_post_excerpt":"","_guyana_en_post_title":"","_stcroix_en_post_content":"","_stcroix_en_post_name":"","_stcroix_en_post_excerpt":"","_stcroix_en_post_title":"","_stkitts_en_post_content":"","_stkitts_en_post_name":"","_stkitts_en_post_excerpt":"","_stkitts_en_post_title":"","_stlucia_en_post_content":"","_stlucia_en_post_name":"","_stlucia_en_post_excerpt":"","_stlucia_en_post_title":"","_stmaarten_en_post_content":"","_stmaarten_en_post_name":"","_stmaarten_en_post_excerpt":"","_stmaarten_en_post_title":"","_stthomas_en_post_content":"","_stthomas_en_post_name":"","_stthomas_en_post_excerpt":"","_stthomas_en_post_title":"","_trinidad_en_post_content":"","_trinidad_en_post_name":"","_trinidad_en_post_excerpt":"","_trinidad_en_post_title":"","_fr_post_content":"","_fr_post_name":"","_fr_post_excerpt":"","_fr_post_title":"","_arubaes_post_content":"","_arubaes_post_name":"","_arubaes_post_excerpt":"","_arubaes_post_title":"","_bolivia_post_content":"","_bolivia_post_name":"","_bolivia_post_excerpt":"","_bolivia_post_title":"","_curacao_post_content":"","_curacao_post_name":"","_curacao_post_excerpt":"","_curacao_post_title":"","_gt_post_content":"","_gt_post_name":"","_gt_post_excerpt":"","_gt_post_title":"","_panama_post_content":"","_panama_post_name":"","_panama_post_excerpt":"","_panama_post_title":"","_fineartsmiramar_post_content":"","_fineartsmiramar_post_name":"","_fineartsmiramar_post_excerpt":"","_fineartsmiramar_post_title":"","_fineartspopular_post_content":"","_fineartspopular_post_name":"","_fineartspopular_post_excerpt":"","_fineartspopular_post_title":"","_en_post_content":"<a href=\"https:\/\/caribbeancinemas.com\/wp-content\/uploads\/2023\/03\/heading.jpg\"><img class=\"wp-image-18669 size-full aligncenter\" src=\"https:\/\/caribbeancinemas.com\/wp-content\/uploads\/2023\/03\/heading.jpg\" alt=\"\" width=\"992\" height=\"327\" \/><\/a>\r\n\r\n&nbsp;\r\n<p style=\"text-align: center;\"><span style=\"color: #ffffff;\"><strong>ESCOGE TUS ARTISTAS Y PEL\u00cdCULAS FAVORITAS Y PODR\u00cdAS GANAR UN PASE PARA EL CINE<\/strong><\/span><\/p>\r\n<p style=\"text-align: center;\"><span style=\"color: #ffffff;\">Si te encanta el cine, los artistas y todo lo relacionado con el 7mo arte, te invitamos a participar por la oportunidad de ganar un pase para ir al cine cuantas veces quieras hasta 31 de enero de 2025.\u00a0 En esta forma de participaci\u00f3n encontrar\u00e1s algunas categor\u00edas con sus nominados para que puedas escoger tus favoritos.\u00a0 \u00a0Completa la forma en o antes de las 5pm del 10 de marzo de 2024, escogeremos el ganador al azar entre todos los participantes que acierten los ganadores de la premiaci\u00f3n que se celebrar\u00e1 el domingo 10 de marzo.\u00a0 El ganador ser\u00e1 contactado por correo electr\u00f3nico y se le indicar\u00e1n las instrucciones para tramitar el pase.<\/span><\/p>\r\n\r\n\r\n<hr \/>\r\n<p style=\"text-align: center;\"><span style=\"color: #ffffff;\">EL CONCURSO HA FINALIZADO<\/span><\/p>\r\n<p style=\"text-align: left;\"><span style=\"color: #ffffff;\">Solo una participaci\u00f3n por persona.<\/span><\/p>","_en_post_name":"la-gran-noche-del-cine","_en_post_excerpt":"","_en_post_title":"La Gran Noche Del Cine","edit_language":"esrd"},"yoast_head":"<!-- This site is optimized with the Yoast SEO plugin v16.2 - https:\/\/yoast.com\/wordpress\/plugins\/seo\/ -->\n<meta name=\"robots\" content=\"index, follow, max-snippet:-1, max-image-preview:large, max-video-preview:-1\" \/>\n<link rel=\"canonical\" href=\"https:\/\/caribbeancinemas.com\/la-gran-noche-del-cine\/\" \/>\n<meta property=\"og:locale\" content=\"es_ES\" \/>\n<meta property=\"og:type\" content=\"article\" \/>\n<meta property=\"og:title\" content=\"La Gran Noche Del Cine | Caribbean Cinemas\" \/>\n<meta property=\"og:description\" content=\"&nbsp; ESCOGE TUS ARTISTAS Y PEL\u00cdCULAS FAVORITAS Y PODR\u00cdAS GANAR UN PASE PARA EL CINE Si te encanta el cine, los artistas y todo lo relacionado con el 7mo arte, te invitamos a participar por la oportunidad de ganar un pase para ir al cine cuantas veces quieras hasta 31 de enero de 2025.\u00a0 En... Leer m\u00e1s &raquo;\" \/>\n<meta property=\"og:url\" content=\"https:\/\/caribbeancinemas.com\/la-gran-noche-del-cine\/\" \/>\n<meta property=\"og:site_name\" content=\"Caribbean Cinemas\" \/>\n<meta property=\"article:publisher\" content=\"https:\/\/www.facebook.com\/caribbeancinemas\" \/>\n<meta property=\"article:modified_time\" content=\"2024-03-10T20:59:46+00:00\" \/>\n<meta property=\"og:image\" content=\"https:\/\/caribbeancinemas.com\/wp-content\/uploads\/2023\/03\/heading.jpg\" \/>\n<meta name=\"twitter:card\" content=\"summary\" \/>\n<meta name=\"twitter:label1\" content=\"Tiempo de lectura\">\n\t<meta name=\"twitter:data1\" content=\"1 minute\">\n<script type=\"application\/ld+json\" class=\"yoast-schema-graph\">{\"@context\":\"https:\/\/schema.org\",\"@graph\":[{\"@type\":\"WebSite\",\"@id\":\"https:\/\/caribbeancinemas.com\/#website\",\"url\":\"https:\/\/caribbeancinemas.com\/\",\"name\":\"Caribbean Cinemas\",\"description\":\"\",\"potentialAction\":[{\"@type\":\"SearchAction\",\"target\":\"https:\/\/caribbeancinemas.com\/?s={search_term_string}\",\"query-input\":\"required name=search_term_string\"}],\"inLanguage\":\"es-ES\"},{\"@type\":\"ImageObject\",\"@id\":\"https:\/\/caribbeancinemas.com\/la-gran-noche-del-cine\/#primaryimage\",\"inLanguage\":\"es-ES\",\"url\":\"https:\/\/caribbeancinemas.com\/wp-content\/uploads\/2023\/03\/heading.jpg\",\"contentUrl\":\"https:\/\/caribbeancinemas.com\/wp-content\/uploads\/2023\/03\/heading.jpg\",\"width\":992,\"height\":327},{\"@type\":\"WebPage\",\"@id\":\"https:\/\/caribbeancinemas.com\/la-gran-noche-del-cine\/#webpage\",\"url\":\"https:\/\/caribbeancinemas.com\/la-gran-noche-del-cine\/\",\"name\":\"La Gran Noche Del Cine | Caribbean Cinemas\",\"isPartOf\":{\"@id\":\"https:\/\/caribbeancinemas.com\/#website\"},\"primaryImageOfPage\":{\"@id\":\"https:\/\/caribbeancinemas.com\/la-gran-noche-del-cine\/#primaryimage\"},\"datePublished\":\"2022-02-15T17:23:04+00:00\",\"dateModified\":\"2024-03-10T20:59:46+00:00\",\"breadcrumb\":{\"@id\":\"https:\/\/caribbeancinemas.com\/la-gran-noche-del-cine\/#breadcrumb\"},\"inLanguage\":\"es-ES\",\"potentialAction\":[{\"@type\":\"ReadAction\",\"target\":[\"https:\/\/caribbeancinemas.com\/la-gran-noche-del-cine\/\"]}]},{\"@type\":\"BreadcrumbList\",\"@id\":\"https:\/\/caribbeancinemas.com\/la-gran-noche-del-cine\/#breadcrumb\",\"itemListElement\":[{\"@type\":\"ListItem\",\"position\":1,\"item\":{\"@type\":\"WebPage\",\"@id\":\"https:\/\/caribbeancinemas.com\/\",\"url\":\"https:\/\/caribbeancinemas.com\/\",\"name\":\"Home\"}},{\"@type\":\"ListItem\",\"position\":2,\"item\":{\"@id\":\"https:\/\/caribbeancinemas.com\/la-gran-noche-del-cine\/#webpage\"}}]}]}<\/script>\n<!-- \/ Yoast SEO plugin. -->","_links":{"self":[{"href":"https:\/\/caribbeancinemas.com\/esrd\/wp-json\/wp\/v2\/pages\/16118"}],"collection":[{"href":"https:\/\/caribbeancinemas.com\/esrd\/wp-json\/wp\/v2\/pages"}],"about":[{"href":"https:\/\/caribbeancinemas.com\/esrd\/wp-json\/wp\/v2\/types\/page"}],"author":[{"embeddable":true,"href":"https:\/\/caribbeancinemas.com\/esrd\/wp-json\/wp\/v2\/users\/3"}],"replies":[{"embeddable":true,"href":"https:\/\/caribbeancinemas.com\/esrd\/wp-json\/wp\/v2\/comments?post=16118"}],"version-history":[{"count":22,"href":"https:\/\/caribbeancinemas.com\/esrd\/wp-json\/wp\/v2\/pages\/16118\/revisions"}],"predecessor-version":[{"id":20907,"href":"https:\/\/caribbeancinemas.com\/esrd\/wp-json\/wp\/v2\/pages\/16118\/revisions\/20907"}],"wp:attachment":[{"href":"https:\/\/caribbeancinemas.com\/esrd\/wp-json\/wp\/v2\/media?parent=16118"}],"curies":[{"name":"wp","href":"https:\/\/api.w.org\/{rel}","templated":true}]}}