{"id":16624,"date":"2022-05-19T04:46:07","date_gmt":"2022-05-19T08:46:07","guid":{"rendered":"https:\/\/caribbeancinemas.com\/?page_id=16624"},"modified":"2022-05-21T14:17:00","modified_gmt":"2022-05-21T18:17:00","slug":"","status":"publish","type":"page","link":"https:\/\/caribbeancinemas.com\/esrd\/ficfard\/","title":{"rendered":"","raw":""},"content":{"rendered":"","protected":false,"raw":""},"excerpt":{"rendered":"","protected":false,"raw":""},"author":3,"featured_media":0,"parent":0,"menu_order":0,"comment_status":"closed","ping_status":"closed","template":"","meta":{"_es_post_content":"","_es_post_name":"","_es_post_excerpt":"","_es_post_title":"","_esrd_post_content":"","_esrd_post_name":"","_esrd_post_excerpt":"","_esrd_post_title":"","_enrd_post_content":"","_enrd_post_name":"","_enrd_post_excerpt":"","_enrd_post_title":"","_fanc_post_content":"","_fanc_post_name":"","_fanc_post_excerpt":"","_fanc_post_title":"","_antigua_en_post_content":"","_antigua_en_post_name":"","_antigua_en_post_excerpt":"","_antigua_en_post_title":"","_aruba_en_post_content":"","_aruba_en_post_name":"","_aruba_en_post_excerpt":"","_aruba_en_post_title":"","_guyana_en_post_content":"","_guyana_en_post_name":"","_guyana_en_post_excerpt":"","_guyana_en_post_title":"","_stcroix_en_post_content":"","_stcroix_en_post_name":"","_stcroix_en_post_excerpt":"","_stcroix_en_post_title":"","_stkitts_en_post_content":"","_stkitts_en_post_name":"","_stkitts_en_post_excerpt":"","_stkitts_en_post_title":"","_stlucia_en_post_content":"","_stlucia_en_post_name":"","_stlucia_en_post_excerpt":"","_stlucia_en_post_title":"","_stmaarten_en_post_content":"","_stmaarten_en_post_name":"","_stmaarten_en_post_excerpt":"","_stmaarten_en_post_title":"","_stthomas_en_post_content":"","_stthomas_en_post_name":"","_stthomas_en_post_excerpt":"","_stthomas_en_post_title":"","_trinidad_en_post_content":"","_trinidad_en_post_name":"","_trinidad_en_post_excerpt":"","_trinidad_en_post_title":"","_fr_post_content":"","_fr_post_name":"","_fr_post_excerpt":"","_fr_post_title":"","_arubaes_post_content":"","_arubaes_post_name":"","_arubaes_post_excerpt":"","_arubaes_post_title":"","_bolivia_post_content":"","_bolivia_post_name":"","_bolivia_post_excerpt":"","_bolivia_post_title":"","_curacao_post_content":"","_curacao_post_name":"","_curacao_post_excerpt":"","_curacao_post_title":"","_gt_post_content":"","_gt_post_name":"","_gt_post_excerpt":"","_gt_post_title":"","_panama_post_content":"","_panama_post_name":"","_panama_post_excerpt":"","_panama_post_title":"","_fineartsmiramar_post_content":"","_fineartsmiramar_post_name":"","_fineartsmiramar_post_excerpt":"","_fineartsmiramar_post_title":"","_fineartspopular_post_content":"","_fineartspopular_post_name":"","_fineartspopular_post_excerpt":"","_fineartspopular_post_title":"","_en_post_content":"<a href=\"https:\/\/caribbeancinemas.com\/wp-content\/uploads\/2022\/05\/FICFAdombanner.jpg\"><img class=\"alignnone wp-image-16559 size-full\" src=\"https:\/\/caribbeancinemas.com\/wp-content\/uploads\/2022\/05\/FICFAdombanner.jpg\" alt=\"\" width=\"1900\" height=\"600\" \/><\/a>\r\n<p style=\"text-align: center;\"><span style=\"color: #000000;\">Llega a Puerto Rico el Festival de Cine Fine Arts Hecho en RD donde se presentar\u00e1 una variedad de pel\u00edculas donde predomina la cultura y el talento dominicano desde las diferentes facetas del cine incluyendo, direcci\u00f3n, producci\u00f3n y actuaci\u00f3n, entre otras. El Festival se llevar\u00e1 a cabo en Fine Arts Miramar del 19 al 25 de mayo y se presentar\u00e1n unas 16 pel\u00edculas incluyendo \u201cCarta Blanca\u201d como pel\u00edcula de apertura y \u201cDes-aparecido\u201d como pel\u00edcula de cierre del Festival.<\/span><\/p>\r\n<p style=\"text-align: center;\"><a href=\"https:\/\/caribbeancinemas.com\/wp-content\/uploads\/2022\/05\/Brochure_FICFA_RD.pdf\" target=\"_blank\" rel=\"noopener\">Descargar Brochure Festival<\/a><\/p>\r\n\r\n<h1 style=\"text-align: center;\"><span style=\"color: #000000;\">CARTELERA<\/span><\/h1>\r\n\r\n<hr \/>\r\n\r\n<h2 style=\"text-align: center;\"><span style=\"color: #000000;\">JUEVES 19 DE MAYO<\/span><\/h2>\r\n<table>\r\n<tbody>\r\n<tr>\r\n<td style=\"background-color: #ff0026; text-align: center;\"><a href=\"https:\/\/caribbeancinemas.com\/movie\/8300\/?famiramar\"><img class=\"alignnone size-medium wp-image-16627\" src=\"https:\/\/caribbeancinemas.com\/wp-content\/uploads\/2022\/05\/8300-192x300.jpg\" alt=\"\" width=\"192\" height=\"300\" \/><\/a><\/td>\r\n<td style=\"background-color: #ff0026; text-align: center;\"><a href=\"https:\/\/caribbeancinemas.com\/movie\/8299\/?famiramar\"><img class=\"alignnone size-medium wp-image-16640\" src=\"https:\/\/caribbeancinemas.com\/wp-content\/uploads\/2022\/05\/8299-192x300.jpg\" alt=\"\" width=\"192\" height=\"300\" \/><\/a><\/td>\r\n<td style=\"background-color: #ff0026; text-align: center;\"><a href=\"https:\/\/caribbeancinemas.com\/movie\/7988\/?famiramar\"><img class=\"alignnone size-medium wp-image-16630\" src=\"https:\/\/caribbeancinemas.com\/wp-content\/uploads\/2022\/05\/7988-192x300.jpg\" alt=\"\" width=\"192\" height=\"300\" \/><\/a><\/td>\r\n<\/tr>\r\n<tr>\r\n<td style=\"background-color: #ff0026; text-align: center;\"><span style=\"color: #000000;\"><strong>4:00PM<\/strong><\/span><\/td>\r\n<td style=\"background-color: #ff0026; text-align: center;\"><span style=\"color: #000000;\"><strong>6:40PM<\/strong><\/span><\/td>\r\n<td style=\"background-color: #ff0026; text-align: center;\"><strong><span style=\"color: #000000;\">9:25PM<\/span><\/strong><\/td>\r\n<\/tr>\r\n<\/tbody>\r\n<\/table>\r\n\r\n<hr \/>\r\n\r\n<h2 style=\"text-align: center;\"><span style=\"color: #000000;\">VIERNES 20 DE MAYO<\/span><\/h2>\r\n<table>\r\n<tbody>\r\n<tr>\r\n<td style=\"background-color: #004080; text-align: center;\"><a href=\"https:\/\/caribbeancinemas.com\/movie\/8214\/?famiramar\"><img class=\"alignnone wp-image-16637 size-medium\" src=\"https:\/\/caribbeancinemas.com\/wp-content\/uploads\/2022\/05\/8214-192x300.jpg\" alt=\"\" width=\"192\" height=\"300\" \/><\/a><\/td>\r\n<td style=\"background-color: #004080; text-align: center;\"><a href=\"https:\/\/caribbeancinemas.com\/movie\/8142\/?famiramar\"><img class=\"alignnone wp-image-16636 size-medium\" src=\"https:\/\/caribbeancinemas.com\/wp-content\/uploads\/2022\/05\/8142-192x300.jpg\" alt=\"\" width=\"192\" height=\"300\" \/><\/a><\/td>\r\n<td style=\"background-color: #004080; text-align: center;\"><a href=\"https:\/\/caribbeancinemas.com\/movie\/7991\/?famiramar\"><img class=\"alignnone wp-image-16632 size-medium\" src=\"https:\/\/caribbeancinemas.com\/wp-content\/uploads\/2022\/05\/7991-192x300.jpg\" alt=\"\" width=\"192\" height=\"300\" \/><\/a><\/td>\r\n<\/tr>\r\n<tr>\r\n<td style=\"background-color: #004080; text-align: center;\"><span style=\"color: #000000;\"><strong>4:00PM<\/strong><\/span><\/td>\r\n<td style=\"background-color: #004080; text-align: center;\"><span style=\"color: #000000;\"><strong>6:40PM<\/strong><\/span><\/td>\r\n<td style=\"background-color: #004080; text-align: center;\"><strong><span style=\"color: #000000;\">9:25PM<\/span><\/strong><\/td>\r\n<\/tr>\r\n<\/tbody>\r\n<\/table>\r\n\r\n<hr \/>\r\n\r\n<h2 style=\"text-align: center;\"><span style=\"color: #000000;\">S\u00c1BADO 21 DE MAYO<\/span><\/h2>\r\n<table>\r\n<tbody>\r\n<tr>\r\n<td style=\"background-color: #ff0026; text-align: center;\"><a href=\"https:\/\/caribbeancinemas.com\/movie\/8303\/?famiramar\"><img class=\"alignnone size-medium wp-image-16627\" src=\"https:\/\/caribbeancinemas.com\/wp-content\/uploads\/2022\/05\/8303-192x300.jpg\" alt=\"\" width=\"192\" height=\"300\" \/><\/a><\/td>\r\n<td style=\"background-color: #ff0026; text-align: center;\"><a href=\"https:\/\/caribbeancinemas.com\/movie\/8302\/?famiramar\"><img class=\"alignnone size-medium wp-image-16640\" src=\"https:\/\/caribbeancinemas.com\/wp-content\/uploads\/2022\/05\/8302-192x300.jpg\" alt=\"\" width=\"192\" height=\"300\" \/><\/a><\/td>\r\n<td style=\"background-color: #ff0026; text-align: center;\"><a href=\"https:\/\/caribbeancinemas.com\/movie\/7986\/?famiramar\"><img class=\"alignnone size-medium wp-image-16627\" src=\"https:\/\/caribbeancinemas.com\/wp-content\/uploads\/2022\/05\/7986-192x300.jpg\" alt=\"\" width=\"192\" height=\"300\" \/><\/a><\/td>\r\n<\/tr>\r\n<tr>\r\n<td style=\"background-color: #ff0026; text-align: center;\"><span style=\"color: #000000;\"><strong>1:50PM<\/strong><\/span><\/td>\r\n<td style=\"background-color: #ff0026; text-align: center;\"><span style=\"color: #000000;\"><strong>1:55PM<\/strong><\/span><\/td>\r\n<td style=\"background-color: #ff0026; text-align: center;\"><span style=\"color: #000000;\"><strong>4:00PM<\/strong><\/span><\/td>\r\n<\/tr>\r\n<tr>\r\n<td style=\"background-color: #ff0026; text-align: center;\"><a href=\"https:\/\/caribbeancinemas.com\/movie\/8294\/?famiramar\"><img class=\"alignnone size-medium wp-image-16640\" src=\"https:\/\/caribbeancinemas.com\/wp-content\/uploads\/2022\/05\/8294-192x300.jpg\" alt=\"\" width=\"192\" height=\"300\" \/><\/a><\/td>\r\n<td style=\"background-color: #ff0026; text-align: center;\"><a href=\"https:\/\/caribbeancinemas.com\/movie\/7989\/?famiramar\"><img class=\"alignnone size-medium wp-image-16630\" src=\"https:\/\/caribbeancinemas.com\/wp-content\/uploads\/2022\/05\/7989-192x300.jpg\" alt=\"\" width=\"192\" height=\"300\" \/><\/a><\/td>\r\n<\/tr>\r\n<tr>\r\n<td style=\"background-color: #ff0026; text-align: center;\"><span style=\"color: #000000;\"><strong>6:40PM<\/strong><\/span><\/td>\r\n<td style=\"background-color: #ff0026; text-align: center;\"><strong><span style=\"color: #000000;\">9:25PM<\/span><\/strong><\/td>\r\n<\/tr>\r\n<\/tbody>\r\n<\/table>\r\n\r\n<hr \/>\r\n\r\n<h2 style=\"text-align: center;\"><span style=\"color: #000000;\">DOMINGO 22 DE MAYO<\/span><\/h2>\r\n<table>\r\n<tbody>\r\n<tr>\r\n<td style=\"background-color: #004080; text-align: center;\"><a href=\"https:\/\/caribbeancinemas.com\/movie\/7998\/?famiramar\"><img class=\"alignnone size-medium wp-image-16627\" src=\"https:\/\/caribbeancinemas.com\/wp-content\/uploads\/2022\/05\/7998-192x300.jpg\" alt=\"\" width=\"192\" height=\"300\" \/><\/a><\/td>\r\n<td style=\"background-color: #004080; text-align: center;\"><a href=\"https:\/\/caribbeancinemas.com\/movie\/7800\/?famiramar\"><img class=\"alignnone size-medium wp-image-16640\" src=\"https:\/\/caribbeancinemas.com\/wp-content\/uploads\/2022\/05\/7800-192x300.jpg\" alt=\"\" width=\"192\" height=\"300\" \/><\/a><\/td>\r\n<td style=\"background-color: #004080; text-align: center;\"><a href=\"https:\/\/caribbeancinemas.com\/movie\/8001\/?famiramar\"><img class=\"alignnone size-medium wp-image-16627\" src=\"https:\/\/caribbeancinemas.com\/wp-content\/uploads\/2022\/05\/8001-192x300.jpg\" alt=\"\" width=\"192\" height=\"300\" \/><\/a><\/td>\r\n<\/tr>\r\n<tr>\r\n<td style=\"background-color: #004080; text-align: center;\"><span style=\"color: #000000;\"><strong>1:50PM<\/strong><\/span><\/td>\r\n<td style=\"background-color: #004080; text-align: center;\"><span style=\"color: #000000;\"><strong>1:55PM<\/strong><\/span><\/td>\r\n<td style=\"background-color: #004080; text-align: center;\"><span style=\"color: #000000;\"><strong>4:00PM<\/strong><\/span><\/td>\r\n<\/tr>\r\n<tr>\r\n<td style=\"background-color: #004080; text-align: center;\"><a href=\"https:\/\/caribbeancinemas.com\/movie\/8298\/?famiramar\"><img class=\"alignnone size-medium wp-image-16640\" src=\"https:\/\/caribbeancinemas.com\/wp-content\/uploads\/2022\/05\/8298-192x300.jpg\" alt=\"\" width=\"192\" height=\"300\" \/><\/a><\/td>\r\n<td style=\"background-color: #004080; text-align: center;\"><a href=\"https:\/\/caribbeancinemas.com\/movie\/7997\/?famiramar\"><img class=\"alignnone size-medium wp-image-16630\" src=\"https:\/\/caribbeancinemas.com\/wp-content\/uploads\/2022\/05\/7997-192x300.jpg\" alt=\"\" width=\"192\" height=\"300\" \/><\/a><\/td>\r\n<\/tr>\r\n<tr>\r\n<td style=\"background-color: #004080; text-align: center;\"><span style=\"color: #000000;\"><strong>6:40PM<\/strong><\/span><\/td>\r\n<td style=\"background-color: #004080; text-align: center;\"><strong><span style=\"color: #000000;\">9:25PM<\/span><\/strong><\/td>\r\n<\/tr>\r\n<\/tbody>\r\n<\/table>\r\n\r\n<hr \/>\r\n\r\n<h2 style=\"text-align: center;\"><span style=\"color: #000000;\">LUNES 23 DE MAYO<\/span><\/h2>\r\n<table>\r\n<tbody>\r\n<tr>\r\n<td style=\"background-color: #ff0026; text-align: center;\"><a href=\"https:\/\/caribbeancinemas.com\/movie\/8142\/?famiramar\"><img class=\"alignnone size-medium wp-image-16627\" src=\"https:\/\/caribbeancinemas.com\/wp-content\/uploads\/2022\/05\/8142-192x300.jpg\" alt=\"\" width=\"192\" height=\"300\" \/><\/a><\/td>\r\n<td style=\"background-color: #ff0026; text-align: center;\"><a href=\"https:\/\/caribbeancinemas.com\/movie\/7986\/?famiramar\"><img class=\"alignnone size-medium wp-image-16640\" src=\"https:\/\/caribbeancinemas.com\/wp-content\/uploads\/2022\/05\/7986-192x300.jpg\" alt=\"\" width=\"192\" height=\"300\" \/><\/a><\/td>\r\n<td style=\"background-color: #ff0026; text-align: center;\"><a href=\"https:\/\/caribbeancinemas.com\/movie\/7988\/?famiramar\"><img class=\"alignnone size-medium wp-image-16630\" src=\"https:\/\/caribbeancinemas.com\/wp-content\/uploads\/2022\/05\/7988-192x300.jpg\" alt=\"\" width=\"192\" height=\"300\" \/><\/a><\/td>\r\n<\/tr>\r\n<tr>\r\n<td style=\"background-color: #ff0026; text-align: center;\"><span style=\"color: #000000;\"><strong>4:00PM<\/strong><\/span><\/td>\r\n<td style=\"background-color: #ff0026; text-align: center;\"><span style=\"color: #000000;\"><strong>6:40PM<\/strong><\/span><\/td>\r\n<td style=\"background-color: #ff0026; text-align: center;\"><strong><span style=\"color: #000000;\">9:25PM<\/span><\/strong><\/td>\r\n<\/tr>\r\n<\/tbody>\r\n<\/table>\r\n\r\n<hr \/>\r\n\r\n<h2 style=\"text-align: center;\"><span style=\"color: #000000;\">MARTES 24 DE MAYO<\/span><\/h2>\r\n<table>\r\n<tbody>\r\n<tr>\r\n<td style=\"background-color: #004080; text-align: center;\"><a href=\"https:\/\/caribbeancinemas.com\/movie\/8298\/?famiramar\"><img class=\"alignnone wp-image-16637 size-medium\" src=\"https:\/\/caribbeancinemas.com\/wp-content\/uploads\/2022\/05\/8298-192x300.jpg\" alt=\"\" width=\"192\" height=\"300\" \/><\/a><\/td>\r\n<td style=\"background-color: #004080; text-align: center;\"><a href=\"https:\/\/caribbeancinemas.com\/movie\/8302\/?famiramar\"><img class=\"alignnone wp-image-16636 size-medium\" src=\"https:\/\/caribbeancinemas.com\/wp-content\/uploads\/2022\/05\/8302-192x300.jpg\" alt=\"\" width=\"192\" height=\"300\" \/><\/a><\/td>\r\n<td style=\"background-color: #004080; text-align: center;\"><a href=\"https:\/\/caribbeancinemas.com\/movie\/8001\/?famiramar\"><img class=\"alignnone wp-image-16632 size-medium\" src=\"https:\/\/caribbeancinemas.com\/wp-content\/uploads\/2022\/05\/8001-192x300.jpg\" alt=\"\" width=\"192\" height=\"300\" \/><\/a><\/td>\r\n<\/tr>\r\n<tr>\r\n<td style=\"background-color: #004080; text-align: center;\"><span style=\"color: #000000;\"><strong>4:00PM<\/strong><\/span><\/td>\r\n<td style=\"background-color: #004080; text-align: center;\"><span style=\"color: #000000;\"><strong>6:40PM<\/strong><\/span><\/td>\r\n<td style=\"background-color: #004080; text-align: center;\"><strong><span style=\"color: #000000;\">9:25PM<\/span><\/strong><\/td>\r\n<\/tr>\r\n<\/tbody>\r\n<\/table>\r\n\r\n<hr \/>\r\n\r\n<h2 style=\"text-align: center;\"><span style=\"color: #000000;\">MI\u00c9RCOLES 25 DE MAYO<\/span><\/h2>\r\n<table>\r\n<tbody>\r\n<tr>\r\n<td style=\"background-color: #ff0026; text-align: center;\"><a href=\"https:\/\/caribbeancinemas.com\/movie\/8299\/?famiramar\"><img class=\"alignnone size-medium wp-image-16627\" src=\"https:\/\/caribbeancinemas.com\/wp-content\/uploads\/2022\/05\/8299-192x300.jpg\" alt=\"\" width=\"192\" height=\"300\" \/><\/a><\/td>\r\n<td style=\"background-color: #ff0026; text-align: center;\"><a href=\"https:\/\/caribbeancinemas.com\/movie\/8294\/?famiramar\"><img class=\"alignnone size-medium wp-image-16640\" src=\"https:\/\/caribbeancinemas.com\/wp-content\/uploads\/2022\/05\/8294-192x300.jpg\" alt=\"\" width=\"192\" height=\"300\" \/><\/a><\/td>\r\n<td style=\"background-color: #ff0026; text-align: center;\"><a href=\"https:\/\/caribbeancinemas.com\/movie\/8300\/?famiramar\"><img class=\"alignnone size-medium wp-image-16630\" src=\"https:\/\/caribbeancinemas.com\/wp-content\/uploads\/2022\/05\/8300-192x300.jpg\" alt=\"\" width=\"192\" height=\"300\" \/><\/a><\/td>\r\n<\/tr>\r\n<tr>\r\n<td style=\"background-color: #ff0026; text-align: center;\"><span style=\"color: #000000;\"><strong>4:00PM<\/strong><\/span><\/td>\r\n<td style=\"background-color: #ff0026; text-align: center;\"><span style=\"color: #000000;\"><strong>6:40PM<\/strong><\/span><\/td>\r\n<td style=\"background-color: #ff0026; text-align: center;\"><strong><span style=\"color: #000000;\">9:25PM<\/span><\/strong><\/td>\r\n<\/tr>\r\n<\/tbody>\r\n<\/table>\r\n&nbsp;","_en_post_name":"ficfard","_en_post_excerpt":"","_en_post_title":"FESTIVAL DE CINE FINE ARTS HECHO EN RD","edit_language":"esrd"},"yoast_head":"<!-- This site is optimized with the Yoast SEO plugin v16.2 - https:\/\/yoast.com\/wordpress\/plugins\/seo\/ -->\n<meta name=\"robots\" content=\"index, follow, max-snippet:-1, max-image-preview:large, max-video-preview:-1\" \/>\n<link rel=\"canonical\" href=\"https:\/\/caribbeancinemas.com\/ficfard\/\" \/>\n<meta property=\"og:locale\" content=\"es_ES\" \/>\n<meta property=\"og:type\" content=\"article\" \/>\n<meta property=\"og:title\" content=\"FESTIVAL DE CINE FINE ARTS HECHO EN RD | Caribbean Cinemas\" \/>\n<meta property=\"og:description\" content=\"Llega a Puerto Rico el Festival de Cine Fine Arts Hecho en RD donde se presentar\u00e1 una variedad de pel\u00edculas donde predomina la cultura y el talento dominicano desde las diferentes facetas del cine incluyendo, direcci\u00f3n, producci\u00f3n y actuaci\u00f3n, entre otras. El Festival se llevar\u00e1 a cabo en Fine Arts Miramar del 19 al 25... Leer m\u00e1s &raquo;\" \/>\n<meta property=\"og:url\" content=\"https:\/\/caribbeancinemas.com\/ficfard\/\" \/>\n<meta property=\"og:site_name\" content=\"Caribbean Cinemas\" \/>\n<meta property=\"article:publisher\" content=\"https:\/\/www.facebook.com\/caribbeancinemas\" \/>\n<meta property=\"article:modified_time\" content=\"2022-05-21T18:17:00+00:00\" \/>\n<meta property=\"og:image\" content=\"https:\/\/caribbeancinemas.com\/wp-content\/uploads\/2022\/05\/FICFAdombanner.jpg\" \/>\n<meta name=\"twitter:card\" content=\"summary\" \/>\n<meta name=\"twitter:label1\" content=\"Tiempo de lectura\">\n\t<meta name=\"twitter:data1\" content=\"6 minutes\">\n<script type=\"application\/ld+json\" class=\"yoast-schema-graph\">{\"@context\":\"https:\/\/schema.org\",\"@graph\":[{\"@type\":\"WebSite\",\"@id\":\"https:\/\/caribbeancinemas.com\/#website\",\"url\":\"https:\/\/caribbeancinemas.com\/\",\"name\":\"Caribbean Cinemas\",\"description\":\"\",\"potentialAction\":[{\"@type\":\"SearchAction\",\"target\":\"https:\/\/caribbeancinemas.com\/?s={search_term_string}\",\"query-input\":\"required name=search_term_string\"}],\"inLanguage\":\"es-ES\"},{\"@type\":\"ImageObject\",\"@id\":\"https:\/\/caribbeancinemas.com\/ficfard\/#primaryimage\",\"inLanguage\":\"es-ES\",\"url\":\"https:\/\/caribbeancinemas.com\/wp-content\/uploads\/2022\/05\/FICFAdombanner.jpg\",\"contentUrl\":\"https:\/\/caribbeancinemas.com\/wp-content\/uploads\/2022\/05\/FICFAdombanner.jpg\",\"width\":1900,\"height\":600},{\"@type\":\"WebPage\",\"@id\":\"https:\/\/caribbeancinemas.com\/ficfard\/#webpage\",\"url\":\"https:\/\/caribbeancinemas.com\/ficfard\/\",\"name\":\"FESTIVAL DE CINE FINE ARTS HECHO EN RD | Caribbean Cinemas\",\"isPartOf\":{\"@id\":\"https:\/\/caribbeancinemas.com\/#website\"},\"primaryImageOfPage\":{\"@id\":\"https:\/\/caribbeancinemas.com\/ficfard\/#primaryimage\"},\"datePublished\":\"2022-05-19T08:46:07+00:00\",\"dateModified\":\"2022-05-21T18:17:00+00:00\",\"breadcrumb\":{\"@id\":\"https:\/\/caribbeancinemas.com\/ficfard\/#breadcrumb\"},\"inLanguage\":\"es-ES\",\"potentialAction\":[{\"@type\":\"ReadAction\",\"target\":[\"https:\/\/caribbeancinemas.com\/ficfard\/\"]}]},{\"@type\":\"BreadcrumbList\",\"@id\":\"https:\/\/caribbeancinemas.com\/ficfard\/#breadcrumb\",\"itemListElement\":[{\"@type\":\"ListItem\",\"position\":1,\"item\":{\"@type\":\"WebPage\",\"@id\":\"https:\/\/caribbeancinemas.com\/\",\"url\":\"https:\/\/caribbeancinemas.com\/\",\"name\":\"Home\"}},{\"@type\":\"ListItem\",\"position\":2,\"item\":{\"@id\":\"https:\/\/caribbeancinemas.com\/ficfard\/#webpage\"}}]}]}<\/script>\n<!-- \/ Yoast SEO plugin. -->","_links":{"self":[{"href":"https:\/\/caribbeancinemas.com\/esrd\/wp-json\/wp\/v2\/pages\/16624"}],"collection":[{"href":"https:\/\/caribbeancinemas.com\/esrd\/wp-json\/wp\/v2\/pages"}],"about":[{"href":"https:\/\/caribbeancinemas.com\/esrd\/wp-json\/wp\/v2\/types\/page"}],"author":[{"embeddable":true,"href":"https:\/\/caribbeancinemas.com\/esrd\/wp-json\/wp\/v2\/users\/3"}],"replies":[{"embeddable":true,"href":"https:\/\/caribbeancinemas.com\/esrd\/wp-json\/wp\/v2\/comments?post=16624"}],"version-history":[{"count":11,"href":"https:\/\/caribbeancinemas.com\/esrd\/wp-json\/wp\/v2\/pages\/16624\/revisions"}],"predecessor-version":[{"id":16663,"href":"https:\/\/caribbeancinemas.com\/esrd\/wp-json\/wp\/v2\/pages\/16624\/revisions\/16663"}],"wp:attachment":[{"href":"https:\/\/caribbeancinemas.com\/esrd\/wp-json\/wp\/v2\/media?parent=16624"}],"curies":[{"name":"wp","href":"https:\/\/api.w.org\/{rel}","templated":true}]}}