{"id":17103,"date":"2022-07-18T12:21:14","date_gmt":"2022-07-18T16:21:14","guid":{"rendered":"https:\/\/caribbeancinemas.com\/?page_id=17103"},"modified":"2023-03-20T17:40:58","modified_gmt":"2023-03-20T21:40:58","slug":"","status":"publish","type":"page","link":"https:\/\/caribbeancinemas.com\/esrd\/customerservice\/","title":{"rendered":"","raw":""},"content":{"rendered":"","protected":false,"raw":""},"excerpt":{"rendered":"","protected":false,"raw":""},"author":3,"featured_media":0,"parent":0,"menu_order":0,"comment_status":"closed","ping_status":"closed","template":"","meta":{"_es_post_content":"","_es_post_name":"","_es_post_excerpt":"","_es_post_title":"","_esrd_post_content":"","_esrd_post_name":"","_esrd_post_excerpt":"","_esrd_post_title":"","_enrd_post_content":"","_enrd_post_name":"","_enrd_post_excerpt":"","_enrd_post_title":"","_fanc_post_content":"","_fanc_post_name":"","_fanc_post_excerpt":"","_fanc_post_title":"","_antigua_en_post_content":"","_antigua_en_post_name":"","_antigua_en_post_excerpt":"","_antigua_en_post_title":"","_aruba_en_post_content":"","_aruba_en_post_name":"","_aruba_en_post_excerpt":"","_aruba_en_post_title":"","_guyana_en_post_content":"","_guyana_en_post_name":"","_guyana_en_post_excerpt":"","_guyana_en_post_title":"","_stcroix_en_post_content":"","_stcroix_en_post_name":"","_stcroix_en_post_excerpt":"","_stcroix_en_post_title":"","_stkitts_en_post_content":"","_stkitts_en_post_name":"","_stkitts_en_post_excerpt":"","_stkitts_en_post_title":"","_stlucia_en_post_content":"","_stlucia_en_post_name":"","_stlucia_en_post_excerpt":"","_stlucia_en_post_title":"","_stmaarten_en_post_content":"","_stmaarten_en_post_name":"","_stmaarten_en_post_excerpt":"","_stmaarten_en_post_title":"","_stthomas_en_post_content":"","_stthomas_en_post_name":"","_stthomas_en_post_excerpt":"","_stthomas_en_post_title":"","_trinidad_en_post_content":"","_trinidad_en_post_name":"","_trinidad_en_post_excerpt":"","_trinidad_en_post_title":"","_fr_post_content":"","_fr_post_name":"","_fr_post_excerpt":"","_fr_post_title":"","_arubaes_post_content":"","_arubaes_post_name":"","_arubaes_post_excerpt":"","_arubaes_post_title":"","_bolivia_post_content":"","_bolivia_post_name":"","_bolivia_post_excerpt":"","_bolivia_post_title":"","_curacao_post_content":"","_curacao_post_name":"","_curacao_post_excerpt":"","_curacao_post_title":"","_gt_post_content":"<h2><a href=\"https:\/\/caribbeancinemas.com\/wp-content\/uploads\/2022\/07\/hcs-01.jpg\"><img class=\"wp-image-17112 size-full aligncenter\" src=\"https:\/\/caribbeancinemas.com\/wp-content\/uploads\/2022\/07\/hcs-01.jpg\" alt=\"\" width=\"2062\" height=\"362\" \/><\/a>\r\n\u00a1Queremos escuchar de ti!<\/h2>\r\n<h3>Tu opini\u00f3n es muy importante para nosotros. D\u00e9janos saber c\u00f3mo podemos asistirte.<\/h3>\r\n[contact-form-7 id=\"17099\" title=\"Customer Service\"]","_gt_post_name":"customerservice","_gt_post_excerpt":"","_gt_post_title":"","_panama_post_content":"","_panama_post_name":"","_panama_post_excerpt":"","_panama_post_title":"","_fineartsmiramar_post_content":"","_fineartsmiramar_post_name":"","_fineartsmiramar_post_excerpt":"","_fineartsmiramar_post_title":"","_fineartspopular_post_content":"","_fineartspopular_post_name":"","_fineartspopular_post_excerpt":"","_fineartspopular_post_title":"","_en_post_content":"<h2><a href=\"https:\/\/caribbeancinemas.com\/wp-content\/uploads\/2022\/07\/hcs-01.jpg\"><img class=\"wp-image-17112 size-full aligncenter\" src=\"https:\/\/caribbeancinemas.com\/wp-content\/uploads\/2022\/07\/hcs-01.jpg\" alt=\"\" width=\"2062\" height=\"362\" \/><\/a>\r\nWe want to hear from you!<\/h2>\r\n<h3>Your opinion is very important to us. Please let us know how we can assist you.<\/h3>\r\n[contact-form-7 id=\"17099\" title=\"Customer Service\"]","_en_post_name":"customerservice","_en_post_excerpt":"","_en_post_title":"Customer Service","edit_language":"esrd"},"yoast_head":"<!-- This site is optimized with the Yoast SEO plugin v16.2 - https:\/\/yoast.com\/wordpress\/plugins\/seo\/ -->\n<meta name=\"robots\" content=\"index, follow, max-snippet:-1, max-image-preview:large, max-video-preview:-1\" \/>\n<link rel=\"canonical\" href=\"https:\/\/caribbeancinemas.com\/customerservice\/\" \/>\n<meta property=\"og:locale\" content=\"es_ES\" \/>\n<meta property=\"og:type\" content=\"article\" \/>\n<meta property=\"og:title\" content=\"Customer Service | Caribbean Cinemas\" \/>\n<meta property=\"og:description\" content=\"We want to hear from you! Your opinion is very important to us. Please let us know how we can assist you.\" \/>\n<meta property=\"og:url\" content=\"https:\/\/caribbeancinemas.com\/customerservice\/\" \/>\n<meta property=\"og:site_name\" content=\"Caribbean Cinemas\" \/>\n<meta property=\"article:publisher\" content=\"https:\/\/www.facebook.com\/caribbeancinemas\" \/>\n<meta property=\"article:modified_time\" content=\"2023-03-20T21:40:58+00:00\" \/>\n<meta property=\"og:image\" content=\"https:\/\/caribbeancinemas.com\/wp-content\/uploads\/2022\/07\/hcs-01.jpg\" \/>\n<meta name=\"twitter:card\" content=\"summary\" \/>\n<meta name=\"twitter:label1\" content=\"Tiempo de lectura\">\n\t<meta name=\"twitter:data1\" content=\"1 minute\">\n<script type=\"application\/ld+json\" class=\"yoast-schema-graph\">{\"@context\":\"https:\/\/schema.org\",\"@graph\":[{\"@type\":\"WebSite\",\"@id\":\"https:\/\/caribbeancinemas.com\/#website\",\"url\":\"https:\/\/caribbeancinemas.com\/\",\"name\":\"Caribbean Cinemas\",\"description\":\"\",\"potentialAction\":[{\"@type\":\"SearchAction\",\"target\":\"https:\/\/caribbeancinemas.com\/?s={search_term_string}\",\"query-input\":\"required name=search_term_string\"}],\"inLanguage\":\"es-ES\"},{\"@type\":\"ImageObject\",\"@id\":\"https:\/\/caribbeancinemas.com\/customerservice\/#primaryimage\",\"inLanguage\":\"es-ES\",\"url\":\"https:\/\/caribbeancinemas.com\/wp-content\/uploads\/2022\/07\/hcs-01.jpg\",\"contentUrl\":\"https:\/\/caribbeancinemas.com\/wp-content\/uploads\/2022\/07\/hcs-01.jpg\",\"width\":2062,\"height\":362},{\"@type\":\"WebPage\",\"@id\":\"https:\/\/caribbeancinemas.com\/customerservice\/#webpage\",\"url\":\"https:\/\/caribbeancinemas.com\/customerservice\/\",\"name\":\"Customer Service | Caribbean Cinemas\",\"isPartOf\":{\"@id\":\"https:\/\/caribbeancinemas.com\/#website\"},\"primaryImageOfPage\":{\"@id\":\"https:\/\/caribbeancinemas.com\/customerservice\/#primaryimage\"},\"datePublished\":\"2022-07-18T16:21:14+00:00\",\"dateModified\":\"2023-03-20T21:40:58+00:00\",\"breadcrumb\":{\"@id\":\"https:\/\/caribbeancinemas.com\/customerservice\/#breadcrumb\"},\"inLanguage\":\"es-ES\",\"potentialAction\":[{\"@type\":\"ReadAction\",\"target\":[\"https:\/\/caribbeancinemas.com\/customerservice\/\"]}]},{\"@type\":\"BreadcrumbList\",\"@id\":\"https:\/\/caribbeancinemas.com\/customerservice\/#breadcrumb\",\"itemListElement\":[{\"@type\":\"ListItem\",\"position\":1,\"item\":{\"@type\":\"WebPage\",\"@id\":\"https:\/\/caribbeancinemas.com\/\",\"url\":\"https:\/\/caribbeancinemas.com\/\",\"name\":\"Home\"}},{\"@type\":\"ListItem\",\"position\":2,\"item\":{\"@id\":\"https:\/\/caribbeancinemas.com\/customerservice\/#webpage\"}}]}]}<\/script>\n<!-- \/ Yoast SEO plugin. -->","_links":{"self":[{"href":"https:\/\/caribbeancinemas.com\/esrd\/wp-json\/wp\/v2\/pages\/17103"}],"collection":[{"href":"https:\/\/caribbeancinemas.com\/esrd\/wp-json\/wp\/v2\/pages"}],"about":[{"href":"https:\/\/caribbeancinemas.com\/esrd\/wp-json\/wp\/v2\/types\/page"}],"author":[{"embeddable":true,"href":"https:\/\/caribbeancinemas.com\/esrd\/wp-json\/wp\/v2\/users\/3"}],"replies":[{"embeddable":true,"href":"https:\/\/caribbeancinemas.com\/esrd\/wp-json\/wp\/v2\/comments?post=17103"}],"version-history":[{"count":9,"href":"https:\/\/caribbeancinemas.com\/esrd\/wp-json\/wp\/v2\/pages\/17103\/revisions"}],"predecessor-version":[{"id":17114,"href":"https:\/\/caribbeancinemas.com\/esrd\/wp-json\/wp\/v2\/pages\/17103\/revisions\/17114"}],"wp:attachment":[{"href":"https:\/\/caribbeancinemas.com\/esrd\/wp-json\/wp\/v2\/media?parent=17103"}],"curies":[{"name":"wp","href":"https:\/\/api.w.org\/{rel}","templated":true}]}}