{"id":2984,"date":"2016-08-26T19:42:44","date_gmt":"2016-08-26T19:42:44","guid":{"rendered":"http:\/\/caribbeancinemas.com\/?page_id=2984"},"modified":"2017-05-22T22:00:36","modified_gmt":"2017-05-22T22:00:36","slug":"","status":"publish","type":"page","link":"https:\/\/caribbeancinemas.com\/esrd\/imax-documentaries\/","title":{"rendered":"","raw":""},"content":{"rendered":"","protected":false,"raw":""},"excerpt":{"rendered":"","protected":false,"raw":""},"author":1,"featured_media":0,"parent":0,"menu_order":0,"comment_status":"closed","ping_status":"closed","template":"","meta":{"_es_post_content":"","_es_post_name":"","_es_post_excerpt":"","_es_post_title":"","_esrd_post_content":"","_esrd_post_name":"","_esrd_post_excerpt":"","_esrd_post_title":"","_enrd_post_content":"","_enrd_post_name":"","_enrd_post_excerpt":"","_enrd_post_title":"","_fanc_post_content":"","_fanc_post_name":"","_fanc_post_excerpt":"","_fanc_post_title":"","_antigua_en_post_content":"","_antigua_en_post_name":"","_antigua_en_post_excerpt":"","_antigua_en_post_title":"","_aruba_en_post_content":"","_aruba_en_post_name":"","_aruba_en_post_excerpt":"","_aruba_en_post_title":"","_guyana_en_post_content":"","_guyana_en_post_name":"","_guyana_en_post_excerpt":"","_guyana_en_post_title":"","_stcroix_en_post_content":"","_stcroix_en_post_name":"","_stcroix_en_post_excerpt":"","_stcroix_en_post_title":"","_stkitts_en_post_content":"","_stkitts_en_post_name":"","_stkitts_en_post_excerpt":"","_stkitts_en_post_title":"","_stlucia_en_post_content":"","_stlucia_en_post_name":"","_stlucia_en_post_excerpt":"","_stlucia_en_post_title":"","_stmaarten_en_post_content":"","_stmaarten_en_post_name":"","_stmaarten_en_post_excerpt":"","_stmaarten_en_post_title":"","_stthomas_en_post_content":"","_stthomas_en_post_name":"","_stthomas_en_post_excerpt":"","_stthomas_en_post_title":"","_trinidad_en_post_content":"","_trinidad_en_post_name":"","_trinidad_en_post_excerpt":"","_trinidad_en_post_title":"","_fr_post_content":"","_fr_post_name":"","_fr_post_excerpt":"","_fr_post_title":"","_arubaes_post_content":"","_arubaes_post_name":"","_arubaes_post_excerpt":"","_arubaes_post_title":"","_bolivia_post_content":"<span lang=\"ES\" style=\"margin: 0px; line-height: 115%; font-family: 'Arial Narrow',sans-serif; font-size: 14pt;\"><span style=\"color: #000000;\">\u00a0<\/span><\/span>\r\n\r\nA partir del pr\u00f3ximo 15 de septiembre comenzaremos a exhibir en la programaci\u00f3n regular de Montehiedra Cinemas la serie de documentales filmados totalmente con c\u00e1maras IMAX. La semana de lanzamiento ser\u00e1 de 15 al 21 de septiembre con funciones en el horario regular del cine a partir de las 11:00am. Luego, desde el 22 de septiembre en adelante, se presentar\u00e1n solo en horario matutino con una funci\u00f3n de jueves a domingo a las 9:45 de la ma\u00f1ana.\r\nLos documentales tienen una duraci\u00f3n promedio de 40 a 45 minutos y est\u00e1n dirigidos al p\u00fablico en general, as\u00ed como a grupos de escuelas, corporativos, campamentos, etc. Adem\u00e1s, las funciones se alternar\u00e1n con versiones en ingl\u00e9s (sin subt\u00edtulos) y dobladas al espa\u00f1ol.\r\nLa compa\u00f1\u00eda IMAX cuenta con una biblioteca de documentales educativos presentados de manera entretenida e inmersiva con temas que tratan desde el espacio hasta el fondo del mar, donde se rese\u00f1an lugares nunca antes vistos captados por equipos de audio y video especializados.\u00a0 Las c\u00e1maras IMAX han superado los l\u00edmites de la ingenier\u00eda y son conocidas en toda la industria como las mejores herramientas de filmaci\u00f3n de alta calidad disponibles en la actualidad.\r\nEsta tecnolog\u00eda es mundialmente conocida por la claridad y el detalle visual que se puede apreciar en una pantalla gigante, en este caso, la pantalla AT&amp;T IMAX de Montehiedra Cinemas mide 80 pies de ancho por 54 pies de alto. Esa pantalla junto a dos proyectores que funcionan simult\u00e1neamente para proporcionar una imagen perfecta, ofrecen lo m\u00e1s cercano a la realidad que el expectador pueda haber experimentado. De igual forma, la precisi\u00f3n y el ajuste de sonido integrado permite al espectador, no solo escuchar definidamente sino sentir hasta la ca\u00edda de un alfiler, logrando as\u00ed una experiencia intensa y envolvente.\r\nAl igual que la \u00f3pera y el ballet, los documentales IMAX vienen a formar parte de nuestra plataforma de contenido alternativo \u201cCinema Events\u201d. Los t\u00edtulos que comenzar\u00e1n a presentarse en d\u00edas alternos\u00a0 son: A Beautiful Planet, narrado por Jennifer Lawrence, Born to be Wild, narrado por Morgan Freeman y Deep Sea, narrado por Kate Winslet y Johnny Depp. El costo de los boletos ser\u00e1: $8.50 adultos \/ $6.50 menores y seniors, todas las funciones ser\u00e1n 3D.\r\n\r\n<img class=\"size-full wp-image-3229 aligncenter\" src=\"http:\/\/caribbeancinemas.com\/wp-content\/uploads\/2016\/08\/borntobewild.jpg\" alt=\"borntobewild\" width=\"655\" height=\"250\" \/>\r\n<p style=\"text-align: center;\"><strong>Born to be Wild 3D es una historia inspirada en el amor, la dedicaci\u00f3n y el v\u00ednculo importante entre los seres humanos y animales. Esta pel\u00edcula documenta los orangutanes hu\u00e9rfanos y los elefantes y la gente extraordinaria que los rescatan y crian. Es una aventura conmovedora que transporta a los espectadores a las selvas de Borneo con el mundialmente famoso primat\u00f3logo Dr. Birute Galdikas, y a trav\u00e9s de la sabana de Kenya con la famosa autoridad en elefantes Dame Daphne Sheldrick, y veremos c\u00f3mo ellos y su equipo de rescate, rehabilitan y devuelven a los animales a su h\u00e1bitat natural.<\/strong><\/p>\r\n\r\n\r\n<hr \/>\r\n\r\n<img class=\"size-large wp-image-3230 aligncenter\" src=\"http:\/\/caribbeancinemas.com\/wp-content\/uploads\/2016\/08\/abeautifulplanet.jpg\" alt=\"abeautifulplanet\" width=\"655\" height=\"250\" \/>\r\n<p style=\"text-align: center;\"><strong><em>A Beautiful Planet, <\/em>narrado por Jennifer Lawrence, explora la visi\u00f3n de la Tierra desde el espacio. Un magn\u00edfico planeta azul salpicado con nubes de gasa, un lugar hermoso\u2026 que est\u00e1 cambiando. Este documental explora la Tierra desde una nueva perspectiva: el espacio exterior, mostrando un punto de vista que hasta ahora quedaba reservado para los astronautas y haciendo \u00e9nfasis en la necesidad de cuidar el planeta que es nuestro hogar. Toni Myers (Estaci\u00f3n espacial 3D) dirige este documental hecho en colaboraci\u00f3n con la NASA. <\/strong><\/p>\r\n\r\n\r\n<hr \/>\r\n<p style=\"text-align: center;\"><img class=\"size-large wp-image-3231 aligncenter\" src=\"http:\/\/caribbeancinemas.com\/wp-content\/uploads\/2016\/08\/deepsea.jpg\" alt=\"deepsea\" width=\"655\" height=\"250\" \/><strong>Deep Sea es una aventura de inmersi\u00f3n submarina de IMAX que transporta a la audiencia a grandes profundidades bajo la superficie del oc\u00e9ano, la conduce a varios lugares por las aguas del globo y les muestra un mundo colorido nunca antes visto. Es narrado por Johnny Depp y Kate Winslet, quienes ponen al espectador en contacto con la fauna marina y los tesoros naturales submarinos. \u00a0<\/strong><\/p>","_bolivia_post_name":"imax-documentaries","_bolivia_post_excerpt":"","_bolivia_post_title":"","_curacao_post_content":"","_curacao_post_name":"","_curacao_post_excerpt":"","_curacao_post_title":"","_gt_post_content":"","_gt_post_name":"","_gt_post_excerpt":"","_gt_post_title":"","_panama_post_content":"","_panama_post_name":"","_panama_post_excerpt":"","_panama_post_title":"","_fineartsmiramar_post_content":"","_fineartsmiramar_post_name":"","_fineartsmiramar_post_excerpt":"","_fineartsmiramar_post_title":"","_fineartspopular_post_content":"","_fineartspopular_post_name":"","_fineartspopular_post_excerpt":"","_fineartspopular_post_title":"","_en_post_content":"<img class=\"alignnone wp-image-4552 size-full\" src=\"http:\/\/caribbeancinemas.com\/wp-content\/uploads\/2016\/08\/abp_small.png\" alt=\"\" width=\"680\" height=\"227\" \/>\r\n<p style=\"text-align: center;\"><strong>A Beautiful Planet is a breathtaking portrait of Earth from space, providing a unique perspective and increased understanding of our planet and galaxy as never seen before. Made in cooperation with the National Aeronautics and Space Administration (NASA), the film features stunning footage of our magnificent blue planet \u2014 and the effects humanity has had on it over time \u2014 captured by the astronauts aboard the International Space Station (ISS). Narrated by Jennifer Lawrence and from IMAX Entertainment and Toni Myers \u2014 the acclaimed filmmaker behind celebrated IMAX\u00ae documentaries Blue Planet, Hubble 3D, and Space Station 3D \u2014 A Beautiful Planet presents an awe-inspiring glimpse of Earth and a hopeful look into the future of humanity.<\/strong><\/p>\r\n\r\n\r\n<hr \/>\r\n\r\n<img class=\"alignnone wp-image-4553 size-full\" src=\"http:\/\/caribbeancinemas.com\/wp-content\/uploads\/2016\/08\/deepsea-1.jpg\" alt=\"\" width=\"680\" height=\"287\" \/>\r\n<p style=\"text-align: center;\"><strong>Sea life in a whole new way. Deep Sea 3D, an underwater adventure from the filmmakers behind the successful IMAX(R) 3D film Into the Deep, transports audiences deep below the ocean surface. Through the magic of IMAX(R); and IMAX 3D, moviegoers will swim with some of the planets most unique, dangerous and colorful creatures, and understand this inspiring underworld. Deep Sea 3D has been awarded the Entertainment Seal of Approval by the Parent's Television Council, which salutes the best in Hollywood entertainment. It is awarded to outstanding films, television programs and DVDs that are suitable for the entire family.<\/strong><\/p>\r\n\r\n\r\n<hr \/>\r\n<p style=\"text-align: center;\"><img class=\"wp-image-4360 size-large aligncenter\" src=\"http:\/\/caribbeancinemas.com\/wp-content\/uploads\/2016\/08\/Jerusalem_1200x490-1024x418.jpg\" alt=\"\" width=\"680\" height=\"278\" \/><strong>Filmed for the giant screen, JERUSALEM immerses audiences into one of the world's most beloved cities. Discover why this tiny piece of land is sacred to three major religions through the stories of Jewish, Christian and Muslim families who call Jerusalem home. Join renowned archaeologist, Dr. Jodi Magness, as she travels underground to solve some of this city\u2019s greatest mysteries. Find out why, after thousands of years, Jerusalem and the Holy Land continue to stir the imagination of billions of people. Unprecedented access to the city's holiest sites, as well as rare and breathtaking aerial footage of the Old City and the Holy Land, combine to make JERUSALEM a unique and stunning cinematic experience.<\/strong><\/p>\r\n<iframe style=\"border-width: 0;\" src=\"https:\/\/calendar.google.com\/calendar\/embed?showTitle=0&amp;height=600&amp;wkst=1&amp;bgcolor=%23FFFFFF&amp;src=sales%40caribbeanpay.com&amp;color=%23A32929&amp;ctz=America%2FPuerto_Rico\" width=\"800\" height=\"600\" frameborder=\"0\" scrolling=\"no\"><\/iframe>","_en_post_name":"imax-documentaries","_en_post_excerpt":"","_en_post_title":"IMAX DOCUMENTARIES","edit_language":"esrd"},"yoast_head":"<!-- This site is optimized with the Yoast SEO plugin v16.2 - https:\/\/yoast.com\/wordpress\/plugins\/seo\/ -->\n<meta name=\"robots\" content=\"index, follow, max-snippet:-1, max-image-preview:large, max-video-preview:-1\" \/>\n<link rel=\"canonical\" href=\"https:\/\/caribbeancinemas.com\/imax-documentaries\/\" \/>\n<meta property=\"og:locale\" content=\"es_ES\" \/>\n<meta property=\"og:type\" content=\"article\" \/>\n<meta property=\"og:title\" content=\"IMAX DOCUMENTARIES | Caribbean Cinemas\" \/>\n<meta property=\"og:description\" content=\"A Beautiful Planet is a breathtaking portrait of Earth from space, providing a unique perspective and increased understanding of our planet and galaxy as never seen before. Made in cooperation with the National Aeronautics and Space Administration (NASA), the film features stunning footage of our magnificent blue planet \u2014 and the effects humanity has had... Leer m\u00e1s &raquo;\" \/>\n<meta property=\"og:url\" content=\"https:\/\/caribbeancinemas.com\/imax-documentaries\/\" \/>\n<meta property=\"og:site_name\" content=\"Caribbean Cinemas\" \/>\n<meta property=\"article:publisher\" content=\"https:\/\/www.facebook.com\/caribbeancinemas\" \/>\n<meta property=\"article:modified_time\" content=\"2017-05-22T22:00:36+00:00\" \/>\n<meta property=\"og:image\" content=\"http:\/\/caribbeancinemas.com\/wp-content\/uploads\/2016\/08\/abp_small.png\" \/>\n<meta name=\"twitter:card\" content=\"summary\" \/>\n<meta name=\"twitter:label1\" content=\"Tiempo de lectura\">\n\t<meta name=\"twitter:data1\" content=\"2 minutes\">\n<script type=\"application\/ld+json\" class=\"yoast-schema-graph\">{\"@context\":\"https:\/\/schema.org\",\"@graph\":[{\"@type\":\"WebSite\",\"@id\":\"https:\/\/caribbeancinemas.com\/#website\",\"url\":\"https:\/\/caribbeancinemas.com\/\",\"name\":\"Caribbean Cinemas\",\"description\":\"\",\"potentialAction\":[{\"@type\":\"SearchAction\",\"target\":\"https:\/\/caribbeancinemas.com\/?s={search_term_string}\",\"query-input\":\"required name=search_term_string\"}],\"inLanguage\":\"es-ES\"},{\"@type\":\"ImageObject\",\"@id\":\"https:\/\/caribbeancinemas.com\/imax-documentaries\/#primaryimage\",\"inLanguage\":\"es-ES\",\"url\":\"http:\/\/caribbeancinemas.com\/wp-content\/uploads\/2016\/08\/abp_small.png\",\"contentUrl\":\"http:\/\/caribbeancinemas.com\/wp-content\/uploads\/2016\/08\/abp_small.png\"},{\"@type\":\"WebPage\",\"@id\":\"https:\/\/caribbeancinemas.com\/imax-documentaries\/#webpage\",\"url\":\"https:\/\/caribbeancinemas.com\/imax-documentaries\/\",\"name\":\"IMAX DOCUMENTARIES | Caribbean Cinemas\",\"isPartOf\":{\"@id\":\"https:\/\/caribbeancinemas.com\/#website\"},\"primaryImageOfPage\":{\"@id\":\"https:\/\/caribbeancinemas.com\/imax-documentaries\/#primaryimage\"},\"datePublished\":\"2016-08-26T19:42:44+00:00\",\"dateModified\":\"2017-05-22T22:00:36+00:00\",\"breadcrumb\":{\"@id\":\"https:\/\/caribbeancinemas.com\/imax-documentaries\/#breadcrumb\"},\"inLanguage\":\"es-ES\",\"potentialAction\":[{\"@type\":\"ReadAction\",\"target\":[\"https:\/\/caribbeancinemas.com\/imax-documentaries\/\"]}]},{\"@type\":\"BreadcrumbList\",\"@id\":\"https:\/\/caribbeancinemas.com\/imax-documentaries\/#breadcrumb\",\"itemListElement\":[{\"@type\":\"ListItem\",\"position\":1,\"item\":{\"@type\":\"WebPage\",\"@id\":\"https:\/\/caribbeancinemas.com\/\",\"url\":\"https:\/\/caribbeancinemas.com\/\",\"name\":\"Home\"}},{\"@type\":\"ListItem\",\"position\":2,\"item\":{\"@id\":\"https:\/\/caribbeancinemas.com\/imax-documentaries\/#webpage\"}}]}]}<\/script>\n<!-- \/ Yoast SEO plugin. -->","_links":{"self":[{"href":"https:\/\/caribbeancinemas.com\/esrd\/wp-json\/wp\/v2\/pages\/2984"}],"collection":[{"href":"https:\/\/caribbeancinemas.com\/esrd\/wp-json\/wp\/v2\/pages"}],"about":[{"href":"https:\/\/caribbeancinemas.com\/esrd\/wp-json\/wp\/v2\/types\/page"}],"author":[{"embeddable":true,"href":"https:\/\/caribbeancinemas.com\/esrd\/wp-json\/wp\/v2\/users\/1"}],"replies":[{"embeddable":true,"href":"https:\/\/caribbeancinemas.com\/esrd\/wp-json\/wp\/v2\/comments?post=2984"}],"version-history":[{"count":29,"href":"https:\/\/caribbeancinemas.com\/esrd\/wp-json\/wp\/v2\/pages\/2984\/revisions"}],"predecessor-version":[{"id":4554,"href":"https:\/\/caribbeancinemas.com\/esrd\/wp-json\/wp\/v2\/pages\/2984\/revisions\/4554"}],"wp:attachment":[{"href":"https:\/\/caribbeancinemas.com\/esrd\/wp-json\/wp\/v2\/media?parent=2984"}],"curies":[{"name":"wp","href":"https:\/\/api.w.org\/{rel}","templated":true}]}}