{"id":3836,"date":"2016-12-06T17:15:41","date_gmt":"2016-12-06T17:15:41","guid":{"rendered":"http:\/\/caribbeancinemas.com\/?page_id=3836"},"modified":"2025-07-29T09:45:17","modified_gmt":"2025-07-29T13:45:17","slug":"cartelera-rogue-one","status":"publish","type":"page","link":"https:\/\/caribbeancinemas.com\/fanc\/cartelera-rogue-one\/","title":{"rendered":"","raw":""},"content":{"rendered":"","protected":false,"raw":""},"excerpt":{"rendered":"","protected":false,"raw":""},"author":1,"featured_media":0,"parent":0,"menu_order":0,"comment_status":"closed","ping_status":"closed","template":"","meta":{"_es_post_content":"","_es_post_name":"cartelera-rogue-one","_es_post_excerpt":"","_es_post_title":"","_esrd_post_content":"","_esrd_post_name":"cartelera-rogue-one","_esrd_post_excerpt":"","_esrd_post_title":"","_enrd_post_content":"","_enrd_post_name":"cartelera-rogue-one","_enrd_post_excerpt":"","_enrd_post_title":"","_fanc_post_content":"","_fanc_post_name":"cartelera-rogue-one","_fanc_post_excerpt":"","_fanc_post_title":"","_antigua_en_post_content":"","_antigua_en_post_name":"cartelera-rogue-one","_antigua_en_post_excerpt":"","_antigua_en_post_title":"","_aruba_en_post_content":"","_aruba_en_post_name":"cartelera-rogue-one","_aruba_en_post_excerpt":"","_aruba_en_post_title":"","_guyana_en_post_content":"","_guyana_en_post_name":"","_guyana_en_post_excerpt":"","_guyana_en_post_title":"","_stcroix_en_post_content":"","_stcroix_en_post_name":"","_stcroix_en_post_excerpt":"","_stcroix_en_post_title":"","_stkitts_en_post_content":"","_stkitts_en_post_name":"","_stkitts_en_post_excerpt":"","_stkitts_en_post_title":"","_stlucia_en_post_content":"","_stlucia_en_post_name":"","_stlucia_en_post_excerpt":"","_stlucia_en_post_title":"","_stmaarten_en_post_content":"","_stmaarten_en_post_name":"","_stmaarten_en_post_excerpt":"","_stmaarten_en_post_title":"","_stthomas_en_post_content":"","_stthomas_en_post_name":"","_stthomas_en_post_excerpt":"","_stthomas_en_post_title":"","_trinidad_en_post_content":"","_trinidad_en_post_name":"","_trinidad_en_post_excerpt":"","_trinidad_en_post_title":"","_fr_post_content":"","_fr_post_name":"","_fr_post_excerpt":"","_fr_post_title":"","_arubaes_post_content":"","_arubaes_post_name":"","_arubaes_post_excerpt":"","_arubaes_post_title":"","_bolivia_post_content":"","_bolivia_post_name":"","_bolivia_post_excerpt":"","_bolivia_post_title":"","_curacao_post_content":"","_curacao_post_name":"","_curacao_post_excerpt":"","_curacao_post_title":"","_gt_post_content":"","_gt_post_name":"","_gt_post_excerpt":"","_gt_post_title":"","_panama_post_content":"","_panama_post_name":"","_panama_post_excerpt":"","_panama_post_title":"","_fineartsmiramar_post_content":"","_fineartsmiramar_post_name":"","_fineartsmiramar_post_excerpt":"","_fineartsmiramar_post_title":"","_fineartspopular_post_content":"","_fineartspopular_post_name":"","_fineartspopular_post_excerpt":"","_fineartspopular_post_title":"","_en_post_content":"<p style=\"text-align: justify;\">\u00a0<img class=\"size-full wp-image-3843 aligncenter\" src=\"http:\/\/caribbeancinemas.com\/wp-content\/uploads\/2016\/12\/rogue-one.jpg\" alt=\"rogue-one\" width=\"680\" height=\"500\" \/><\/p>\r\n<p style=\"text-align: justify;\"><span style=\"font-size: x-large;\"><strong>La <span style=\"text-decoration: underline;\">pre-venta<\/span> para Rogue One: A Star Wars Story en Caribbean Cinemas <span style=\"text-decoration: underline;\">comienza el lunes 12 de diciembre en horas de la tarde<\/span> tanto online como en los cines, seg\u00fan\u00a0su horario regular de apertura. De igual forma, queremos informarles que <span style=\"text-decoration: underline;\">el d\u00eda del estreno, jueves 15 de diciembre, las tandas ser\u00e1n a partir de las 7:00pm<\/span>, seg\u00fan estableci\u00f3 la casa distribuidora de la pel\u00edcula para el mercado de Estados Unidos y Puerto Rico. Vea abajo los horarios para\u00a0las diferentes versiones y formatos.<\/strong><\/span><\/p>","_en_post_name":"cartelera-rogue-one","_en_post_excerpt":"","_en_post_title":"Cartelera Rogue One","edit_language":"fanc"},"yoast_head":"<!-- This site is optimized with the Yoast SEO plugin v16.2 - https:\/\/yoast.com\/wordpress\/plugins\/seo\/ -->\n<meta name=\"robots\" content=\"index, follow, max-snippet:-1, max-image-preview:large, max-video-preview:-1\" \/>\n<link rel=\"canonical\" href=\"https:\/\/caribbeancinemas.com\/aruba_en\/cartelera-rogue-one\/\" \/>\n<meta property=\"og:locale\" content=\"es_ES\" \/>\n<meta property=\"og:type\" content=\"article\" \/>\n<meta property=\"og:title\" content=\"Cartelera Rogue One | Caribbean Cinemas\" \/>\n<meta property=\"og:description\" content=\"\u00a0 La pre-venta para Rogue One: A Star Wars Story en Caribbean Cinemas comienza el lunes 12 de diciembre en horas de la tarde tanto online como en los cines, seg\u00fan\u00a0su horario regular de apertura. De igual forma, queremos informarles que el d\u00eda del estreno, jueves 15 de diciembre, las tandas ser\u00e1n a partir de... Leer m\u00e1s &raquo;\" \/>\n<meta property=\"og:url\" content=\"https:\/\/caribbeancinemas.com\/aruba_en\/cartelera-rogue-one\/\" \/>\n<meta property=\"og:site_name\" content=\"Caribbean Cinemas\" \/>\n<meta property=\"article:publisher\" content=\"https:\/\/www.facebook.com\/caribbeancinemas\" \/>\n<meta property=\"article:modified_time\" content=\"2025-07-29T13:45:17+00:00\" \/>\n<meta property=\"og:image\" content=\"http:\/\/caribbeancinemas.com\/wp-content\/uploads\/2016\/12\/rogue-one.jpg\" \/>\n<meta name=\"twitter:card\" content=\"summary\" \/>\n<script type=\"application\/ld+json\" class=\"yoast-schema-graph\">{\"@context\":\"https:\/\/schema.org\",\"@graph\":[{\"@type\":\"WebSite\",\"@id\":\"https:\/\/caribbeancinemas.com\/#website\",\"url\":\"https:\/\/caribbeancinemas.com\/\",\"name\":\"Caribbean Cinemas\",\"description\":\"\",\"potentialAction\":[{\"@type\":\"SearchAction\",\"target\":\"https:\/\/caribbeancinemas.com\/?s={search_term_string}\",\"query-input\":\"required name=search_term_string\"}],\"inLanguage\":\"es-ES\"},{\"@type\":\"ImageObject\",\"@id\":\"https:\/\/caribbeancinemas.com\/aruba_en\/cartelera-rogue-one\/#primaryimage\",\"inLanguage\":\"es-ES\",\"url\":\"http:\/\/caribbeancinemas.com\/wp-content\/uploads\/2016\/12\/rogue-one.jpg\",\"contentUrl\":\"http:\/\/caribbeancinemas.com\/wp-content\/uploads\/2016\/12\/rogue-one.jpg\"},{\"@type\":\"WebPage\",\"@id\":\"https:\/\/caribbeancinemas.com\/aruba_en\/cartelera-rogue-one\/#webpage\",\"url\":\"https:\/\/caribbeancinemas.com\/aruba_en\/cartelera-rogue-one\/\",\"name\":\"Cartelera Rogue One | Caribbean Cinemas\",\"isPartOf\":{\"@id\":\"https:\/\/caribbeancinemas.com\/#website\"},\"primaryImageOfPage\":{\"@id\":\"https:\/\/caribbeancinemas.com\/aruba_en\/cartelera-rogue-one\/#primaryimage\"},\"datePublished\":\"2016-12-06T17:15:41+00:00\",\"dateModified\":\"2025-07-29T13:45:17+00:00\",\"breadcrumb\":{\"@id\":\"https:\/\/caribbeancinemas.com\/aruba_en\/cartelera-rogue-one\/#breadcrumb\"},\"inLanguage\":\"es-ES\",\"potentialAction\":[{\"@type\":\"ReadAction\",\"target\":[\"https:\/\/caribbeancinemas.com\/aruba_en\/cartelera-rogue-one\/\"]}]},{\"@type\":\"BreadcrumbList\",\"@id\":\"https:\/\/caribbeancinemas.com\/aruba_en\/cartelera-rogue-one\/#breadcrumb\",\"itemListElement\":[{\"@type\":\"ListItem\",\"position\":1,\"item\":{\"@type\":\"WebPage\",\"@id\":\"https:\/\/caribbeancinemas.com\/\",\"url\":\"https:\/\/caribbeancinemas.com\/\",\"name\":\"Home\"}},{\"@type\":\"ListItem\",\"position\":2,\"item\":{\"@id\":\"https:\/\/caribbeancinemas.com\/aruba_en\/cartelera-rogue-one\/#webpage\"}}]}]}<\/script>\n<!-- \/ Yoast SEO plugin. -->","_links":{"self":[{"href":"https:\/\/caribbeancinemas.com\/fanc\/wp-json\/wp\/v2\/pages\/3836"}],"collection":[{"href":"https:\/\/caribbeancinemas.com\/fanc\/wp-json\/wp\/v2\/pages"}],"about":[{"href":"https:\/\/caribbeancinemas.com\/fanc\/wp-json\/wp\/v2\/types\/page"}],"author":[{"embeddable":true,"href":"https:\/\/caribbeancinemas.com\/fanc\/wp-json\/wp\/v2\/users\/1"}],"replies":[{"embeddable":true,"href":"https:\/\/caribbeancinemas.com\/fanc\/wp-json\/wp\/v2\/comments?post=3836"}],"version-history":[{"count":10,"href":"https:\/\/caribbeancinemas.com\/fanc\/wp-json\/wp\/v2\/pages\/3836\/revisions"}],"predecessor-version":[{"id":13230,"href":"https:\/\/caribbeancinemas.com\/fanc\/wp-json\/wp\/v2\/pages\/3836\/revisions\/13230"}],"wp:attachment":[{"href":"https:\/\/caribbeancinemas.com\/fanc\/wp-json\/wp\/v2\/media?parent=3836"}],"curies":[{"name":"wp","href":"https:\/\/api.w.org\/{rel}","templated":true}]}}