{"id":12301,"date":"2020-03-10T11:39:55","date_gmt":"2020-03-10T15:39:55","guid":{"rendered":"https:\/\/caribbeancinemas.com\/?page_id=12301"},"modified":"2024-07-18T18:41:37","modified_gmt":"2024-07-18T22:41:37","slug":"","status":"publish","type":"page","link":"https:\/\/caribbeancinemas.com\/fr\/screenx\/","title":{"rendered":"","raw":""},"content":{"rendered":"","protected":false,"raw":""},"excerpt":{"rendered":"","protected":false,"raw":""},"author":3,"featured_media":0,"parent":0,"menu_order":0,"comment_status":"closed","ping_status":"closed","template":"","meta":{"_es_post_content":"","_es_post_name":"","_es_post_excerpt":"","_es_post_title":"","_esrd_post_content":"","_esrd_post_name":"","_esrd_post_excerpt":"","_esrd_post_title":"","_enrd_post_content":"","_enrd_post_name":"","_enrd_post_excerpt":"","_enrd_post_title":"","_fanc_post_content":"","_fanc_post_name":"","_fanc_post_excerpt":"","_fanc_post_title":"","_antigua_en_post_content":"","_antigua_en_post_name":"","_antigua_en_post_excerpt":"","_antigua_en_post_title":"","_aruba_en_post_content":"","_aruba_en_post_name":"","_aruba_en_post_excerpt":"","_aruba_en_post_title":"","_guyana_en_post_content":"","_guyana_en_post_name":"","_guyana_en_post_excerpt":"","_guyana_en_post_title":"","_stcroix_en_post_content":"","_stcroix_en_post_name":"","_stcroix_en_post_excerpt":"","_stcroix_en_post_title":"","_stkitts_en_post_content":"","_stkitts_en_post_name":"","_stkitts_en_post_excerpt":"","_stkitts_en_post_title":"","_stlucia_en_post_content":"","_stlucia_en_post_name":"","_stlucia_en_post_excerpt":"","_stlucia_en_post_title":"","_stmaarten_en_post_content":"","_stmaarten_en_post_name":"","_stmaarten_en_post_excerpt":"","_stmaarten_en_post_title":"","_stthomas_en_post_content":"","_stthomas_en_post_name":"","_stthomas_en_post_excerpt":"","_stthomas_en_post_title":"","_trinidad_en_post_content":"","_trinidad_en_post_name":"","_trinidad_en_post_excerpt":"","_trinidad_en_post_title":"","_fr_post_content":"","_fr_post_name":"","_fr_post_excerpt":"","_fr_post_title":"","_arubaes_post_content":"","_arubaes_post_name":"","_arubaes_post_excerpt":"","_arubaes_post_title":"","_bolivia_post_content":"","_bolivia_post_name":"","_bolivia_post_excerpt":"","_bolivia_post_title":"","_curacao_post_content":"","_curacao_post_name":"","_curacao_post_excerpt":"","_curacao_post_title":"","_gt_post_content":"","_gt_post_name":"","_gt_post_excerpt":"","_gt_post_title":"","_panama_post_content":"","_panama_post_name":"","_panama_post_excerpt":"","_panama_post_title":"","_fineartsmiramar_post_content":"","_fineartsmiramar_post_name":"","_fineartsmiramar_post_excerpt":"","_fineartsmiramar_post_title":"","_fineartspopular_post_content":"","_fineartspopular_post_name":"","_fineartspopular_post_excerpt":"","_fineartspopular_post_title":"","_en_post_content":"<p style=\"text-align: center;\"><a href=\"https:\/\/caribbeancinemas.com\/wp-content\/uploads\/2024\/07\/Poster-Screen-X-PR.jpg\"><img class=\"alignnone wp-image-21734 size-full\" src=\"https:\/\/caribbeancinemas.com\/wp-content\/uploads\/2024\/07\/Poster-Screen-X-PR.jpg\" alt=\"\" width=\"1080\" height=\"1920\" \/><\/a><\/p>\r\n<p style=\"text-align: center;\"><span style=\"color: #ffffff;\"><strong>CARIBBEAN CINEMAS ABRE PRIMERA SALA SCREENX EN EL CARIBE<\/strong><\/span><\/p>\r\n<p style=\"text-align: center;\"><span style=\"color: #ffffff;\">ScreenX es una nueva manera de ver pel\u00edculas cuya tecnolog\u00eda utiliza un sistema que expande las im\u00e1genes de escenas claves, permitiendo as\u00ed disfrutar de una experiencia visual panor\u00e1mica de 270 grados al a\u00f1adir dos pantallas laterales que har\u00e1n que los espectadores sientan que est\u00e1n en medio de la acci\u00f3n.<\/span><\/p>\r\n<p style=\"text-align: center;\"><span style=\"color: #ffffff;\">La sala ScreenX contar\u00e1 con 5 proyectores, cuatro para las pantallas laterales y uno para la pantalla principal para crear una experiencia inmersiva. La programaci\u00f3n de la tecnolog\u00eda ScreenX mezcla m\u00faltiples im\u00e1genes en una sola que se extiende desde el centro hacia los lados mientras se une con las pantallas laterales reflejando la misma brillantez y colorido de la pantalla principal. De igual forma, la sala tendr\u00e1 bocinas ubicadas estrat\u00e9gicamente para optimizar la calidad del sonido.<\/span><\/p>\r\n<p style=\"text-align: center;\"><span style=\"color: #ffffff;\">Disponible en Distrito VIP Cinemas.<\/span><\/p>\r\n\r\n<div align=\"center\"><\/div>\r\n<p style=\"text-align: center;\"><\/p>","_en_post_name":"screenx","_en_post_excerpt":"","_en_post_title":"ScreenX","edit_language":"fr"},"yoast_head":"<!-- This site is optimized with the Yoast SEO plugin v16.2 - https:\/\/yoast.com\/wordpress\/plugins\/seo\/ -->\n<meta name=\"robots\" content=\"index, follow, max-snippet:-1, max-image-preview:large, max-video-preview:-1\" \/>\n<link rel=\"canonical\" href=\"https:\/\/caribbeancinemas.com\/screenx\/\" \/>\n<meta property=\"og:locale\" content=\"fr_FR\" \/>\n<meta property=\"og:type\" content=\"article\" \/>\n<meta property=\"og:title\" content=\"ScreenX | Caribbean Cinemas\" \/>\n<meta property=\"og:description\" content=\"CARIBBEAN CINEMAS ABRE PRIMERA SALA SCREENX EN EL CARIBE ScreenX es una nueva manera de ver pel\u00edculas cuya tecnolog\u00eda utiliza un sistema que expande las im\u00e1genes de escenas claves, permitiendo as\u00ed disfrutar de una experiencia visual panor\u00e1mica de 270 grados al a\u00f1adir dos pantallas laterales que har\u00e1n que los espectadores sientan que est\u00e1n en medio... Lire la suite &raquo;\" \/>\n<meta property=\"og:url\" content=\"https:\/\/caribbeancinemas.com\/screenx\/\" \/>\n<meta property=\"og:site_name\" content=\"Caribbean Cinemas\" \/>\n<meta property=\"article:publisher\" content=\"https:\/\/www.facebook.com\/caribbeancinemas\" \/>\n<meta property=\"article:modified_time\" content=\"2024-07-18T22:41:37+00:00\" \/>\n<meta property=\"og:image\" content=\"https:\/\/caribbeancinemas.com\/wp-content\/uploads\/2024\/07\/Poster-Screen-X-PR.jpg\" \/>\n<meta name=\"twitter:card\" content=\"summary\" \/>\n<meta name=\"twitter:label1\" content=\"Dur\u00e9e de lecture est.\">\n\t<meta name=\"twitter:data1\" content=\"1 minute\">\n<script type=\"application\/ld+json\" class=\"yoast-schema-graph\">{\"@context\":\"https:\/\/schema.org\",\"@graph\":[{\"@type\":\"WebSite\",\"@id\":\"https:\/\/caribbeancinemas.com\/#website\",\"url\":\"https:\/\/caribbeancinemas.com\/\",\"name\":\"Caribbean Cinemas\",\"description\":\"\",\"potentialAction\":[{\"@type\":\"SearchAction\",\"target\":\"https:\/\/caribbeancinemas.com\/?s={search_term_string}\",\"query-input\":\"required name=search_term_string\"}],\"inLanguage\":\"fr-FR\"},{\"@type\":\"ImageObject\",\"@id\":\"https:\/\/caribbeancinemas.com\/screenx\/#primaryimage\",\"inLanguage\":\"fr-FR\",\"url\":\"https:\/\/caribbeancinemas.com\/wp-content\/uploads\/2024\/07\/Poster-Screen-X-PR.jpg\",\"contentUrl\":\"https:\/\/caribbeancinemas.com\/wp-content\/uploads\/2024\/07\/Poster-Screen-X-PR.jpg\",\"width\":1080,\"height\":1920},{\"@type\":\"WebPage\",\"@id\":\"https:\/\/caribbeancinemas.com\/screenx\/#webpage\",\"url\":\"https:\/\/caribbeancinemas.com\/screenx\/\",\"name\":\"ScreenX | Caribbean Cinemas\",\"isPartOf\":{\"@id\":\"https:\/\/caribbeancinemas.com\/#website\"},\"primaryImageOfPage\":{\"@id\":\"https:\/\/caribbeancinemas.com\/screenx\/#primaryimage\"},\"datePublished\":\"2020-03-10T15:39:55+00:00\",\"dateModified\":\"2024-07-18T22:41:37+00:00\",\"breadcrumb\":{\"@id\":\"https:\/\/caribbeancinemas.com\/screenx\/#breadcrumb\"},\"inLanguage\":\"fr-FR\",\"potentialAction\":[{\"@type\":\"ReadAction\",\"target\":[\"https:\/\/caribbeancinemas.com\/screenx\/\"]}]},{\"@type\":\"BreadcrumbList\",\"@id\":\"https:\/\/caribbeancinemas.com\/screenx\/#breadcrumb\",\"itemListElement\":[{\"@type\":\"ListItem\",\"position\":1,\"item\":{\"@type\":\"WebPage\",\"@id\":\"https:\/\/caribbeancinemas.com\/\",\"url\":\"https:\/\/caribbeancinemas.com\/\",\"name\":\"Home\"}},{\"@type\":\"ListItem\",\"position\":2,\"item\":{\"@id\":\"https:\/\/caribbeancinemas.com\/screenx\/#webpage\"}}]}]}<\/script>\n<!-- \/ Yoast SEO plugin. -->","_links":{"self":[{"href":"https:\/\/caribbeancinemas.com\/fr\/wp-json\/wp\/v2\/pages\/12301"}],"collection":[{"href":"https:\/\/caribbeancinemas.com\/fr\/wp-json\/wp\/v2\/pages"}],"about":[{"href":"https:\/\/caribbeancinemas.com\/fr\/wp-json\/wp\/v2\/types\/page"}],"author":[{"embeddable":true,"href":"https:\/\/caribbeancinemas.com\/fr\/wp-json\/wp\/v2\/users\/3"}],"replies":[{"embeddable":true,"href":"https:\/\/caribbeancinemas.com\/fr\/wp-json\/wp\/v2\/comments?post=12301"}],"version-history":[{"count":10,"href":"https:\/\/caribbeancinemas.com\/fr\/wp-json\/wp\/v2\/pages\/12301\/revisions"}],"predecessor-version":[{"id":21735,"href":"https:\/\/caribbeancinemas.com\/fr\/wp-json\/wp\/v2\/pages\/12301\/revisions\/21735"}],"wp:attachment":[{"href":"https:\/\/caribbeancinemas.com\/fr\/wp-json\/wp\/v2\/media?parent=12301"}],"curies":[{"name":"wp","href":"https:\/\/api.w.org\/{rel}","templated":true}]}}