{"id":14500,"date":"2021-06-05T08:52:09","date_gmt":"2021-06-05T12:52:09","guid":{"rendered":"https:\/\/caribbeancinemas.com\/?page_id=14500"},"modified":"2025-07-30T14:20:52","modified_gmt":"2025-07-30T18:20:52","slug":"","status":"publish","type":"page","link":"https:\/\/caribbeancinemas.com\/fr\/empleado-general\/","title":{"rendered":"","raw":""},"content":{"rendered":"","protected":false,"raw":""},"excerpt":{"rendered":"","protected":false,"raw":""},"author":3,"featured_media":0,"parent":0,"menu_order":0,"comment_status":"closed","ping_status":"closed","template":"","meta":{"_es_post_content":"","_es_post_name":"","_es_post_excerpt":"","_es_post_title":"","_esrd_post_content":"","_esrd_post_name":"","_esrd_post_excerpt":"","_esrd_post_title":"","_enrd_post_content":"","_enrd_post_name":"","_enrd_post_excerpt":"","_enrd_post_title":"","_fanc_post_content":"","_fanc_post_name":"","_fanc_post_excerpt":"","_fanc_post_title":"","_antigua_en_post_content":"","_antigua_en_post_name":"","_antigua_en_post_excerpt":"","_antigua_en_post_title":"","_aruba_en_post_content":"","_aruba_en_post_name":"","_aruba_en_post_excerpt":"","_aruba_en_post_title":"","_guyana_en_post_content":"","_guyana_en_post_name":"","_guyana_en_post_excerpt":"","_guyana_en_post_title":"","_stcroix_en_post_content":"","_stcroix_en_post_name":"","_stcroix_en_post_excerpt":"","_stcroix_en_post_title":"","_stkitts_en_post_content":"","_stkitts_en_post_name":"","_stkitts_en_post_excerpt":"","_stkitts_en_post_title":"","_stlucia_en_post_content":"","_stlucia_en_post_name":"","_stlucia_en_post_excerpt":"","_stlucia_en_post_title":"","_stmaarten_en_post_content":"","_stmaarten_en_post_name":"","_stmaarten_en_post_excerpt":"","_stmaarten_en_post_title":"","_stthomas_en_post_content":"","_stthomas_en_post_name":"","_stthomas_en_post_excerpt":"","_stthomas_en_post_title":"","_trinidad_en_post_content":"","_trinidad_en_post_name":"","_trinidad_en_post_excerpt":"","_trinidad_en_post_title":"","_fr_post_content":"","_fr_post_name":"","_fr_post_excerpt":"","_fr_post_title":"","_arubaes_post_content":"","_arubaes_post_name":"","_arubaes_post_excerpt":"","_arubaes_post_title":"","_bolivia_post_content":"","_bolivia_post_name":"","_bolivia_post_excerpt":"","_bolivia_post_title":"","_curacao_post_content":"","_curacao_post_name":"","_curacao_post_excerpt":"","_curacao_post_title":"","_gt_post_content":"","_gt_post_name":"","_gt_post_excerpt":"","_gt_post_title":"","_panama_post_content":"","_panama_post_name":"","_panama_post_excerpt":"","_panama_post_title":"","_fineartsmiramar_post_content":"","_fineartsmiramar_post_name":"","_fineartsmiramar_post_excerpt":"","_fineartsmiramar_post_title":"","_fineartspopular_post_content":"","_fineartspopular_post_name":"","_fineartspopular_post_excerpt":"","_fineartspopular_post_title":"","_en_post_content":"<div style=\"background-color: black; padding: 15px;\">\r\n<h6 style=\"color: white;\"><strong>BUSCAMOS ESTRELLAS DEL ENTRETENIMIENTO<\/strong><\/h6>\r\nOportunidades de empleo\r\n\r\n<strong>Estamos buscando candidatos para puestos a tiempo parcial:<\/strong>\r\nEmpleados Generales (Concesi\u00f3n, Ujieres)\r\n\r\n<strong>Requisitos:<\/strong>\r\nOrientado al servicio al cliente\r\nDisponible para trabajar tardes, noches, fines de semana y d\u00edas feriados\r\nBiling\u00fce (preferiblemente)\r\n\r\n<strong>Beneficios<\/strong>\r\n$10.50 por hora, paga semanal\r\n401k\r\nEntrada Gratis al cine\r\nDescuento en combos en la concesi\u00f3n\r\nOportunidad de crecimiento\r\n\r\n<strong>Personas interesadas deber\u00e1n:<\/strong>\r\nCompletar este solicitud o enviar su resum\u00e9 a: <a href=\"mailto:contrataciones@caribbeancinemas.com\" target=\"_blank\" rel=\"noopener noreferrer\">contrataciones@caribbeancinemas.com<\/a>\r\n\r\nNo se aceptar\u00e1n llamadas telef\u00f3nicas\r\n\r\n<strong>Patrono con Igualdad de Oportunidad de Empleo EEOC<\/strong>\r\n\r\n\r\n<iframe src=\"https:\/\/caribbeancinemas.com\/formEmp\/form_pr_general.html\" width=\"100%\"   height=\"1800px\" frameborder=\"0\"  style=\"border: none; border-radius: 10px; box-shadow: 0 5px 15px rgba(0,0,0,0.1);\"><\/iframe>\r\n\r\n<\/div>","_en_post_name":"empleado-general","_en_post_excerpt":"","_en_post_title":"Empleado General","edit_language":"fr"},"yoast_head":"<!-- This site is optimized with the Yoast SEO plugin v16.2 - https:\/\/yoast.com\/wordpress\/plugins\/seo\/ -->\n<meta name=\"robots\" content=\"index, follow, max-snippet:-1, max-image-preview:large, max-video-preview:-1\" \/>\n<link rel=\"canonical\" href=\"https:\/\/caribbeancinemas.com\/empleado-general\/\" \/>\n<meta property=\"og:locale\" content=\"fr_FR\" \/>\n<meta property=\"og:type\" content=\"article\" \/>\n<meta property=\"og:title\" content=\"Empleado General | Caribbean Cinemas\" \/>\n<meta property=\"og:description\" content=\"BUSCAMOS ESTRELLAS DEL ENTRETENIMIENTO Oportunidades de empleo Estamos buscando candidatos para puestos a tiempo parcial: Empleados Generales (Concesi\u00f3n, Ujieres) Requisitos: Orientado al servicio al cliente Disponible para trabajar tardes, noches, fines de semana y d\u00edas feriados Biling\u00fce (preferiblemente) Beneficios $10.50 por hora, paga semanal 401k Entrada Gratis al cine Descuento en combos en la concesi\u00f3n... Lire la suite &raquo;\" \/>\n<meta property=\"og:url\" content=\"https:\/\/caribbeancinemas.com\/empleado-general\/\" \/>\n<meta property=\"og:site_name\" content=\"Caribbean Cinemas\" \/>\n<meta property=\"article:publisher\" content=\"https:\/\/www.facebook.com\/caribbeancinemas\" \/>\n<meta property=\"article:modified_time\" content=\"2025-07-30T18:20:52+00:00\" \/>\n<meta name=\"twitter:card\" content=\"summary\" \/>\n<meta name=\"twitter:label1\" content=\"Dur\u00e9e de lecture est.\">\n\t<meta name=\"twitter:data1\" content=\"1 minute\">\n<script type=\"application\/ld+json\" class=\"yoast-schema-graph\">{\"@context\":\"https:\/\/schema.org\",\"@graph\":[{\"@type\":\"WebSite\",\"@id\":\"https:\/\/caribbeancinemas.com\/#website\",\"url\":\"https:\/\/caribbeancinemas.com\/\",\"name\":\"Caribbean Cinemas\",\"description\":\"\",\"potentialAction\":[{\"@type\":\"SearchAction\",\"target\":\"https:\/\/caribbeancinemas.com\/?s={search_term_string}\",\"query-input\":\"required name=search_term_string\"}],\"inLanguage\":\"fr-FR\"},{\"@type\":\"WebPage\",\"@id\":\"https:\/\/caribbeancinemas.com\/empleado-general\/#webpage\",\"url\":\"https:\/\/caribbeancinemas.com\/empleado-general\/\",\"name\":\"Empleado General | Caribbean Cinemas\",\"isPartOf\":{\"@id\":\"https:\/\/caribbeancinemas.com\/#website\"},\"datePublished\":\"2021-06-05T12:52:09+00:00\",\"dateModified\":\"2025-07-30T18:20:52+00:00\",\"breadcrumb\":{\"@id\":\"https:\/\/caribbeancinemas.com\/empleado-general\/#breadcrumb\"},\"inLanguage\":\"fr-FR\",\"potentialAction\":[{\"@type\":\"ReadAction\",\"target\":[\"https:\/\/caribbeancinemas.com\/empleado-general\/\"]}]},{\"@type\":\"BreadcrumbList\",\"@id\":\"https:\/\/caribbeancinemas.com\/empleado-general\/#breadcrumb\",\"itemListElement\":[{\"@type\":\"ListItem\",\"position\":1,\"item\":{\"@type\":\"WebPage\",\"@id\":\"https:\/\/caribbeancinemas.com\/\",\"url\":\"https:\/\/caribbeancinemas.com\/\",\"name\":\"Home\"}},{\"@type\":\"ListItem\",\"position\":2,\"item\":{\"@id\":\"https:\/\/caribbeancinemas.com\/empleado-general\/#webpage\"}}]}]}<\/script>\n<!-- \/ Yoast SEO plugin. -->","_links":{"self":[{"href":"https:\/\/caribbeancinemas.com\/fr\/wp-json\/wp\/v2\/pages\/14500"}],"collection":[{"href":"https:\/\/caribbeancinemas.com\/fr\/wp-json\/wp\/v2\/pages"}],"about":[{"href":"https:\/\/caribbeancinemas.com\/fr\/wp-json\/wp\/v2\/types\/page"}],"author":[{"embeddable":true,"href":"https:\/\/caribbeancinemas.com\/fr\/wp-json\/wp\/v2\/users\/3"}],"replies":[{"embeddable":true,"href":"https:\/\/caribbeancinemas.com\/fr\/wp-json\/wp\/v2\/comments?post=14500"}],"version-history":[{"count":10,"href":"https:\/\/caribbeancinemas.com\/fr\/wp-json\/wp\/v2\/pages\/14500\/revisions"}],"predecessor-version":[{"id":24177,"href":"https:\/\/caribbeancinemas.com\/fr\/wp-json\/wp\/v2\/pages\/14500\/revisions\/24177"}],"wp:attachment":[{"href":"https:\/\/caribbeancinemas.com\/fr\/wp-json\/wp\/v2\/media?parent=14500"}],"curies":[{"name":"wp","href":"https:\/\/api.w.org\/{rel}","templated":true}]}}