{"id":21721,"date":"2024-07-18T17:25:11","date_gmt":"2024-07-18T21:25:11","guid":{"rendered":"https:\/\/caribbeancinemas.com\/?page_id=21721"},"modified":"2024-07-18T17:34:16","modified_gmt":"2024-07-18T21:34:16","slug":"","status":"publish","type":"page","link":"https:\/\/caribbeancinemas.com\/fr\/magiadeverdad\/","title":{"rendered":"","raw":""},"content":{"rendered":"","protected":false,"raw":""},"excerpt":{"rendered":"","protected":false,"raw":""},"author":3,"featured_media":0,"parent":0,"menu_order":0,"comment_status":"closed","ping_status":"closed","template":"","meta":{"_es_post_content":"","_es_post_name":"","_es_post_excerpt":"","_es_post_title":"","_esrd_post_content":"","_esrd_post_name":"","_esrd_post_excerpt":"","_esrd_post_title":"","_enrd_post_content":"","_enrd_post_name":"","_enrd_post_excerpt":"","_enrd_post_title":"","_fanc_post_content":"","_fanc_post_name":"","_fanc_post_excerpt":"","_fanc_post_title":"","_antigua_en_post_content":"","_antigua_en_post_name":"","_antigua_en_post_excerpt":"","_antigua_en_post_title":"","_aruba_en_post_content":"","_aruba_en_post_name":"","_aruba_en_post_excerpt":"","_aruba_en_post_title":"","_guyana_en_post_content":"","_guyana_en_post_name":"","_guyana_en_post_excerpt":"","_guyana_en_post_title":"","_stcroix_en_post_content":"","_stcroix_en_post_name":"","_stcroix_en_post_excerpt":"","_stcroix_en_post_title":"","_stkitts_en_post_content":"","_stkitts_en_post_name":"","_stkitts_en_post_excerpt":"","_stkitts_en_post_title":"","_stlucia_en_post_content":"","_stlucia_en_post_name":"","_stlucia_en_post_excerpt":"","_stlucia_en_post_title":"","_stmaarten_en_post_content":"","_stmaarten_en_post_name":"","_stmaarten_en_post_excerpt":"","_stmaarten_en_post_title":"","_stthomas_en_post_content":"","_stthomas_en_post_name":"","_stthomas_en_post_excerpt":"","_stthomas_en_post_title":"","_trinidad_en_post_content":"","_trinidad_en_post_name":"","_trinidad_en_post_excerpt":"","_trinidad_en_post_title":"","_fr_post_content":"","_fr_post_name":"","_fr_post_excerpt":"","_fr_post_title":"","_arubaes_post_content":"","_arubaes_post_name":"","_arubaes_post_excerpt":"","_arubaes_post_title":"","_bolivia_post_content":"","_bolivia_post_name":"","_bolivia_post_excerpt":"","_bolivia_post_title":"","_curacao_post_content":"","_curacao_post_name":"","_curacao_post_excerpt":"","_curacao_post_title":"","_gt_post_content":"","_gt_post_name":"","_gt_post_excerpt":"","_gt_post_title":"","_panama_post_content":"","_panama_post_name":"","_panama_post_excerpt":"","_panama_post_title":"","_fineartsmiramar_post_content":"","_fineartsmiramar_post_name":"","_fineartsmiramar_post_excerpt":"","_fineartsmiramar_post_title":"","_fineartspopular_post_content":"","_fineartspopular_post_name":"","_fineartspopular_post_excerpt":"","_fineartspopular_post_title":"","_en_post_content":"<p style=\"text-align: center;\"><strong><a href=\"https:\/\/caribbeancinemas.com\/wp-content\/uploads\/2024\/07\/Olympic-CC_post_small-scaled.jpg\"><img class=\"wp-image-21722 size-full aligncenter\" src=\"https:\/\/caribbeancinemas.com\/wp-content\/uploads\/2024\/07\/Olympic-CC_post_small-scaled.jpg\" alt=\"\" width=\"2560\" height=\"2560\" \/><\/a><\/strong><\/p>\r\n&nbsp;\r\n<p style=\"text-align: center;\"><strong>\u00a1VAMOS PA'L CINE!\r\n<\/strong><\/p>\r\n\r\n<h3 style=\"text-align: center;\"><strong>Coca Cola te invita a disfrutar la ceremonia de apertura de los Juegos Ol\u00edmpicos 2024 en la pantalla gigante de IMAX<\/strong><\/h3>\r\n<p style=\"text-align: left;\"><strong>Compra tu taquilla usando nuestro C\u00f3digo al momento de pagar y recibe $7.50 de descuento.<\/strong><\/p>\r\n<strong>1. Transmisi\u00f3n en vivo desde Par\u00eds el viernes 26 de julio a la 1:00pm en las salas IMAX de Caribbean Cinemas en Montehiedra y Plaza Carolina.<\/strong>\r\n\r\n<strong>2. La promoci\u00f3n es v\u00e1lida mientras duren los c\u00f3digos participantes o hasta el 26 de julio para compra de taquillas \u00fanicamente online de la ceremonia de apertura en IMAX.<\/strong>\r\n\r\n<strong>3. Utiliza el C\u00f3digo MagiaDeVerdad para obtener $7.50 de descuento por taquilla.<\/strong>\r\n\r\n<strong>4. La compra de taquillas a trav\u00e9s de la p\u00e1gina web de Caribbean Cinemas se rige por los t\u00e9rminos y condiciones de dicha p\u00e1gina web y cualquier reclamaci\u00f3n deber\u00e1 realizarse directamente con Caribbean Cinemas.<\/strong>\r\n\r\n<strong>5. El precio regular del boleto es $22.50 (tax incluido).<\/strong>\r\n\r\n<strong>6. El participante afirma haber le\u00eddo, entendido y aceptado los t\u00e9rminos de estas reglas.<\/strong>\r\n<table>\r\n<tbody>\r\n<tr>\r\n<td style=\"text-align: center;\"><strong>COMPRA TU BOLETO:<\/strong><\/td>\r\n<\/tr>\r\n<tr>\r\n<td style=\"text-align: center;\"><span style=\"color: #ff0000;\"><strong><a style=\"color: #ff0000;\" href=\"https:\/\/caribbeancinemas.com\/movie\/9534\/\">NBC\u2019s Paris Olympics Opening Ceremony in IMAX<\/a><\/strong><\/span><\/td>\r\n<\/tr>\r\n<\/tbody>\r\n<\/table>","_en_post_name":"magiadeverdad","_en_post_excerpt":"","_en_post_title":"Magia De Verdad","edit_language":"fr"},"yoast_head":"<!-- This site is optimized with the Yoast SEO plugin v16.2 - https:\/\/yoast.com\/wordpress\/plugins\/seo\/ -->\n<meta name=\"robots\" content=\"index, follow, max-snippet:-1, max-image-preview:large, max-video-preview:-1\" \/>\n<link rel=\"canonical\" href=\"https:\/\/caribbeancinemas.com\/magiadeverdad\/\" \/>\n<meta property=\"og:locale\" content=\"fr_FR\" \/>\n<meta property=\"og:type\" content=\"article\" \/>\n<meta property=\"og:title\" content=\"Magia De Verdad | Caribbean Cinemas\" \/>\n<meta property=\"og:description\" content=\"&nbsp; \u00a1VAMOS PA&#8217;L CINE! Coca Cola te invita a disfrutar la ceremonia de apertura de los Juegos Ol\u00edmpicos 2024 en la pantalla gigante de IMAX Compra tu taquilla usando nuestro C\u00f3digo al momento de pagar y recibe $7.50 de descuento. 1. Transmisi\u00f3n en vivo desde Par\u00eds el viernes 26 de julio a la 1:00pm en... Lire la suite &raquo;\" \/>\n<meta property=\"og:url\" content=\"https:\/\/caribbeancinemas.com\/magiadeverdad\/\" \/>\n<meta property=\"og:site_name\" content=\"Caribbean Cinemas\" \/>\n<meta property=\"article:publisher\" content=\"https:\/\/www.facebook.com\/caribbeancinemas\" \/>\n<meta property=\"article:modified_time\" content=\"2024-07-18T21:34:16+00:00\" \/>\n<meta property=\"og:image\" content=\"https:\/\/caribbeancinemas.com\/wp-content\/uploads\/2024\/07\/Olympic-CC_post_small-scaled.jpg\" \/>\n<meta name=\"twitter:card\" content=\"summary\" \/>\n<meta name=\"twitter:label1\" content=\"Dur\u00e9e de lecture est.\">\n\t<meta name=\"twitter:data1\" content=\"1 minute\">\n<script type=\"application\/ld+json\" class=\"yoast-schema-graph\">{\"@context\":\"https:\/\/schema.org\",\"@graph\":[{\"@type\":\"WebSite\",\"@id\":\"https:\/\/caribbeancinemas.com\/#website\",\"url\":\"https:\/\/caribbeancinemas.com\/\",\"name\":\"Caribbean Cinemas\",\"description\":\"\",\"potentialAction\":[{\"@type\":\"SearchAction\",\"target\":\"https:\/\/caribbeancinemas.com\/?s={search_term_string}\",\"query-input\":\"required name=search_term_string\"}],\"inLanguage\":\"fr-FR\"},{\"@type\":\"ImageObject\",\"@id\":\"https:\/\/caribbeancinemas.com\/magiadeverdad\/#primaryimage\",\"inLanguage\":\"fr-FR\",\"url\":\"https:\/\/caribbeancinemas.com\/wp-content\/uploads\/2024\/07\/Olympic-CC_post_small-scaled.jpg\",\"contentUrl\":\"https:\/\/caribbeancinemas.com\/wp-content\/uploads\/2024\/07\/Olympic-CC_post_small-scaled.jpg\",\"width\":2560,\"height\":2560},{\"@type\":\"WebPage\",\"@id\":\"https:\/\/caribbeancinemas.com\/magiadeverdad\/#webpage\",\"url\":\"https:\/\/caribbeancinemas.com\/magiadeverdad\/\",\"name\":\"Magia De Verdad | Caribbean Cinemas\",\"isPartOf\":{\"@id\":\"https:\/\/caribbeancinemas.com\/#website\"},\"primaryImageOfPage\":{\"@id\":\"https:\/\/caribbeancinemas.com\/magiadeverdad\/#primaryimage\"},\"datePublished\":\"2024-07-18T21:25:11+00:00\",\"dateModified\":\"2024-07-18T21:34:16+00:00\",\"breadcrumb\":{\"@id\":\"https:\/\/caribbeancinemas.com\/magiadeverdad\/#breadcrumb\"},\"inLanguage\":\"fr-FR\",\"potentialAction\":[{\"@type\":\"ReadAction\",\"target\":[\"https:\/\/caribbeancinemas.com\/magiadeverdad\/\"]}]},{\"@type\":\"BreadcrumbList\",\"@id\":\"https:\/\/caribbeancinemas.com\/magiadeverdad\/#breadcrumb\",\"itemListElement\":[{\"@type\":\"ListItem\",\"position\":1,\"item\":{\"@type\":\"WebPage\",\"@id\":\"https:\/\/caribbeancinemas.com\/\",\"url\":\"https:\/\/caribbeancinemas.com\/\",\"name\":\"Home\"}},{\"@type\":\"ListItem\",\"position\":2,\"item\":{\"@id\":\"https:\/\/caribbeancinemas.com\/magiadeverdad\/#webpage\"}}]}]}<\/script>\n<!-- \/ Yoast SEO plugin. -->","_links":{"self":[{"href":"https:\/\/caribbeancinemas.com\/fr\/wp-json\/wp\/v2\/pages\/21721"}],"collection":[{"href":"https:\/\/caribbeancinemas.com\/fr\/wp-json\/wp\/v2\/pages"}],"about":[{"href":"https:\/\/caribbeancinemas.com\/fr\/wp-json\/wp\/v2\/types\/page"}],"author":[{"embeddable":true,"href":"https:\/\/caribbeancinemas.com\/fr\/wp-json\/wp\/v2\/users\/3"}],"replies":[{"embeddable":true,"href":"https:\/\/caribbeancinemas.com\/fr\/wp-json\/wp\/v2\/comments?post=21721"}],"version-history":[{"count":11,"href":"https:\/\/caribbeancinemas.com\/fr\/wp-json\/wp\/v2\/pages\/21721\/revisions"}],"predecessor-version":[{"id":21733,"href":"https:\/\/caribbeancinemas.com\/fr\/wp-json\/wp\/v2\/pages\/21721\/revisions\/21733"}],"wp:attachment":[{"href":"https:\/\/caribbeancinemas.com\/fr\/wp-json\/wp\/v2\/media?parent=21721"}],"curies":[{"name":"wp","href":"https:\/\/api.w.org\/{rel}","templated":true}]}}