{"id":22400,"date":"2024-10-11T17:52:17","date_gmt":"2024-10-11T21:52:17","guid":{"rendered":"https:\/\/caribbeancinemas.com\/?page_id=22400"},"modified":"2024-10-11T17:54:24","modified_gmt":"2024-10-11T21:54:24","slug":"","status":"publish","type":"page","link":"https:\/\/caribbeancinemas.com\/fr\/entre-el-grito-y-la-celda-una-historia-sobre-lolita-lebron\/","title":{"rendered":"","raw":""},"content":{"rendered":"","protected":false,"raw":""},"excerpt":{"rendered":"","protected":false,"raw":""},"author":3,"featured_media":0,"parent":0,"menu_order":0,"comment_status":"closed","ping_status":"closed","template":"","meta":{"_es_post_content":"","_es_post_name":"","_es_post_excerpt":"","_es_post_title":"","_esrd_post_content":"","_esrd_post_name":"","_esrd_post_excerpt":"","_esrd_post_title":"","_enrd_post_content":"","_enrd_post_name":"","_enrd_post_excerpt":"","_enrd_post_title":"","_fanc_post_content":"","_fanc_post_name":"","_fanc_post_excerpt":"","_fanc_post_title":"","_antigua_en_post_content":"","_antigua_en_post_name":"","_antigua_en_post_excerpt":"","_antigua_en_post_title":"","_aruba_en_post_content":"","_aruba_en_post_name":"","_aruba_en_post_excerpt":"","_aruba_en_post_title":"","_guyana_en_post_content":"","_guyana_en_post_name":"","_guyana_en_post_excerpt":"","_guyana_en_post_title":"","_stcroix_en_post_content":"","_stcroix_en_post_name":"","_stcroix_en_post_excerpt":"","_stcroix_en_post_title":"","_stkitts_en_post_content":"","_stkitts_en_post_name":"","_stkitts_en_post_excerpt":"","_stkitts_en_post_title":"","_stlucia_en_post_content":"","_stlucia_en_post_name":"","_stlucia_en_post_excerpt":"","_stlucia_en_post_title":"","_stmaarten_en_post_content":"","_stmaarten_en_post_name":"","_stmaarten_en_post_excerpt":"","_stmaarten_en_post_title":"","_stthomas_en_post_content":"","_stthomas_en_post_name":"","_stthomas_en_post_excerpt":"","_stthomas_en_post_title":"","_trinidad_en_post_content":"","_trinidad_en_post_name":"","_trinidad_en_post_excerpt":"","_trinidad_en_post_title":"","_fr_post_content":"","_fr_post_name":"","_fr_post_excerpt":"","_fr_post_title":"","_arubaes_post_content":"","_arubaes_post_name":"","_arubaes_post_excerpt":"","_arubaes_post_title":"","_bolivia_post_content":"","_bolivia_post_name":"","_bolivia_post_excerpt":"","_bolivia_post_title":"","_curacao_post_content":"","_curacao_post_name":"","_curacao_post_excerpt":"","_curacao_post_title":"","_gt_post_content":"","_gt_post_name":"","_gt_post_excerpt":"","_gt_post_title":"","_panama_post_content":"","_panama_post_name":"","_panama_post_excerpt":"","_panama_post_title":"","_fineartsmiramar_post_content":"","_fineartsmiramar_post_name":"","_fineartsmiramar_post_excerpt":"","_fineartsmiramar_post_title":"","_fineartspopular_post_content":"","_fineartspopular_post_name":"","_fineartspopular_post_excerpt":"","_fineartspopular_post_title":"","_en_post_content":"<p style=\"text-align: center;\"><strong><a href=\"https:\/\/caribbeancinemas.com\/wp-content\/uploads\/2024\/10\/9636.jpg\"><img class=\"wp-image-22401 size-large aligncenter\" src=\"https:\/\/caribbeancinemas.com\/wp-content\/uploads\/2024\/10\/9636-691x1024.jpg\" alt=\"\" width=\"680\" height=\"1008\" \/><\/a><\/strong><\/p>\r\n<p style=\"text-align: center;\"><strong>EXHIBI\u00c9NDOSE AHORA<\/strong><\/p>\r\n<p style=\"text-align: center;\"><strong>Selecciona cine para ver horarios:<\/strong><\/p>\r\n\r\n<table>\r\n<tbody>\r\n<tr>\r\n<td style=\"text-align: center;\"><a href=\"https:\/\/caribbeancinemas.com\/movie\/9636\/\">Plaza las Am\u00e9ricas<\/a><\/td>\r\n<td style=\"text-align: center;\"><a href=\"https:\/\/plaza-guaynabo.caribbeancinemas.com\/movie\/entre-el-grito-y-la-celda-una-historia-de-lolita-lebrn\">Plaza Guaynabo<\/a><\/td>\r\n<\/tr>\r\n<tr>\r\n<td style=\"text-align: center;\"><a href=\"https:\/\/plaza-del-sol.caribbeancinemas.com\/movie\/entre-el-grito-y-la-celda-una-historia-de-lolita-lebrn\">Plaza del Sol<\/a><\/td>\r\n<td style=\"text-align: center;\"><a href=\"https:\/\/caribbeancinemas.com\/movie\/9636\/\">Plaza Escorial<\/a><\/td>\r\n<\/tr>\r\n<tr>\r\n<td style=\"text-align: center;\"><a href=\"https:\/\/caribbeancinemas.com\/movie\/9636\/\">Montehiedra<\/a><\/td>\r\n<td style=\"text-align: center;\"><a href=\"https:\/\/caribbeancinemas.com\/movie\/9636\/\">Ponce Towne<\/a><\/td>\r\n<\/tr>\r\n<tr>\r\n<td style=\"text-align: center;\"><a href=\"https:\/\/caribbeancinemas.com\/movie\/9636\/\">San Germ\u00e1n<\/a><\/td>\r\n<td style=\"text-align: center;\"><a href=\"https:\/\/western-plaza.caribbeancinemas.com\/movie\/entre-el-grito-y-la-celda-una-historia-de-lolita-lebrn\">Western Plaza<\/a><\/td>\r\n<\/tr>\r\n<tr>\r\n<td style=\"text-align: center;\"><a href=\"https:\/\/barceloneta.caribbeancinemas.com\/movie\/entre-el-grito-y-la-celda-una-historia-de-lolita-lebrn\">Barceloneta<\/a><\/td>\r\n<td style=\"text-align: center;\"><\/td>\r\n<\/tr>\r\n<\/tbody>\r\n<\/table>\r\n&nbsp;","_en_post_name":"entre-el-grito-y-la-celda-una-historia-sobre-lolita-lebron","_en_post_excerpt":"","_en_post_title":"Entre el grito y la celda: Una historia sobre Lolita Lebr\u00f3n","edit_language":"fr"},"yoast_head":"<!-- This site is optimized with the Yoast SEO plugin v16.2 - https:\/\/yoast.com\/wordpress\/plugins\/seo\/ -->\n<meta name=\"robots\" content=\"index, follow, max-snippet:-1, max-image-preview:large, max-video-preview:-1\" \/>\n<link rel=\"canonical\" href=\"https:\/\/caribbeancinemas.com\/entre-el-grito-y-la-celda-una-historia-sobre-lolita-lebron\/\" \/>\n<meta property=\"og:locale\" content=\"fr_FR\" \/>\n<meta property=\"og:type\" content=\"article\" \/>\n<meta property=\"og:title\" content=\"Entre el grito y la celda: Una historia sobre Lolita Lebr\u00f3n | Caribbean Cinemas\" \/>\n<meta property=\"og:description\" content=\"EXHIBI\u00c9NDOSE AHORA Selecciona cine para ver horarios: Plaza las Am\u00e9ricas Plaza Guaynabo Plaza del Sol Plaza Escorial Montehiedra Ponce Towne San Germ\u00e1n Western Plaza Barceloneta &nbsp;\" \/>\n<meta property=\"og:url\" content=\"https:\/\/caribbeancinemas.com\/entre-el-grito-y-la-celda-una-historia-sobre-lolita-lebron\/\" \/>\n<meta property=\"og:site_name\" content=\"Caribbean Cinemas\" \/>\n<meta property=\"article:publisher\" content=\"https:\/\/www.facebook.com\/caribbeancinemas\" \/>\n<meta property=\"article:modified_time\" content=\"2024-10-11T21:54:24+00:00\" \/>\n<meta property=\"og:image\" content=\"https:\/\/caribbeancinemas.com\/wp-content\/uploads\/2024\/10\/9636-691x1024.jpg\" \/>\n<meta name=\"twitter:card\" content=\"summary\" \/>\n<meta name=\"twitter:label1\" content=\"Dur\u00e9e de lecture est.\">\n\t<meta name=\"twitter:data1\" content=\"1 minute\">\n<script type=\"application\/ld+json\" class=\"yoast-schema-graph\">{\"@context\":\"https:\/\/schema.org\",\"@graph\":[{\"@type\":\"WebSite\",\"@id\":\"https:\/\/caribbeancinemas.com\/#website\",\"url\":\"https:\/\/caribbeancinemas.com\/\",\"name\":\"Caribbean Cinemas\",\"description\":\"\",\"potentialAction\":[{\"@type\":\"SearchAction\",\"target\":\"https:\/\/caribbeancinemas.com\/?s={search_term_string}\",\"query-input\":\"required name=search_term_string\"}],\"inLanguage\":\"fr-FR\"},{\"@type\":\"ImageObject\",\"@id\":\"https:\/\/caribbeancinemas.com\/entre-el-grito-y-la-celda-una-historia-sobre-lolita-lebron\/#primaryimage\",\"inLanguage\":\"fr-FR\",\"url\":\"https:\/\/caribbeancinemas.com\/wp-content\/uploads\/2024\/10\/9636.jpg\",\"contentUrl\":\"https:\/\/caribbeancinemas.com\/wp-content\/uploads\/2024\/10\/9636.jpg\",\"width\":1080,\"height\":1600},{\"@type\":\"WebPage\",\"@id\":\"https:\/\/caribbeancinemas.com\/entre-el-grito-y-la-celda-una-historia-sobre-lolita-lebron\/#webpage\",\"url\":\"https:\/\/caribbeancinemas.com\/entre-el-grito-y-la-celda-una-historia-sobre-lolita-lebron\/\",\"name\":\"Entre el grito y la celda: Una historia sobre Lolita Lebr\\u00f3n | Caribbean Cinemas\",\"isPartOf\":{\"@id\":\"https:\/\/caribbeancinemas.com\/#website\"},\"primaryImageOfPage\":{\"@id\":\"https:\/\/caribbeancinemas.com\/entre-el-grito-y-la-celda-una-historia-sobre-lolita-lebron\/#primaryimage\"},\"datePublished\":\"2024-10-11T21:52:17+00:00\",\"dateModified\":\"2024-10-11T21:54:24+00:00\",\"breadcrumb\":{\"@id\":\"https:\/\/caribbeancinemas.com\/entre-el-grito-y-la-celda-una-historia-sobre-lolita-lebron\/#breadcrumb\"},\"inLanguage\":\"fr-FR\",\"potentialAction\":[{\"@type\":\"ReadAction\",\"target\":[\"https:\/\/caribbeancinemas.com\/entre-el-grito-y-la-celda-una-historia-sobre-lolita-lebron\/\"]}]},{\"@type\":\"BreadcrumbList\",\"@id\":\"https:\/\/caribbeancinemas.com\/entre-el-grito-y-la-celda-una-historia-sobre-lolita-lebron\/#breadcrumb\",\"itemListElement\":[{\"@type\":\"ListItem\",\"position\":1,\"item\":{\"@type\":\"WebPage\",\"@id\":\"https:\/\/caribbeancinemas.com\/\",\"url\":\"https:\/\/caribbeancinemas.com\/\",\"name\":\"Home\"}},{\"@type\":\"ListItem\",\"position\":2,\"item\":{\"@id\":\"https:\/\/caribbeancinemas.com\/entre-el-grito-y-la-celda-una-historia-sobre-lolita-lebron\/#webpage\"}}]}]}<\/script>\n<!-- \/ Yoast SEO plugin. -->","_links":{"self":[{"href":"https:\/\/caribbeancinemas.com\/fr\/wp-json\/wp\/v2\/pages\/22400"}],"collection":[{"href":"https:\/\/caribbeancinemas.com\/fr\/wp-json\/wp\/v2\/pages"}],"about":[{"href":"https:\/\/caribbeancinemas.com\/fr\/wp-json\/wp\/v2\/types\/page"}],"author":[{"embeddable":true,"href":"https:\/\/caribbeancinemas.com\/fr\/wp-json\/wp\/v2\/users\/3"}],"replies":[{"embeddable":true,"href":"https:\/\/caribbeancinemas.com\/fr\/wp-json\/wp\/v2\/comments?post=22400"}],"version-history":[{"count":3,"href":"https:\/\/caribbeancinemas.com\/fr\/wp-json\/wp\/v2\/pages\/22400\/revisions"}],"predecessor-version":[{"id":22404,"href":"https:\/\/caribbeancinemas.com\/fr\/wp-json\/wp\/v2\/pages\/22400\/revisions\/22404"}],"wp:attachment":[{"href":"https:\/\/caribbeancinemas.com\/fr\/wp-json\/wp\/v2\/media?parent=22400"}],"curies":[{"name":"wp","href":"https:\/\/api.w.org\/{rel}","templated":true}]}}