{"id":12435,"date":"2020-05-07T14:12:11","date_gmt":"2020-05-07T18:12:11","guid":{"rendered":"https:\/\/caribbeancinemas.com\/?page_id=12435"},"modified":"2021-05-22T10:38:30","modified_gmt":"2021-05-22T14:38:30","slug":"","status":"publish","type":"page","link":"https:\/\/caribbeancinemas.com\/gt\/popcorn-to-go\/","title":{"rendered":"","raw":""},"content":{"rendered":"","protected":false,"raw":""},"excerpt":{"rendered":"","protected":false,"raw":""},"author":3,"featured_media":0,"parent":0,"menu_order":0,"comment_status":"closed","ping_status":"closed","template":"","meta":{"_es_post_content":"","_es_post_name":"","_es_post_excerpt":"","_es_post_title":"","_esrd_post_content":"","_esrd_post_name":"","_esrd_post_excerpt":"","_esrd_post_title":"","_enrd_post_content":"","_enrd_post_name":"","_enrd_post_excerpt":"","_enrd_post_title":"","_fanc_post_content":"","_fanc_post_name":"","_fanc_post_excerpt":"","_fanc_post_title":"","_antigua_en_post_content":"","_antigua_en_post_name":"","_antigua_en_post_excerpt":"","_antigua_en_post_title":"","_aruba_en_post_content":"","_aruba_en_post_name":"","_aruba_en_post_excerpt":"","_aruba_en_post_title":"","_guyana_en_post_content":"","_guyana_en_post_name":"","_guyana_en_post_excerpt":"","_guyana_en_post_title":"","_stcroix_en_post_content":"","_stcroix_en_post_name":"","_stcroix_en_post_excerpt":"","_stcroix_en_post_title":"","_stkitts_en_post_content":"","_stkitts_en_post_name":"","_stkitts_en_post_excerpt":"","_stkitts_en_post_title":"","_stlucia_en_post_content":"","_stlucia_en_post_name":"","_stlucia_en_post_excerpt":"","_stlucia_en_post_title":"","_stmaarten_en_post_content":"","_stmaarten_en_post_name":"","_stmaarten_en_post_excerpt":"","_stmaarten_en_post_title":"","_stthomas_en_post_content":"","_stthomas_en_post_name":"","_stthomas_en_post_excerpt":"","_stthomas_en_post_title":"","_trinidad_en_post_content":"","_trinidad_en_post_name":"","_trinidad_en_post_excerpt":"","_trinidad_en_post_title":"","_fr_post_content":"","_fr_post_name":"","_fr_post_excerpt":"","_fr_post_title":"","_arubaes_post_content":"","_arubaes_post_name":"","_arubaes_post_excerpt":"","_arubaes_post_title":"","_bolivia_post_content":"","_bolivia_post_name":"","_bolivia_post_excerpt":"","_bolivia_post_title":"","_curacao_post_content":"","_curacao_post_name":"","_curacao_post_excerpt":"","_curacao_post_title":"","_gt_post_content":"","_gt_post_name":"","_gt_post_excerpt":"","_gt_post_title":"","_panama_post_content":"","_panama_post_name":"","_panama_post_excerpt":"","_panama_post_title":"","_fineartsmiramar_post_content":"","_fineartsmiramar_post_name":"","_fineartsmiramar_post_excerpt":"","_fineartsmiramar_post_title":"","_fineartspopular_post_content":"","_fineartspopular_post_name":"","_fineartspopular_post_excerpt":"","_fineartspopular_post_title":"","_en_post_content":"<img class=\"size-large wp-image-12436 aligncenter\" src=\"https:\/\/caribbeancinemas.com\/wp-content\/uploads\/2020\/05\/HEADER-1024x256.jpg\" alt=\"\" width=\"680\" height=\"170\" \/>\r\n<h4 style=\"text-align: center;\"><strong>\u00a1Ahora podr\u00e1s saborear nuestro delicioso popcorn en casa con los nuevos POPCORN TO GO de Caribbean Cinemas!<\/strong><\/h4>\r\n<h3 style=\"text-align: center;\">P\u00eddelo en combo o solo y a\u00f1ade agua, ICEE o refresco.<\/h3>\r\n<h3 style=\"text-align: center;\"><a href=\"https:\/\/caribbeancinemas.com\/wp-content\/uploads\/2020\/12\/Nov-square.jpg\"><img class=\"wp-image-13605 size-full aligncenter\" src=\"https:\/\/caribbeancinemas.com\/wp-content\/uploads\/2020\/12\/Nov-square.jpg\" alt=\"\" width=\"600\" height=\"600\" \/><\/a><\/h3>\r\n<h6 style=\"text-align: center;\"><strong>Cambia tu refresco por agua sin costo adicional.<\/strong><\/h6>\r\nOtros productos disponibles en el servicio To Go: Hot Dog, Nachos y Pop Cups (caramel popcorn).\r\n<p style=\"text-align: center;\"><a href=\"https:\/\/bit.ly\/PopcornToGo\"><img class=\"wp-image-12452 aligncenter\" src=\"https:\/\/caribbeancinemas.com\/wp-content\/uploads\/2020\/05\/ORDENA-AQU\u00cd.png\" alt=\"\" width=\"325\" height=\"65\" \/><\/a><\/p>\r\nLa venta de Popcorn To Go solo estar\u00e1 disponible para compras por internet o en el cine: <span style=\"color: #ff0000;\"><strong>Plaza Guaynabo, Plaza las Am\u00e9ricas, Montehiedra, Plaza Carolina, Plaza del Caribe, Plaza del Sol, Las Catalinas, Las Piedras, Barceloneta, Dorado, Western Plaza, Plaza del Norte, Fine Arts Popular, Santa Isabel, Fajardo, Metro, San Patricio, The Outlet 66 y Aguadilla.\u00a0<\/strong><\/span>\r\n<div dir=\"auto\">\r\n\r\nEl recogido de las \u00f3rdenes ser\u00e1 por orden de llegada, los siguientes d\u00edas y horarios:\r\n<table width=\"585\">\r\n<tbody>\r\n<tr>\r\n<td style=\"text-align: center;\" width=\"375\"><strong>CINE<\/strong><\/td>\r\n<td style=\"text-align: center;\" width=\"211\"><strong>D\u00cdAS SERVICIO<\/strong><\/td>\r\n<td style=\"text-align: center;\" width=\"211\"><strong>HORARIO<\/strong>\r\n<strong>L-V<\/strong><\/td>\r\n<td style=\"text-align: center;\" width=\"211\"><strong>HORARIO<\/strong>\r\n<strong>S\u00c1B y DOM<\/strong><\/td>\r\n<\/tr>\r\n<tr>\r\n<td style=\"text-align: center;\" width=\"375\">Plaza Guaynabo<\/td>\r\n<td style=\"text-align: center;\" width=\"211\">lunes a domingo<\/td>\r\n<td style=\"text-align: center;\" width=\"211\">2:00pm a 7:00pm<\/td>\r\n<td style=\"text-align: center;\" width=\"211\">2:00pm a 7:00pm<\/td>\r\n<\/tr>\r\n<tr>\r\n<td style=\"text-align: center;\" width=\"375\">Plaza las Am\u00e9ricas<\/td>\r\n<td style=\"text-align: center;\" width=\"211\">lunes a domingo<\/td>\r\n<td style=\"text-align: center;\" width=\"211\">11:30am a 7:00pm<\/td>\r\n<td style=\"text-align: center;\" width=\"211\">11:30am a 7:00pm<\/td>\r\n<\/tr>\r\n<tr>\r\n<td style=\"text-align: center;\" width=\"375\">Montehiedra<\/td>\r\n<td style=\"text-align: center;\" width=\"211\">lunes a domingo<\/td>\r\n<td style=\"text-align: center;\" width=\"211\">1:00pm a 7:00pm<\/td>\r\n<td style=\"text-align: center;\" width=\"211\">11:30am a 7:00pm<\/td>\r\n<\/tr>\r\n<tr>\r\n<td style=\"text-align: center;\" width=\"375\">Plaza Carolina<\/td>\r\n<td style=\"text-align: center;\" width=\"211\">lunes a domingo<\/td>\r\n<td style=\"text-align: center;\" width=\"211\">2:00pm a 7:00pm<\/td>\r\n<td style=\"text-align: center;\" width=\"211\">1:00pm a 7:00pm<\/td>\r\n<\/tr>\r\n<tr>\r\n<td style=\"text-align: center;\" width=\"375\">Plaza del Caribe<\/td>\r\n<td style=\"text-align: center;\" width=\"211\">lunes a domingo<\/td>\r\n<td style=\"text-align: center;\" width=\"211\">1:30pm a 7:00pm<\/td>\r\n<td style=\"text-align: center;\" width=\"211\">1:00pm a 7:00pm<\/td>\r\n<\/tr>\r\n<tr>\r\n<td style=\"text-align: center;\" width=\"375\">Plaza del Sol<\/td>\r\n<td style=\"text-align: center;\" width=\"211\">lunes a domingo<\/td>\r\n<td style=\"text-align: center;\" width=\"211\">2:00pm a 7:00pm<\/td>\r\n<td style=\"text-align: center;\" width=\"211\">2:00pm a 7:00pm<\/td>\r\n<\/tr>\r\n<tr>\r\n<td style=\"text-align: center;\" width=\"375\">Las Catalinas<\/td>\r\n<td style=\"text-align: center;\" width=\"211\">lunes a domingo<\/td>\r\n<td style=\"text-align: center;\" width=\"211\">2:00pm a 7:00pm<\/td>\r\n<td style=\"text-align: center;\" width=\"211\">2:00pm a 7:00pm<\/td>\r\n<\/tr>\r\n<tr>\r\n<td style=\"text-align: center;\" width=\"375\">Las Piedras<\/td>\r\n<td style=\"text-align: center;\" width=\"211\">lunes a domingo<\/td>\r\n<td style=\"text-align: center;\" width=\"211\">2:00pm a 7:00pm<\/td>\r\n<td style=\"text-align: center;\" width=\"211\">2:00pm a 7:00pm<\/td>\r\n<\/tr>\r\n<tr>\r\n<td style=\"text-align: center;\" width=\"375\">Barceloneta<\/td>\r\n<td style=\"text-align: center;\" width=\"211\">lunes a domingo<\/td>\r\n<td style=\"text-align: center;\" width=\"211\">2:00pm a 7:00pm<\/td>\r\n<td style=\"text-align: center;\" width=\"211\">4:00pm a 7:00pm<\/td>\r\n<\/tr>\r\n<tr>\r\n<td style=\"text-align: center;\" width=\"375\">Dorado<\/td>\r\n<td style=\"text-align: center;\" width=\"211\">lunes a domingo<\/td>\r\n<td style=\"text-align: center;\" width=\"211\">4:00pm a 7:00pm<\/td>\r\n<td style=\"text-align: center;\" width=\"211\">4:00pm a 7:00pm<\/td>\r\n<\/tr>\r\n<tr>\r\n<td style=\"text-align: center;\" width=\"375\">Western Plaza<\/td>\r\n<td style=\"text-align: center;\" width=\"211\">lunes a domingo<\/td>\r\n<td style=\"text-align: center;\" width=\"211\">2:00pm a 7:00pm<\/td>\r\n<td style=\"text-align: center;\" width=\"211\">1:00pm a 7:00pm<\/td>\r\n<\/tr>\r\n<tr>\r\n<td style=\"text-align: center;\" width=\"375\">Plaza del Norte<\/td>\r\n<td style=\"text-align: center;\" width=\"211\">lunes a domingo<\/td>\r\n<td style=\"text-align: center;\" width=\"211\">4:00pm a 7:00pm<\/td>\r\n<td style=\"text-align: center;\" width=\"211\">1:00pm a 7:00pm<\/td>\r\n<\/tr>\r\n<tr>\r\n<td style=\"text-align: center;\" width=\"375\">Fine Arts Popular<\/td>\r\n<td style=\"text-align: center;\" width=\"211\">lunes a domingo<\/td>\r\n<td style=\"text-align: center;\" width=\"211\">2:00pm a 7:00pm<\/td>\r\n<td style=\"text-align: center;\" width=\"211\">2:00pm a 7:00pm<\/td>\r\n<\/tr>\r\n<tr>\r\n<td style=\"text-align: center;\" width=\"375\">Santa Isabel<\/td>\r\n<td style=\"text-align: center;\" width=\"211\">lunes a domingo<\/td>\r\n<td style=\"text-align: center;\" width=\"211\">4:00pm a 7:00pm<\/td>\r\n<td style=\"text-align: center;\" width=\"211\">4:00pm a 7:00pm<\/td>\r\n<\/tr>\r\n<tr>\r\n<td style=\"text-align: center;\" width=\"375\">Fajardo<\/td>\r\n<td style=\"text-align: center;\" width=\"211\">lunes a domingo<\/td>\r\n<td style=\"text-align: center;\" width=\"211\">4:00pm a 7:00pm<\/td>\r\n<td style=\"text-align: center;\" width=\"211\">2:00pm a 7:00pm<\/td>\r\n<\/tr>\r\n<tr>\r\n<td style=\"text-align: center;\" width=\"375\">Metro<\/td>\r\n<td style=\"text-align: center;\" width=\"211\">lunes a domingo<\/td>\r\n<td style=\"text-align: center;\" width=\"211\">2:00pm a 7:00pm<\/td>\r\n<td style=\"text-align: center;\" width=\"211\">2:00pm a 7:00pm<\/td>\r\n<\/tr>\r\n<tr>\r\n<td style=\"text-align: center;\" width=\"375\">Plaza Cayey<\/td>\r\n<td style=\"text-align: center;\" width=\"211\">lunes a domingo<\/td>\r\n<td style=\"text-align: center;\" width=\"211\">3:00pm a 7:00pm<\/td>\r\n<td style=\"text-align: center;\" width=\"211\">1:30pm a 7:00pm<\/td>\r\n<\/tr>\r\n<tr>\r\n<td style=\"text-align: center;\" width=\"375\">R\u00edo Hondo I<\/td>\r\n<td style=\"text-align: center;\" width=\"211\">lunes a domingo<\/td>\r\n<td style=\"text-align: center;\" width=\"211\">4:00pm a 7:00pm<\/td>\r\n<td style=\"text-align: center;\" width=\"211\">4:00pm a 7:00pm<\/td>\r\n<\/tr>\r\n<tr>\r\n<td style=\"text-align: center;\" width=\"375\">San Patricio<\/td>\r\n<td style=\"text-align: center;\" width=\"211\">lunes a domingo<\/td>\r\n<td style=\"text-align: center;\" width=\"211\">2:00pm a 7:00pm<\/td>\r\n<td style=\"text-align: center;\" width=\"211\">2:00pm a 7:00pm<\/td>\r\n<\/tr>\r\n<tr>\r\n<td style=\"text-align: center;\" width=\"375\">The Outlet 66<\/td>\r\n<td style=\"text-align: center;\" width=\"211\">lunes a domingo<\/td>\r\n<td style=\"text-align: center;\" width=\"211\">4:00pm a 7:00pm<\/td>\r\n<td style=\"text-align: center;\" width=\"211\">2:00pm a 7:00pm<\/td>\r\n<\/tr>\r\n<tr>\r\n<td style=\"text-align: center;\" width=\"375\">Aguadilla<\/td>\r\n<td style=\"text-align: center;\" width=\"211\">lunes a domingo<\/td>\r\n<td style=\"text-align: center;\" width=\"211\">4:00pm a 7:00pm<\/td>\r\n<td style=\"text-align: center;\" width=\"211\">1:00pm a 7:00pm<\/td>\r\n<\/tr>\r\n<\/tbody>\r\n<\/table>\r\nAl completar la compra usted recibir\u00e1 el c\u00f3digo de recogido en su correo electr\u00f3nico.\r\n\r\n<\/div>\r\n<ul>\r\n \t<li style=\"text-align: left;\">Al llegar al cine, muestre su c\u00f3digo de recogido al personal designado en el cine.<\/li>\r\n \t<li><\/li>\r\n \t<li style=\"text-align: left;\">De tener alguna duda o situaci\u00f3n con su c\u00f3digo de recogido, comun\u00edquese con Servicio al Cliente:\u00a0 Plaza Guaynabo 787-272-2816, Montehiedra 787-287-6420, Plaza Carolina 787-957-0000, Plaza del Caribe 787-841-6666, Plaza las Am\u00e9ricas 787-767-4775, Plaza del Sol 787-288-4999, Las Catalinas 787-747-1415, Las Piedras 787-733-0909, Barceloneta 787-846-5052, Dorado 787-796-1877, Western Plaza 787-833-0315, Plaza del Norte 787-815-4577, Fine Arts Popular 787-765-2339, Santa Isabel 787-845-7070, Fajardo 787-863-2230, Metro 787-722-0465, Plaza Cayey 787-738-0333, R\u00edo Hondo I 787-261-0665, San Patricio 787-749-8660, The Outlet 66 787-256-7505 y Aguadilla 787-891-4405.<\/li>\r\n \t<li><\/li>\r\n \t<li style=\"text-align: left;\">Todas las ventas son finales, no hay cambio ni devoluci\u00f3n. Las \u00f3rdenes de Popcorn To Go deber\u00e1n recogerse en el horario antes indicado.\u00a0 Solo se permite una persona para recoger la orden y deber\u00e1 utilizar mascarilla en todo momento seg\u00fan las recomendaciones del Departamento de Salud de P.R.\u00a0 No se despachar\u00e1 la orden si no cumple con estas indicaciones.<\/li>\r\n<\/ul>","_en_post_name":"popcorn-to-go","_en_post_excerpt":"","_en_post_title":"POPCORN TO GO","edit_language":"gt"},"yoast_head":"<!-- This site is optimized with the Yoast SEO plugin v16.2 - https:\/\/yoast.com\/wordpress\/plugins\/seo\/ -->\n<meta name=\"robots\" content=\"index, follow, max-snippet:-1, max-image-preview:large, max-video-preview:-1\" \/>\n<link rel=\"canonical\" href=\"https:\/\/caribbeancinemas.com\/popcorn-to-go\/\" \/>\n<meta property=\"og:locale\" content=\"es_ES\" \/>\n<meta property=\"og:type\" content=\"article\" \/>\n<meta property=\"og:title\" content=\"POPCORN TO GO | Caribbean Cinemas\" \/>\n<meta property=\"og:description\" content=\"\u00a1Ahora podr\u00e1s saborear nuestro delicioso popcorn en casa con los nuevos POPCORN TO GO de Caribbean Cinemas! P\u00eddelo en combo o solo y a\u00f1ade agua, ICEE o refresco. Cambia tu refresco por agua sin costo adicional. Otros productos disponibles en el servicio To Go: Hot Dog, Nachos y Pop Cups (caramel popcorn). La venta de... Read more &raquo;\" \/>\n<meta property=\"og:url\" content=\"https:\/\/caribbeancinemas.com\/popcorn-to-go\/\" \/>\n<meta property=\"og:site_name\" content=\"Caribbean Cinemas\" \/>\n<meta property=\"article:publisher\" content=\"https:\/\/www.facebook.com\/caribbeancinemas\" \/>\n<meta property=\"article:modified_time\" content=\"2021-05-22T14:38:30+00:00\" \/>\n<meta property=\"og:image\" content=\"https:\/\/caribbeancinemas.com\/wp-content\/uploads\/2020\/05\/HEADER-1024x256.jpg\" \/>\n<meta name=\"twitter:card\" content=\"summary\" \/>\n<meta name=\"twitter:label1\" content=\"Est. reading time\">\n\t<meta name=\"twitter:data1\" content=\"3 minutes\">\n<script type=\"application\/ld+json\" class=\"yoast-schema-graph\">{\"@context\":\"https:\/\/schema.org\",\"@graph\":[{\"@type\":\"WebSite\",\"@id\":\"https:\/\/caribbeancinemas.com\/#website\",\"url\":\"https:\/\/caribbeancinemas.com\/\",\"name\":\"Caribbean Cinemas\",\"description\":\"\",\"potentialAction\":[{\"@type\":\"SearchAction\",\"target\":\"https:\/\/caribbeancinemas.com\/?s={search_term_string}\",\"query-input\":\"required name=search_term_string\"}],\"inLanguage\":\"es-GT\"},{\"@type\":\"ImageObject\",\"@id\":\"https:\/\/caribbeancinemas.com\/popcorn-to-go\/#primaryimage\",\"inLanguage\":\"es-GT\",\"url\":\"https:\/\/caribbeancinemas.com\/wp-content\/uploads\/2020\/05\/HEADER.jpg\",\"contentUrl\":\"https:\/\/caribbeancinemas.com\/wp-content\/uploads\/2020\/05\/HEADER.jpg\",\"width\":1200,\"height\":300},{\"@type\":\"WebPage\",\"@id\":\"https:\/\/caribbeancinemas.com\/popcorn-to-go\/#webpage\",\"url\":\"https:\/\/caribbeancinemas.com\/popcorn-to-go\/\",\"name\":\"POPCORN TO GO | Caribbean Cinemas\",\"isPartOf\":{\"@id\":\"https:\/\/caribbeancinemas.com\/#website\"},\"primaryImageOfPage\":{\"@id\":\"https:\/\/caribbeancinemas.com\/popcorn-to-go\/#primaryimage\"},\"datePublished\":\"2020-05-07T18:12:11+00:00\",\"dateModified\":\"2021-05-22T14:38:30+00:00\",\"breadcrumb\":{\"@id\":\"https:\/\/caribbeancinemas.com\/popcorn-to-go\/#breadcrumb\"},\"inLanguage\":\"es-GT\",\"potentialAction\":[{\"@type\":\"ReadAction\",\"target\":[\"https:\/\/caribbeancinemas.com\/popcorn-to-go\/\"]}]},{\"@type\":\"BreadcrumbList\",\"@id\":\"https:\/\/caribbeancinemas.com\/popcorn-to-go\/#breadcrumb\",\"itemListElement\":[{\"@type\":\"ListItem\",\"position\":1,\"item\":{\"@type\":\"WebPage\",\"@id\":\"https:\/\/caribbeancinemas.com\/\",\"url\":\"https:\/\/caribbeancinemas.com\/\",\"name\":\"Home\"}},{\"@type\":\"ListItem\",\"position\":2,\"item\":{\"@id\":\"https:\/\/caribbeancinemas.com\/popcorn-to-go\/#webpage\"}}]}]}<\/script>\n<!-- \/ Yoast SEO plugin. -->","_links":{"self":[{"href":"https:\/\/caribbeancinemas.com\/gt\/wp-json\/wp\/v2\/pages\/12435"}],"collection":[{"href":"https:\/\/caribbeancinemas.com\/gt\/wp-json\/wp\/v2\/pages"}],"about":[{"href":"https:\/\/caribbeancinemas.com\/gt\/wp-json\/wp\/v2\/types\/page"}],"author":[{"embeddable":true,"href":"https:\/\/caribbeancinemas.com\/gt\/wp-json\/wp\/v2\/users\/3"}],"replies":[{"embeddable":true,"href":"https:\/\/caribbeancinemas.com\/gt\/wp-json\/wp\/v2\/comments?post=12435"}],"version-history":[{"count":55,"href":"https:\/\/caribbeancinemas.com\/gt\/wp-json\/wp\/v2\/pages\/12435\/revisions"}],"predecessor-version":[{"id":14388,"href":"https:\/\/caribbeancinemas.com\/gt\/wp-json\/wp\/v2\/pages\/12435\/revisions\/14388"}],"wp:attachment":[{"href":"https:\/\/caribbeancinemas.com\/gt\/wp-json\/wp\/v2\/media?parent=12435"}],"curies":[{"name":"wp","href":"https:\/\/api.w.org\/{rel}","templated":true}]}}