{"id":16949,"date":"2022-06-16T19:06:05","date_gmt":"2022-06-16T23:06:05","guid":{"rendered":"https:\/\/caribbeancinemas.com\/?page_id=16949"},"modified":"2024-07-08T16:46:03","modified_gmt":"2024-07-08T20:46:03","slug":"","status":"publish","type":"page","link":"https:\/\/caribbeancinemas.com\/gt\/cine_kids\/","title":{"rendered":"","raw":""},"content":{"rendered":"","protected":false,"raw":""},"excerpt":{"rendered":"","protected":false,"raw":""},"author":3,"featured_media":0,"parent":0,"menu_order":0,"comment_status":"closed","ping_status":"closed","template":"","meta":{"_es_post_content":"","_es_post_name":"","_es_post_excerpt":"","_es_post_title":"","_esrd_post_content":"","_esrd_post_name":"","_esrd_post_excerpt":"","_esrd_post_title":"","_enrd_post_content":"","_enrd_post_name":"","_enrd_post_excerpt":"","_enrd_post_title":"","_fanc_post_content":"","_fanc_post_name":"","_fanc_post_excerpt":"","_fanc_post_title":"","_antigua_en_post_content":"","_antigua_en_post_name":"","_antigua_en_post_excerpt":"","_antigua_en_post_title":"","_aruba_en_post_content":"","_aruba_en_post_name":"","_aruba_en_post_excerpt":"","_aruba_en_post_title":"","_guyana_en_post_content":"","_guyana_en_post_name":"","_guyana_en_post_excerpt":"","_guyana_en_post_title":"","_stcroix_en_post_content":"","_stcroix_en_post_name":"","_stcroix_en_post_excerpt":"","_stcroix_en_post_title":"","_stkitts_en_post_content":"","_stkitts_en_post_name":"","_stkitts_en_post_excerpt":"","_stkitts_en_post_title":"","_stlucia_en_post_content":"","_stlucia_en_post_name":"","_stlucia_en_post_excerpt":"","_stlucia_en_post_title":"","_stmaarten_en_post_content":"","_stmaarten_en_post_name":"","_stmaarten_en_post_excerpt":"","_stmaarten_en_post_title":"","_stthomas_en_post_content":"","_stthomas_en_post_name":"","_stthomas_en_post_excerpt":"","_stthomas_en_post_title":"","_trinidad_en_post_content":"","_trinidad_en_post_name":"","_trinidad_en_post_excerpt":"","_trinidad_en_post_title":"","_fr_post_content":"","_fr_post_name":"","_fr_post_excerpt":"","_fr_post_title":"","_arubaes_post_content":"","_arubaes_post_name":"","_arubaes_post_excerpt":"","_arubaes_post_title":"","_bolivia_post_content":"","_bolivia_post_name":"","_bolivia_post_excerpt":"","_bolivia_post_title":"","_curacao_post_content":"","_curacao_post_name":"","_curacao_post_excerpt":"","_curacao_post_title":"","_gt_post_content":"","_gt_post_name":"","_gt_post_excerpt":"","_gt_post_title":"","_panama_post_content":"","_panama_post_name":"","_panama_post_excerpt":"","_panama_post_title":"","_fineartsmiramar_post_content":"","_fineartsmiramar_post_name":"","_fineartsmiramar_post_excerpt":"","_fineartsmiramar_post_title":"","_fineartspopular_post_content":"","_fineartspopular_post_name":"","_fineartspopular_post_excerpt":"","_fineartspopular_post_title":"","_en_post_content":"<h4 style=\"text-align: center;\"><a href=\"https:\/\/caribbeancinemas.com\/wp-content\/uploads\/2022\/06\/CreMasGOYA_CineKids.png\"><img class=\"aligncenter wp-image-16947 size-large\" src=\"https:\/\/caribbeancinemas.com\/wp-content\/uploads\/2022\/06\/CreMasGOYA_CineKids-1024x370.png\" alt=\"\" width=\"680\" height=\"246\" \/><\/a><a href=\"https:\/\/caribbeancinemas.com\/wp-content\/uploads\/2024\/07\/Poster-Cine-Kids-PR-1.png\"><img class=\"wp-image-21669 size-full aligncenter\" src=\"https:\/\/caribbeancinemas.com\/wp-content\/uploads\/2024\/07\/Poster-Cine-Kids-PR-1.png\" alt=\"\" width=\"1080\" height=\"1920\" \/><\/a><span style=\"color: #ffffff;\">LAS CATALINAS CINEMAS, CAGUAS\r\nARECIBO CINEMAS<\/span><\/h4>\r\n<h4 style=\"text-align: center;\"><span style=\"color: #ffffff;\">\r\n\u00a1En CINE KIDS los m\u00e1s peque\u00f1os podr\u00e1n disfrutar de una sala de cine equipada con \u00e1rea de juegos, obst\u00e1culos y una enorme chorrera!<\/span><\/h4>\r\n<a href=\"https:\/\/caribbeancinemas.com\/wp-content\/uploads\/2022\/06\/cke1.jpg\"><img class=\"wp-image-16952 size-large aligncenter\" src=\"https:\/\/caribbeancinemas.com\/wp-content\/uploads\/2022\/06\/cke1-1024x576.jpg\" alt=\"\" width=\"680\" height=\"383\" \/><\/a>\r\n\r\n&nbsp;\r\n\r\n<hr \/>\r\n\r\n<ul>\r\n \t<li><span style=\"color: #ffffff;\">Al comprar el boleto para la sala Cine Kids usted ha aceptado las reglas de seguridad para el disfrute de la sala, a continuaci\u00f3n. Caribbean Cinemas no ser\u00e1 responsable de incidentes, lesiones o da\u00f1os debidos a la negligencia o incumplimiento de las reglas de Cine Kids por parte del menor y\/o el adulto que lo acompa\u00f1e.<\/span><\/li>\r\n \t<li><\/li>\r\n \t<li><span style=\"color: #ffffff;\">\u2022 El \u00e1rea de juego de la chorrera est\u00e1 dise\u00f1ada para el uso exclusivo de menores de 2 a 10 a\u00f1os o de altura m\u00ednima de 3 pies y m\u00e1xima de 4 pies con 6 pulgadas.<\/span><\/li>\r\n \t<li><span style=\"color: #ffffff;\">\u2022 En todo momento los menores deben estar acompa\u00f1ados y supervisados por un adulto. Es muy importante que el adulto cumpla con esta regla por la seguridad del menor.<\/span><\/li>\r\n \t<li><span style=\"color: #ffffff;\">\u2022 Los adultos\u00a0 asumen toda la responsabilidad por los menores que est\u00e9n supervisando mientras est\u00e1n en las instalaciones.<\/span><\/li>\r\n \t<li><span style=\"color: #ffffff;\">\u2022 Todos los adultos y menores deben tener boleto para el disfrute de la sala antes de entrar.<\/span><\/li>\r\n \t<li><span style=\"color: #ffffff;\">\u2022 Los adultos no pueden usar el \u00e1rea de juegos.<\/span><\/li>\r\n \t<li><span style=\"color: #ffffff;\">\u2022 Es requerido el uso de medias en todo momento en el \u00e1rea de juego, los zapatos deben mantenerse en el \u00e1rea designada para estos.<\/span><\/li>\r\n \t<li><span style=\"color: #ffffff;\">\u2022 No se permiten juguetes, alimentos, ni bebidas en las \u00e1reas de juego.<\/span><\/li>\r\n \t<li><span style=\"color: #ffffff;\">\u2022 Podr\u00e1 deslizarse por la chorrera un menor\u00a0 a la vez, en posici\u00f3n sentada con los pies de frente y una vez no haya otro menor al final de la chorrera.<\/span><\/li>\r\n \t<li><span style=\"color: #ffffff;\">\u2022 No se permite escalar dentro de la chorrera.<\/span><\/li>\r\n \t<li><span style=\"color: #ffffff;\">\u2022 No se permite correr, empujar, dentro de la sala y\/o \u00e1reas de juego.<\/span><\/li>\r\n \t<li><span style=\"color: #ffffff;\">\u2022 El \u00e1rea de juegos estar\u00e1 disponible durante 30 minutos antes de comenzar la pel\u00edcula.<\/span><\/li>\r\n \t<li><span style=\"color: #ffffff;\">\u2022 Caribbean Cinemas no se hace responsable por art\u00edculos dejados en el \u00e1rea de juego.<\/span><\/li>\r\n \t<li><span style=\"color: #ffffff;\">\u2022 Est\u00e9 pendiente a las comunicaciones que aparecer\u00e1n en la pantalla avis\u00e1ndole el momento que deben ocupar sus asientos para el comienzo de la pel\u00edcula.<\/span><\/li>\r\n \t<li><span style=\"color: #ffffff;\">\u2022 Siga todas las instrucciones del personal de Caribbean Cinemas.<\/span><\/li>\r\n \t<li><span style=\"color: #ffffff;\">\u2022 En caso de ocurrir alg\u00fan accidente deber\u00e1 notificarse inmediatamente al empleado o supervisor del cine.<\/span><\/li>\r\n<\/ul>\r\n<h4><a href=\"https:\/\/caribbeancinemas.com\/wp-content\/uploads\/2022\/06\/CreMasGOYA_CineKids.png\">\u00a0<\/a><\/h4>\r\n<a href=\"https:\/\/caribbeancinemas.com\/wp-content\/uploads\/2022\/06\/cke2.jpg\"><img class=\"size-large wp-image-16951 aligncenter\" src=\"https:\/\/caribbeancinemas.com\/wp-content\/uploads\/2022\/06\/cke2-1024x576.jpg\" alt=\"\" width=\"680\" height=\"383\" \/><\/a>","_en_post_name":"cine_kids","_en_post_excerpt":"","_en_post_title":"Cine Kids","edit_language":"gt"},"yoast_head":"<!-- This site is optimized with the Yoast SEO plugin v16.2 - https:\/\/yoast.com\/wordpress\/plugins\/seo\/ -->\n<meta name=\"robots\" content=\"index, follow, max-snippet:-1, max-image-preview:large, max-video-preview:-1\" \/>\n<link rel=\"canonical\" href=\"https:\/\/caribbeancinemas.com\/cine_kids\/\" \/>\n<meta property=\"og:locale\" content=\"es_ES\" \/>\n<meta property=\"og:type\" content=\"article\" \/>\n<meta property=\"og:title\" content=\"Cine Kids | Caribbean Cinemas\" \/>\n<meta property=\"og:description\" content=\"LAS CATALINAS CINEMAS, CAGUAS ARECIBO CINEMAS \u00a1En CINE KIDS los m\u00e1s peque\u00f1os podr\u00e1n disfrutar de una sala de cine equipada con \u00e1rea de juegos, obst\u00e1culos y una enorme chorrera! &nbsp; Al comprar el boleto para la sala Cine Kids usted ha aceptado las reglas de seguridad para el disfrute de la sala, a continuaci\u00f3n. Caribbean... Read more &raquo;\" \/>\n<meta property=\"og:url\" content=\"https:\/\/caribbeancinemas.com\/cine_kids\/\" \/>\n<meta property=\"og:site_name\" content=\"Caribbean Cinemas\" \/>\n<meta property=\"article:publisher\" content=\"https:\/\/www.facebook.com\/caribbeancinemas\" \/>\n<meta property=\"article:modified_time\" content=\"2024-07-08T20:46:03+00:00\" \/>\n<meta property=\"og:image\" content=\"https:\/\/caribbeancinemas.com\/wp-content\/uploads\/2022\/06\/CreMasGOYA_CineKids-1024x370.png\" \/>\n<meta name=\"twitter:card\" content=\"summary\" \/>\n<meta name=\"twitter:label1\" content=\"Est. reading time\">\n\t<meta name=\"twitter:data1\" content=\"3 minutes\">\n<script type=\"application\/ld+json\" class=\"yoast-schema-graph\">{\"@context\":\"https:\/\/schema.org\",\"@graph\":[{\"@type\":\"WebSite\",\"@id\":\"https:\/\/caribbeancinemas.com\/#website\",\"url\":\"https:\/\/caribbeancinemas.com\/\",\"name\":\"Caribbean Cinemas\",\"description\":\"\",\"potentialAction\":[{\"@type\":\"SearchAction\",\"target\":\"https:\/\/caribbeancinemas.com\/?s={search_term_string}\",\"query-input\":\"required name=search_term_string\"}],\"inLanguage\":\"es-GT\"},{\"@type\":\"ImageObject\",\"@id\":\"https:\/\/caribbeancinemas.com\/cine_kids\/#primaryimage\",\"inLanguage\":\"es-GT\",\"url\":\"https:\/\/caribbeancinemas.com\/wp-content\/uploads\/2022\/06\/CreMasGOYA_CineKids.png\",\"contentUrl\":\"https:\/\/caribbeancinemas.com\/wp-content\/uploads\/2022\/06\/CreMasGOYA_CineKids.png\",\"width\":4468,\"height\":1613},{\"@type\":\"WebPage\",\"@id\":\"https:\/\/caribbeancinemas.com\/cine_kids\/#webpage\",\"url\":\"https:\/\/caribbeancinemas.com\/cine_kids\/\",\"name\":\"Cine Kids | Caribbean Cinemas\",\"isPartOf\":{\"@id\":\"https:\/\/caribbeancinemas.com\/#website\"},\"primaryImageOfPage\":{\"@id\":\"https:\/\/caribbeancinemas.com\/cine_kids\/#primaryimage\"},\"datePublished\":\"2022-06-16T23:06:05+00:00\",\"dateModified\":\"2024-07-08T20:46:03+00:00\",\"breadcrumb\":{\"@id\":\"https:\/\/caribbeancinemas.com\/cine_kids\/#breadcrumb\"},\"inLanguage\":\"es-GT\",\"potentialAction\":[{\"@type\":\"ReadAction\",\"target\":[\"https:\/\/caribbeancinemas.com\/cine_kids\/\"]}]},{\"@type\":\"BreadcrumbList\",\"@id\":\"https:\/\/caribbeancinemas.com\/cine_kids\/#breadcrumb\",\"itemListElement\":[{\"@type\":\"ListItem\",\"position\":1,\"item\":{\"@type\":\"WebPage\",\"@id\":\"https:\/\/caribbeancinemas.com\/\",\"url\":\"https:\/\/caribbeancinemas.com\/\",\"name\":\"Home\"}},{\"@type\":\"ListItem\",\"position\":2,\"item\":{\"@id\":\"https:\/\/caribbeancinemas.com\/cine_kids\/#webpage\"}}]}]}<\/script>\n<!-- \/ Yoast SEO plugin. -->","_links":{"self":[{"href":"https:\/\/caribbeancinemas.com\/gt\/wp-json\/wp\/v2\/pages\/16949"}],"collection":[{"href":"https:\/\/caribbeancinemas.com\/gt\/wp-json\/wp\/v2\/pages"}],"about":[{"href":"https:\/\/caribbeancinemas.com\/gt\/wp-json\/wp\/v2\/types\/page"}],"author":[{"embeddable":true,"href":"https:\/\/caribbeancinemas.com\/gt\/wp-json\/wp\/v2\/users\/3"}],"replies":[{"embeddable":true,"href":"https:\/\/caribbeancinemas.com\/gt\/wp-json\/wp\/v2\/comments?post=16949"}],"version-history":[{"count":13,"href":"https:\/\/caribbeancinemas.com\/gt\/wp-json\/wp\/v2\/pages\/16949\/revisions"}],"predecessor-version":[{"id":21671,"href":"https:\/\/caribbeancinemas.com\/gt\/wp-json\/wp\/v2\/pages\/16949\/revisions\/21671"}],"wp:attachment":[{"href":"https:\/\/caribbeancinemas.com\/gt\/wp-json\/wp\/v2\/media?parent=16949"}],"curies":[{"name":"wp","href":"https:\/\/api.w.org\/{rel}","templated":true}]}}