{"id":17103,"date":"2022-07-18T12:21:14","date_gmt":"2022-07-18T16:21:14","guid":{"rendered":"https:\/\/caribbeancinemas.com\/?page_id=17103"},"modified":"2023-03-20T17:40:58","modified_gmt":"2023-03-20T21:40:58","slug":"customerservice","status":"publish","type":"page","link":"https:\/\/caribbeancinemas.com\/gt\/customerservice\/","title":{"rendered":"","raw":""},"content":{"rendered":"<h2><a href=\"https:\/\/caribbeancinemas.com\/wp-content\/uploads\/2022\/07\/hcs-01.jpg\"><img loading=\"lazy\" class=\"wp-image-17112 size-full aligncenter\" src=\"https:\/\/caribbeancinemas.com\/wp-content\/uploads\/2022\/07\/hcs-01.jpg\" alt=\"\" width=\"2062\" height=\"362\" srcset=\"https:\/\/caribbeancinemas.com\/wp-content\/uploads\/2022\/07\/hcs-01.jpg 2062w, https:\/\/caribbeancinemas.com\/wp-content\/uploads\/2022\/07\/hcs-01-300x53.jpg 300w, https:\/\/caribbeancinemas.com\/wp-content\/uploads\/2022\/07\/hcs-01-1024x180.jpg 1024w, https:\/\/caribbeancinemas.com\/wp-content\/uploads\/2022\/07\/hcs-01-768x135.jpg 768w, https:\/\/caribbeancinemas.com\/wp-content\/uploads\/2022\/07\/hcs-01-1536x270.jpg 1536w, https:\/\/caribbeancinemas.com\/wp-content\/uploads\/2022\/07\/hcs-01-2048x360.jpg 2048w\" sizes=\"(max-width: 2062px) 100vw, 2062px\" \/><\/a><br \/>\n\u00a1Queremos escuchar de ti!<\/h2>\n<h3>Tu opini\u00f3n es muy importante para nosotros. D\u00e9janos saber c\u00f3mo podemos asistirte.<\/h3>\n<div role=\"form\" class=\"wpcf7\" id=\"wpcf7-f17099-o2\" lang=\"en-US\" dir=\"ltr\">\n<div class=\"screen-reader-response\"><p role=\"status\" aria-live=\"polite\" aria-atomic=\"true\"><\/p> <ul><\/ul><\/div>\n<form action=\"\/gt\/wp-json\/wp\/v2\/pages\/17103#wpcf7-f17099-o2\" method=\"post\" class=\"wpcf7-form init\" novalidate=\"novalidate\" data-status=\"init\">\n<div style=\"display: none;\">\n<input type=\"hidden\" name=\"_wpcf7\" value=\"17099\" \/>\n<input type=\"hidden\" name=\"_wpcf7_version\" value=\"5.4.1\" \/>\n<input type=\"hidden\" name=\"_wpcf7_locale\" value=\"en_US\" \/>\n<input type=\"hidden\" name=\"_wpcf7_unit_tag\" value=\"wpcf7-f17099-o2\" \/>\n<input type=\"hidden\" name=\"_wpcf7_container_post\" value=\"0\" \/>\n<input type=\"hidden\" name=\"_wpcf7_posted_data_hash\" value=\"\" \/>\n<input type=\"hidden\" name=\"_wpcf7cf_hidden_group_fields\" value=\"[]\" \/>\n<input type=\"hidden\" name=\"_wpcf7cf_hidden_groups\" value=\"[]\" \/>\n<input type=\"hidden\" name=\"_wpcf7cf_visible_groups\" value=\"[]\" \/>\n<input type=\"hidden\" name=\"_wpcf7cf_repeaters\" value=\"[]\" \/>\n<input type=\"hidden\" name=\"_wpcf7cf_steps\" value=\"{}\" \/>\n<input type=\"hidden\" name=\"_wpcf7cf_options\" value=\"{&quot;form_id&quot;:17099,&quot;conditions&quot;:[{&quot;then_field&quot;:&quot;groupPR&quot;,&quot;and_rules&quot;:[{&quot;if_field&quot;:&quot;Country&quot;,&quot;operator&quot;:&quot;equals&quot;,&quot;if_value&quot;:&quot;Puerto Rico&quot;}]},{&quot;then_field&quot;:&quot;pr-selected&quot;,&quot;and_rules&quot;:[{&quot;if_field&quot;:&quot;Country&quot;,&quot;operator&quot;:&quot;equals&quot;,&quot;if_value&quot;:&quot;Puerto Rico&quot;}]},{&quot;then_field&quot;:&quot;groupRD&quot;,&quot;and_rules&quot;:[{&quot;if_field&quot;:&quot;Country&quot;,&quot;operator&quot;:&quot;equals&quot;,&quot;if_value&quot;:&quot;Dominican Republic&quot;}]},{&quot;then_field&quot;:&quot;rd-selected&quot;,&quot;and_rules&quot;:[{&quot;if_field&quot;:&quot;Country&quot;,&quot;operator&quot;:&quot;equals&quot;,&quot;if_value&quot;:&quot;Dominican Republic&quot;}]},{&quot;then_field&quot;:&quot;groupTR&quot;,&quot;and_rules&quot;:[{&quot;if_field&quot;:&quot;Country&quot;,&quot;operator&quot;:&quot;equals&quot;,&quot;if_value&quot;:&quot;Trinidad&quot;}]},{&quot;then_field&quot;:&quot;tr-selected&quot;,&quot;and_rules&quot;:[{&quot;if_field&quot;:&quot;Country&quot;,&quot;operator&quot;:&quot;equals&quot;,&quot;if_value&quot;:&quot;Trinidad&quot;}]},{&quot;then_field&quot;:&quot;groupGY&quot;,&quot;and_rules&quot;:[{&quot;if_field&quot;:&quot;Country&quot;,&quot;operator&quot;:&quot;equals&quot;,&quot;if_value&quot;:&quot;Guyana&quot;}]},{&quot;then_field&quot;:&quot;gy-selected&quot;,&quot;and_rules&quot;:[{&quot;if_field&quot;:&quot;Country&quot;,&quot;operator&quot;:&quot;equals&quot;,&quot;if_value&quot;:&quot;Guyana&quot;}]},{&quot;then_field&quot;:&quot;groupPTY&quot;,&quot;and_rules&quot;:[{&quot;if_field&quot;:&quot;Country&quot;,&quot;operator&quot;:&quot;equals&quot;,&quot;if_value&quot;:&quot;Panam\\u00e1&quot;}]},{&quot;then_field&quot;:&quot;pty-selected&quot;,&quot;and_rules&quot;:[{&quot;if_field&quot;:&quot;Country&quot;,&quot;operator&quot;:&quot;equals&quot;,&quot;if_value&quot;:&quot;Panam\\u00e1&quot;}]},{&quot;then_field&quot;:&quot;groupGT&quot;,&quot;and_rules&quot;:[{&quot;if_field&quot;:&quot;Country&quot;,&quot;operator&quot;:&quot;equals&quot;,&quot;if_value&quot;:&quot;Guatemala&quot;}]},{&quot;then_field&quot;:&quot;gt-selected&quot;,&quot;and_rules&quot;:[{&quot;if_field&quot;:&quot;Country&quot;,&quot;operator&quot;:&quot;equals&quot;,&quot;if_value&quot;:&quot;Guatemala&quot;}]}],&quot;settings&quot;:{&quot;animation&quot;:&quot;yes&quot;,&quot;animation_intime&quot;:200,&quot;animation_outtime&quot;:200,&quot;conditions_ui&quot;:&quot;normal&quot;,&quot;notice_dismissed&quot;:false,&quot;notice_dismissed_update-cf7-5.6.1&quot;:true}}\" \/>\n<\/div>\n<p><label>Name:<br \/>\n     <span class=\"wpcf7-form-control-wrap your-name\"><input type=\"text\" name=\"your-name\" value=\"\" size=\"40\" class=\"wpcf7-form-control wpcf7-text wpcf7-validates-as-required\" aria-required=\"true\" aria-invalid=\"false\" \/><\/span><\/label><\/p>\n<p><label>Last Name:<br \/>\n     <span class=\"wpcf7-form-control-wrap your-last-name\"><input type=\"text\" name=\"your-last-name\" value=\"\" size=\"40\" class=\"wpcf7-form-control wpcf7-text wpcf7-validates-as-required\" aria-required=\"true\" aria-invalid=\"false\" \/><\/span><\/label><\/p>\n<p><label>Email address:<br \/>\n     <span class=\"wpcf7-form-control-wrap your-email\"><input type=\"email\" name=\"your-email\" value=\"\" size=\"40\" class=\"wpcf7-form-control wpcf7-text wpcf7-email wpcf7-validates-as-required wpcf7-validates-as-email\" aria-required=\"true\" aria-invalid=\"false\" \/><\/span><\/label><\/p>\n<p><label>Phone:<br \/>\n     <span class=\"wpcf7-form-control-wrap telefono\"><input type=\"tel\" name=\"telefono\" value=\"\" size=\"40\" class=\"wpcf7-form-control wpcf7-text wpcf7-tel wpcf7-validates-as-required wpcf7-validates-as-tel\" aria-required=\"true\" aria-invalid=\"false\" \/><\/span><\/label><\/p>\n<p><span class=\"wpcf7-form-control-wrap Country\"><select name=\"Country\" class=\"wpcf7-form-control wpcf7-select wpcf7-validates-as-required\" aria-required=\"true\" aria-invalid=\"false\"><option value=\"-- Choose your country --\">-- Choose your country --<\/option><option value=\"Puerto Rico\">Puerto Rico<\/option><option value=\"Dominican Republic\">Dominican Republic<\/option><option value=\"Antigua\">Antigua<\/option><option value=\"Aruba\">Aruba<\/option><option value=\"Guyana\">Guyana<\/option><option value=\"St Croix\">St Croix<\/option><option value=\"St Kitts\">St Kitts<\/option><option value=\"St Lucia\">St Lucia<\/option><option value=\"St Maarten\">St Maarten<\/option><option value=\"Panam\u00e1\">Panam\u00e1<\/option><option value=\"St Thomas\">St Thomas<\/option><option value=\"Trinidad\">Trinidad<\/option><option value=\"Guatemala\">Guatemala<\/option><\/select><\/span><\/p>\n<div data-id=\"groupPR\" data-orig_data_id=\"groupPR\"  data-class=\"wpcf7cf_group\">\nTheater: <span class=\"wpcf7-form-control-wrap Puerto-Rico\"><select name=\"Puerto-Rico\" class=\"wpcf7-form-control wpcf7-select wpcf7-validates-as-required\" aria-required=\"true\" aria-invalid=\"false\"><option value=\"\">-- Choose your theater --<\/option><option value=\"Aguadilla\">Aguadilla<\/option><option value=\"Arecibo\">Arecibo<\/option><option value=\"Barceloneta\">Barceloneta<\/option><option value=\"Distrito VIP Cinemas\">Distrito VIP Cinemas<\/option><option value=\"Dorado\">Dorado<\/option><option value=\"Fajardo\">Fajardo<\/option><option value=\"Fine Arts Miramar\">Fine Arts Miramar<\/option><option value=\"Fine Arts Popular\">Fine Arts Popular<\/option><option value=\"Guayama\">Guayama<\/option><option value=\"Las Catalinas\">Las Catalinas<\/option><option value=\"Las Piedras\">Las Piedras<\/option><option value=\"Metro Cinemas\">Metro Cinemas<\/option><option value=\"Montehiedra\">Montehiedra<\/option><option value=\"Plaza Carolina\">Plaza Carolina<\/option><option value=\"Plaza Cayey\">Plaza Cayey<\/option><option value=\"Plaza del Caribe\">Plaza del Caribe<\/option><option value=\"Plaza del Norte\">Plaza del Norte<\/option><option value=\"Plaza del Sol\">Plaza del Sol<\/option><option value=\"Plaza Escorial\">Plaza Escorial<\/option><option value=\"Plaza Guaynabo\">Plaza Guaynabo<\/option><option value=\"Plaza Isabela\">Plaza Isabela<\/option><option value=\"Plaza Las Am\u00e9ricas\">Plaza Las Am\u00e9ricas<\/option><option value=\"Ponce Towne\">Ponce Towne<\/option><option value=\"R\u00edo Hondo\">R\u00edo Hondo<\/option><option value=\"San Germ\u00e1n\">San Germ\u00e1n<\/option><option value=\"San Patricio\">San Patricio<\/option><option value=\"Santa Isabel\">Santa Isabel<\/option><option value=\"The Outlet 66\">The Outlet 66<\/option><option value=\"Vega Alta\">Vega Alta<\/option><option value=\"Western Plaza\">Western Plaza<\/option><\/select><\/span><\/p>\n<div data-id=\"pr-selected\" data-orig_data_id=\"pr-selected\"  data-class=\"wpcf7cf_group\">\n<\/div>\n<\/div>\n<div data-id=\"groupRD\" data-orig_data_id=\"groupRD\"  data-class=\"wpcf7cf_group\">\nTheater: <span class=\"wpcf7-form-control-wrap RD\"><select name=\"RD\" class=\"wpcf7-form-control wpcf7-select\" aria-invalid=\"false\"><option value=\"\">-- Choose your theater --<\/option><option value=\"Acr\u00f3polis Center\">Acr\u00f3polis Center<\/option><option value=\"B\u00e1varo at San Juan Shopping Center\">B\u00e1varo at San Juan Shopping Center<\/option><option value=\"CC Premium at Silver Sun\">CC Premium at Silver Sun<\/option><option value=\"Cinema Centro Cibao\">Cinema Centro Cibao<\/option><option value=\"Cinema Centro Malec\u00f3n\">Cinema Centro Malec\u00f3n<\/option><option value=\"Coral Mall\">Coral Mall<\/option><option value=\"Downtown Center\">Downtown Center<\/option><option value=\"Downtown Center VIP\">Downtown Center VIP<\/option><option value=\"Fine Arts Novo-Centro\">Fine Arts Novo-Centro<\/option><option value=\"Galer\u00eda 360\">Galer\u00eda 360<\/option><option value=\"Hig\u00fcey\">Hig\u00fcey<\/option><option value=\"Hollywood 7\">Hollywood 7<\/option><option value=\"Hollywood Diamond\">Hollywood Diamond<\/option><option value=\"Hollywood Island\">Hollywood Island<\/option><option value=\"La Marina Casa de Campo\">La Marina Casa de Campo<\/option><option value=\"Las Colinas\">Las Colinas<\/option><option value=\"Megaplex-10\">Megaplex-10<\/option><option value=\"Multiplaza Romana\">Multiplaza Romana<\/option><option value=\"Plaza Duarte\">Plaza Duarte<\/option><option value=\"San Juan de la Maguana\">San Juan de la Maguana<\/option><\/select><\/span><\/p>\n<div data-id=\"rd-selected\" data-orig_data_id=\"rd-selected\"  data-class=\"wpcf7cf_group\">\n<\/div>\n<\/div>\n<div data-id=\"groupGY\" data-orig_data_id=\"groupGY\"  data-class=\"wpcf7cf_group\">\nTheater: <span class=\"wpcf7-form-control-wrap Guyana\"><select name=\"Guyana\" class=\"wpcf7-form-control wpcf7-select\" aria-invalid=\"false\"><option value=\"\">-- Choose your theater --<\/option><option value=\"Amazonia Mall\">Amazonia Mall<\/option><option value=\"Giftland Mall\">Giftland Mall<\/option><\/select><\/span><\/p>\n<div data-id=\"gy-selected\" data-orig_data_id=\"gy-selected\"  data-class=\"wpcf7cf_group\">\n<\/div>\n<\/div>\n<div data-id=\"groupPTY\" data-orig_data_id=\"groupPTY\"  data-class=\"wpcf7cf_group\">\nTheater: <span class=\"wpcf7-form-control-wrap Panama\"><select name=\"Panama\" class=\"wpcf7-form-control wpcf7-select\" aria-invalid=\"false\"><option value=\"\">-- Choose your theater --<\/option><option value=\"Santiago\">Santiago<\/option><option value=\"Penonom\u00e9\">Penonom\u00e9<\/option><\/select><\/span><\/p>\n<div data-id=\"pty-selected\" data-orig_data_id=\"pty-selected\"  data-class=\"wpcf7cf_group\">\n<\/div>\n<\/div>\n<div data-id=\"groupTR\" data-orig_data_id=\"groupTR\"  data-class=\"wpcf7cf_group\">\nTheater: <span class=\"wpcf7-form-control-wrap Trinidad\"><select name=\"Trinidad\" class=\"wpcf7-form-control wpcf7-select\" aria-invalid=\"false\"><option value=\"\">-- Choose your theater --<\/option><option value=\"Trincity\">Trincity<\/option><option value=\"South Park\">South Park<\/option><\/select><\/span><\/p>\n<div data-id=\"tr-selected\" data-orig_data_id=\"tr-selected\"  data-class=\"wpcf7cf_group\">\n<\/div>\n<\/div>\n<div data-id=\"groupGT\" data-orig_data_id=\"groupGT\"  data-class=\"wpcf7cf_group\">\nTheater: <span class=\"wpcf7-form-control-wrap Guatemala\"><select name=\"Guatemala\" class=\"wpcf7-form-control wpcf7-select\" aria-invalid=\"false\"><option value=\"\">-- Choose your theater --<\/option><option value=\"Andaria\">Andaria<\/option><option value=\"Vistares\">Vistares<\/option><\/select><\/span><\/p>\n<div data-id=\"gt-selected\" data-orig_data_id=\"gt-selected\"  data-class=\"wpcf7cf_group\">\n<\/div>\n<\/div>\n<p>Reason for contact: <span class=\"wpcf7-form-control-wrap Reason\"><select name=\"Reason\" class=\"wpcf7-form-control wpcf7-select wpcf7-validates-as-required\" aria-required=\"true\" aria-invalid=\"false\"><option value=\"---\">---<\/option><option value=\"Cinema Birthday\">Cinema Birthday<\/option><option value=\"Cinem\u00e1s Club\">Cinem\u00e1s Club<\/option><option value=\"Employments\">Employments<\/option><option value=\"Events\">Events<\/option><option value=\"Food and concessions\">Food and concessions<\/option><option value=\"General question\">General question<\/option><option value=\"Groups\/Camps\">Groups\/Camps<\/option><option value=\"Marketing\/Promotions\">Marketing\/Promotions<\/option><option value=\"Situations with tickets\">Situations with tickets<\/option><option value=\"Social Media\">Social Media<\/option><option value=\"Suggestions\/Concerns\">Suggestions\/Concerns<\/option><option value=\"Website\/App\">Website\/App<\/option><option value=\"Other\">Other<\/option><\/select><\/span><\/p>\n<p>Message: <span class=\"wpcf7-form-control-wrap comments\"><textarea name=\"comments\" cols=\"40\" rows=\"10\" class=\"wpcf7-form-control wpcf7-textarea\" aria-invalid=\"false\"><\/textarea><\/span><\/p>\n<p><input type=\"submit\" value=\"Send\" class=\"wpcf7-form-control wpcf7-submit\" \/><\/p>\n<div class=\"wpcf7-response-output\" aria-hidden=\"true\"><\/div><\/form><\/div>\n","protected":false,"raw":"<h2><a href=\"https:\/\/caribbeancinemas.com\/wp-content\/uploads\/2022\/07\/hcs-01.jpg\"><img class=\"wp-image-17112 size-full aligncenter\" src=\"https:\/\/caribbeancinemas.com\/wp-content\/uploads\/2022\/07\/hcs-01.jpg\" alt=\"\" width=\"2062\" height=\"362\" \/><\/a>\r\n\u00a1Queremos escuchar de ti!<\/h2>\r\n<h3>Tu opini\u00f3n es muy importante para nosotros. D\u00e9janos saber c\u00f3mo podemos asistirte.<\/h3>\r\n[contact-form-7 id=\"17099\" title=\"Customer Service\"]"},"excerpt":{"rendered":"","protected":false,"raw":""},"author":3,"featured_media":0,"parent":0,"menu_order":0,"comment_status":"closed","ping_status":"closed","template":"","meta":{"_es_post_content":"","_es_post_name":"","_es_post_excerpt":"","_es_post_title":"","_esrd_post_content":"","_esrd_post_name":"","_esrd_post_excerpt":"","_esrd_post_title":"","_enrd_post_content":"","_enrd_post_name":"","_enrd_post_excerpt":"","_enrd_post_title":"","_fanc_post_content":"","_fanc_post_name":"","_fanc_post_excerpt":"","_fanc_post_title":"","_antigua_en_post_content":"","_antigua_en_post_name":"","_antigua_en_post_excerpt":"","_antigua_en_post_title":"","_aruba_en_post_content":"","_aruba_en_post_name":"","_aruba_en_post_excerpt":"","_aruba_en_post_title":"","_guyana_en_post_content":"","_guyana_en_post_name":"","_guyana_en_post_excerpt":"","_guyana_en_post_title":"","_stcroix_en_post_content":"","_stcroix_en_post_name":"","_stcroix_en_post_excerpt":"","_stcroix_en_post_title":"","_stkitts_en_post_content":"","_stkitts_en_post_name":"","_stkitts_en_post_excerpt":"","_stkitts_en_post_title":"","_stlucia_en_post_content":"","_stlucia_en_post_name":"","_stlucia_en_post_excerpt":"","_stlucia_en_post_title":"","_stmaarten_en_post_content":"","_stmaarten_en_post_name":"","_stmaarten_en_post_excerpt":"","_stmaarten_en_post_title":"","_stthomas_en_post_content":"","_stthomas_en_post_name":"","_stthomas_en_post_excerpt":"","_stthomas_en_post_title":"","_trinidad_en_post_content":"","_trinidad_en_post_name":"","_trinidad_en_post_excerpt":"","_trinidad_en_post_title":"","_fr_post_content":"","_fr_post_name":"","_fr_post_excerpt":"","_fr_post_title":"","_arubaes_post_content":"","_arubaes_post_name":"","_arubaes_post_excerpt":"","_arubaes_post_title":"","_bolivia_post_content":"","_bolivia_post_name":"","_bolivia_post_excerpt":"","_bolivia_post_title":"","_curacao_post_content":"","_curacao_post_name":"","_curacao_post_excerpt":"","_curacao_post_title":"","_gt_post_content":"<h2><a href=\"https:\/\/caribbeancinemas.com\/wp-content\/uploads\/2022\/07\/hcs-01.jpg\"><img class=\"wp-image-17112 size-full aligncenter\" src=\"https:\/\/caribbeancinemas.com\/wp-content\/uploads\/2022\/07\/hcs-01.jpg\" alt=\"\" width=\"2062\" height=\"362\" \/><\/a>\r\n\u00a1Queremos escuchar de ti!<\/h2>\r\n<h3>Tu opini\u00f3n es muy importante para nosotros. D\u00e9janos saber c\u00f3mo podemos asistirte.<\/h3>\r\n[contact-form-7 id=\"17099\" title=\"Customer Service\"]","_gt_post_name":"customerservice","_gt_post_excerpt":"","_gt_post_title":"","_panama_post_content":"","_panama_post_name":"","_panama_post_excerpt":"","_panama_post_title":"","_fineartsmiramar_post_content":"","_fineartsmiramar_post_name":"","_fineartsmiramar_post_excerpt":"","_fineartsmiramar_post_title":"","_fineartspopular_post_content":"","_fineartspopular_post_name":"","_fineartspopular_post_excerpt":"","_fineartspopular_post_title":"","_en_post_content":"<h2><a href=\"https:\/\/caribbeancinemas.com\/wp-content\/uploads\/2022\/07\/hcs-01.jpg\"><img class=\"wp-image-17112 size-full aligncenter\" src=\"https:\/\/caribbeancinemas.com\/wp-content\/uploads\/2022\/07\/hcs-01.jpg\" alt=\"\" width=\"2062\" height=\"362\" \/><\/a>\r\nWe want to hear from you!<\/h2>\r\n<h3>Your opinion is very important to us. Please let us know how we can assist you.<\/h3>\r\n[contact-form-7 id=\"17099\" title=\"Customer Service\"]","_en_post_name":"customerservice","_en_post_excerpt":"","_en_post_title":"Customer Service","edit_language":"gt"},"yoast_head":"<!-- This site is optimized with the Yoast SEO plugin v16.2 - https:\/\/yoast.com\/wordpress\/plugins\/seo\/ -->\n<meta name=\"robots\" content=\"index, follow, max-snippet:-1, max-image-preview:large, max-video-preview:-1\" \/>\n<link rel=\"canonical\" href=\"https:\/\/caribbeancinemas.com\/customerservice\/\" \/>\n<meta property=\"og:locale\" content=\"es_ES\" \/>\n<meta property=\"og:type\" content=\"article\" \/>\n<meta property=\"og:title\" content=\"Customer Service | Caribbean Cinemas\" \/>\n<meta property=\"og:description\" content=\"We want to hear from you! Your opinion is very important to us. Please let us know how we can assist you.\" \/>\n<meta property=\"og:url\" content=\"https:\/\/caribbeancinemas.com\/customerservice\/\" \/>\n<meta property=\"og:site_name\" content=\"Caribbean Cinemas\" \/>\n<meta property=\"article:publisher\" content=\"https:\/\/www.facebook.com\/caribbeancinemas\" \/>\n<meta property=\"article:modified_time\" content=\"2023-03-20T21:40:58+00:00\" \/>\n<meta property=\"og:image\" content=\"https:\/\/caribbeancinemas.com\/wp-content\/uploads\/2022\/07\/hcs-01.jpg\" \/>\n<meta name=\"twitter:card\" content=\"summary\" \/>\n<meta name=\"twitter:label1\" content=\"Est. reading time\">\n\t<meta name=\"twitter:data1\" content=\"1 minute\">\n<script type=\"application\/ld+json\" class=\"yoast-schema-graph\">{\"@context\":\"https:\/\/schema.org\",\"@graph\":[{\"@type\":\"WebSite\",\"@id\":\"https:\/\/caribbeancinemas.com\/#website\",\"url\":\"https:\/\/caribbeancinemas.com\/\",\"name\":\"Caribbean Cinemas\",\"description\":\"\",\"potentialAction\":[{\"@type\":\"SearchAction\",\"target\":\"https:\/\/caribbeancinemas.com\/?s={search_term_string}\",\"query-input\":\"required name=search_term_string\"}],\"inLanguage\":\"es-GT\"},{\"@type\":\"ImageObject\",\"@id\":\"https:\/\/caribbeancinemas.com\/customerservice\/#primaryimage\",\"inLanguage\":\"es-GT\",\"url\":\"https:\/\/caribbeancinemas.com\/wp-content\/uploads\/2022\/07\/hcs-01.jpg\",\"contentUrl\":\"https:\/\/caribbeancinemas.com\/wp-content\/uploads\/2022\/07\/hcs-01.jpg\",\"width\":2062,\"height\":362},{\"@type\":\"WebPage\",\"@id\":\"https:\/\/caribbeancinemas.com\/customerservice\/#webpage\",\"url\":\"https:\/\/caribbeancinemas.com\/customerservice\/\",\"name\":\"Customer Service | Caribbean Cinemas\",\"isPartOf\":{\"@id\":\"https:\/\/caribbeancinemas.com\/#website\"},\"primaryImageOfPage\":{\"@id\":\"https:\/\/caribbeancinemas.com\/customerservice\/#primaryimage\"},\"datePublished\":\"2022-07-18T16:21:14+00:00\",\"dateModified\":\"2023-03-20T21:40:58+00:00\",\"breadcrumb\":{\"@id\":\"https:\/\/caribbeancinemas.com\/customerservice\/#breadcrumb\"},\"inLanguage\":\"es-GT\",\"potentialAction\":[{\"@type\":\"ReadAction\",\"target\":[\"https:\/\/caribbeancinemas.com\/customerservice\/\"]}]},{\"@type\":\"BreadcrumbList\",\"@id\":\"https:\/\/caribbeancinemas.com\/customerservice\/#breadcrumb\",\"itemListElement\":[{\"@type\":\"ListItem\",\"position\":1,\"item\":{\"@type\":\"WebPage\",\"@id\":\"https:\/\/caribbeancinemas.com\/\",\"url\":\"https:\/\/caribbeancinemas.com\/\",\"name\":\"Home\"}},{\"@type\":\"ListItem\",\"position\":2,\"item\":{\"@id\":\"https:\/\/caribbeancinemas.com\/customerservice\/#webpage\"}}]}]}<\/script>\n<!-- \/ Yoast SEO plugin. -->","_links":{"self":[{"href":"https:\/\/caribbeancinemas.com\/gt\/wp-json\/wp\/v2\/pages\/17103"}],"collection":[{"href":"https:\/\/caribbeancinemas.com\/gt\/wp-json\/wp\/v2\/pages"}],"about":[{"href":"https:\/\/caribbeancinemas.com\/gt\/wp-json\/wp\/v2\/types\/page"}],"author":[{"embeddable":true,"href":"https:\/\/caribbeancinemas.com\/gt\/wp-json\/wp\/v2\/users\/3"}],"replies":[{"embeddable":true,"href":"https:\/\/caribbeancinemas.com\/gt\/wp-json\/wp\/v2\/comments?post=17103"}],"version-history":[{"count":9,"href":"https:\/\/caribbeancinemas.com\/gt\/wp-json\/wp\/v2\/pages\/17103\/revisions"}],"predecessor-version":[{"id":17114,"href":"https:\/\/caribbeancinemas.com\/gt\/wp-json\/wp\/v2\/pages\/17103\/revisions\/17114"}],"wp:attachment":[{"href":"https:\/\/caribbeancinemas.com\/gt\/wp-json\/wp\/v2\/media?parent=17103"}],"curies":[{"name":"wp","href":"https:\/\/api.w.org\/{rel}","templated":true}]}}